{"id":9837,"date":"2024-09-10T15:15:05","date_gmt":"2024-09-10T14:15:05","guid":{"rendered":"https:\/\/mathsguyon.fr\/?page_id=9837"},"modified":"2024-12-27T11:55:14","modified_gmt":"2024-12-27T10:55:14","slug":"question-flash-tspe","status":"publish","type":"page","link":"https:\/\/mathsguyon.fr\/?page_id=9837","title":{"rendered":"Question Flash Tsp\u00e9"},"content":{"rendered":"<h2><strong><span style=\"color: #800000;\">Les Suites<\/span><\/strong><\/h2>\n<ol>\n<li>\u00a0<a href=\"http:\/\/mathsguyon.fr\/wp-content\/uploads\/2024\/09\/flash_1.pdf\">Raisonnement par r\u00e9currence<\/a><\/li>\n<li>\u00a0<a href=\"http:\/\/mathsguyon.fr\/wp-content\/uploads\/2024\/09\/flash_2.pdf\">Suites arithm\u00e9tiques et g\u00e9om\u00e9triques<\/a><\/li>\n<li>\u00a0<a href=\"http:\/\/mathsguyon.fr\/wp-content\/uploads\/2024\/09\/flash_3.pdf\">Suite born\u00e9e, major\u00e9e (QCM Bac 2022)<\/a><\/li>\n<li><a href=\"https:\/\/coopmaths.fr\/alea\/?uuid=bac_2024_01_sujet0_6&amp;alea=OeUJ&amp;v=eleve&amp;es=0211001&amp;title=Question+Flash\">Suites, r\u00e9currence, &#8230; (Sujet 0- 2024)<\/a><\/li>\n<li><a href=\"http:\/\/mathsguyon.fr\/wp-content\/uploads\/2024\/09\/flash_5.pdf\">Limites de suites g\u00e9om\u00e9triques et associ\u00e9es (Sujet 0 : Bac 2021)<\/a><\/li>\n<li><a href=\"http:\/\/mathsguyon.fr\/wp-content\/uploads\/2024\/09\/flash_4.pdf\">Suites born\u00e9e, major\u00e9e, limite (Vrai\/Faux Polyn\u00e9sie Mars 2023)<\/a><\/li>\n<li><a href=\"http:\/\/mathsguyon.fr\/wp-content\/uploads\/2024\/09\/flash_6.pdf\">Limite de suite (op\u00e9rations avec les limites) (QCM Centre \u00e9trangers Juin 2021)<\/a><\/li>\n<li><a href=\"http:\/\/mathsguyon.fr\/wp-content\/uploads\/2024\/09\/flash_7.pdf\">Limite de suite (op\u00e9rations avec les limites) (QCM Polyn\u00e9sie Mai 2022)<\/a><\/li>\n<li><a href=\"http:\/\/mathsguyon.fr\/wp-content\/uploads\/2024\/09\/flash_11.pdf\">Suites (QCM Madagascar Octobre 2022)<\/a><\/li>\n<li><a href=\"http:\/\/mathsguyon.fr\/wp-content\/uploads\/2024\/09\/flash_11bis.pdf\">Suites (QCM Madagascar Octobre 2022)<\/a><\/li>\n<li><a href=\"http:\/\/mathsguyon.fr\/wp-content\/uploads\/2024\/09\/flash_11ter.pdf\">Suites et exponentielles (QCM Madagascar Octobre 2022)<\/a><\/li>\n<li><a href=\"http:\/\/mathsguyon.fr\/wp-content\/uploads\/2024\/09\/flash_8.pdf\">Limite de suite, convergence (QCM M\u00e9tropole Juin 2022)<\/a><\/li>\n<li><a href=\"http:\/\/mathsguyon.fr\/wp-content\/uploads\/2024\/09\/flash_9.pdf\">Limite de suite, convergence\u00a0 <\/a><a href=\"http:\/\/mathsguyon.fr\/wp-content\/uploads\/2024\/09\/flash_8.pdf\">(QCM M\u00e9tropole Juin 2022)<\/a><\/li>\n<li><a href=\"http:\/\/mathsguyon.fr\/wp-content\/uploads\/2024\/09\/flash_10.pdf\">Limite de suite, convergence\u00a0 <\/a><a href=\"http:\/\/mathsguyon.fr\/wp-content\/uploads\/2024\/09\/flash_8.pdf\">(QCM M\u00e9tropole Juin 2022)<\/a><\/li>\n<li><a href=\"http:\/\/mathsguyon.fr\/wp-content\/uploads\/2024\/09\/flash_20python.pdf\">Suites et Python (QCM M\u00e9tropole septembre 2021)<\/a><\/li>\n<li><a href=\"http:\/\/mathsguyon.fr\/wp-content\/uploads\/2024\/09\/flash_21_limites_suites.pdf\">Limites de suites (type Bac)<\/a><\/li>\n<li><a href=\"http:\/\/mathsguyon.fr\/wp-content\/uploads\/2024\/09\/flash_22_limites_suites.pdf\">Limites de suites (type Bac)<\/a><\/li>\n<li><a href=\"http:\/\/mathsguyon.fr\/wp-content\/uploads\/2024\/09\/flash_23_vrai_faux_limites.pdf\">Vrai\/Faux limites de suites (Type Bac)<\/a><\/li>\n<li><a href=\"http:\/\/mathsguyon.fr\/wp-content\/uploads\/2024\/09\/flash_24_vrai_faux_limites.pdf\">Vrai\/Faux limites de suites (Type Bac)<\/a><\/li>\n<\/ol>\n<h2><strong><span style=\"color: #800000;\">Les Fonctions (limites, convexit\u00e9, TVI, d\u00e9riv\u00e9e, &#8230;)<\/span><br \/><\/strong><\/h2>\n<ol>\n<li><a href=\"http:\/\/mathsguyon.fr\/wp-content\/uploads\/2024\/10\/flash_26_derivee_expo.pdf\">D\u00e9riv\u00e9e exponentielle &#8211; (Sujet 1- 2021)<\/a><\/li>\n<li><a href=\"http:\/\/mathsguyon.fr\/wp-content\/uploads\/2024\/10\/flash_25_limites_fonctions.pdf\">Limites de fonction (Sujet 1 &#8211; 2021)<\/a><\/li>\n<li><a href=\"http:\/\/mathsguyon.fr\/wp-content\/uploads\/2024\/10\/flash_31_asymptotes.pdf\">Asymptotes (Asie &#8211; Juin 2021)<\/a><\/li>\n<li><a href=\"http:\/\/mathsguyon.fr\/wp-content\/uploads\/2024\/10\/flash_29_expo.pdf\">Exponentielle (limites, d\u00e9riv\u00e9e) (Asie &#8211; Juin 2021)<\/a><\/li>\n<li><a href=\"http:\/\/mathsguyon.fr\/wp-content\/uploads\/2024\/10\/flash_35_signe_fprime.pdf\">Signe de <\/a><a href=\"http:\/\/mathsguyon.fr\/wp-content\/uploads\/2024\/10\/flash_35_variations_fprime.pdf\"> $f^\\prime$<\/a><a href=\"http:\/\/mathsguyon.fr\/wp-content\/uploads\/2024\/10\/flash_35_signe_fprime.pdf\"> (Centres \u00e9trangers &#8211; Juin 2021)<\/a><\/li>\n<li><a href=\"http:\/\/mathsguyon.fr\/wp-content\/uploads\/2024\/10\/flash_35_variations_fprime.pdf\">Variations de $f^\\prime$\u00a0 (Centres \u00e9trangers &#8211; Juin 2021)<\/a><\/li>\n<li><a href=\"http:\/\/mathsguyon.fr\/wp-content\/uploads\/2024\/10\/flash_34_derivee_seconde.pdf\">D\u00e9riv\u00e9e seconde (Centres \u00e9trangers &#8211; Juin 2021)<\/a><\/li>\n<li><a href=\"http:\/\/mathsguyon.fr\/wp-content\/uploads\/2024\/10\/flash_32_convexite.pdf\">Convexit\u00e9 (Asie &#8211; Juin 2021)<\/a><\/li>\n<li><a href=\"http:\/\/mathsguyon.fr\/wp-content\/uploads\/2024\/10\/flash_28_convexite.pdf\">Convexit\u00e9 (Sujet 1 &#8211; 2021)<\/a><\/li>\n<li><a href=\"http:\/\/mathsguyon.fr\/wp-content\/uploads\/2024\/10\/flash_27_TVI.pdf\">TVI (Sujet 1 &#8211; 2021)<\/a><\/li>\n<li><a href=\"http:\/\/mathsguyon.fr\/wp-content\/uploads\/2024\/11\/flash_35_variations_fprime.pdf\">Convexit\u00e9 (Bac Juin 2021 Centres \u00e9trangers )<\/a><\/li>\n<li><a href=\"http:\/\/mathsguyon.fr\/wp-content\/uploads\/2024\/11\/flash_34_derivee_seconde.pdf\">D\u00e9riv\u00e9e seconde (Juin 2021 Centres \u00e9trangers)<\/a><\/li>\n<li><a href=\"http:\/\/mathsguyon.fr\/wp-content\/uploads\/2024\/11\/flash_35_signe_fprime.pdf\">Convexit\u00e9 (centre \u00e9trangers 2021)<\/a><\/li>\n<\/ol>\n<h2><strong>G\u00e9om\u00e9trie dans l&rsquo;espace :<\/strong><\/h2>\n<ol>\n<li><a href=\"_wp_link_placeholder\" data-wplink-edit=\"true\">Vecteurs colin\u00e9aires et droites parall\u00e8les<\/a><\/li>\n<\/ol>\n\n\n<p><\/p>\n","protected":false},"excerpt":{"rendered":"<p>Les Suites \u00a0Raisonnement par r\u00e9currence \u00a0Suites arithm\u00e9tiques et g\u00e9om\u00e9triques \u00a0Suite born\u00e9e, major\u00e9e (QCM Bac 2022) Suites, r\u00e9currence, &#8230; (Sujet 0- 2024) Limites de suites g\u00e9om\u00e9triques et associ\u00e9es (Sujet 0 : Bac 2021) Suites born\u00e9e, major\u00e9e, limite (Vrai\/Faux Polyn\u00e9sie Mars 2023) &hellip; <a href=\"https:\/\/mathsguyon.fr\/?page_id=9837\">Continuer la lecture <span class=\"meta-nav\">&rarr;<\/span><\/a><\/p>\n","protected":false},"author":1,"featured_media":0,"parent":0,"menu_order":0,"comment_status":"closed","ping_status":"closed","template":"","meta":{"footnotes":""},"class_list":["post-9837","page","type-page","status-publish","hentry"],"_links":{"self":[{"href":"https:\/\/mathsguyon.fr\/index.php?rest_route=\/wp\/v2\/pages\/9837","targetHints":{"allow":["GET"]}}],"collection":[{"href":"https:\/\/mathsguyon.fr\/index.php?rest_route=\/wp\/v2\/pages"}],"about":[{"href":"https:\/\/mathsguyon.fr\/index.php?rest_route=\/wp\/v2\/types\/page"}],"author":[{"embeddable":true,"href":"https:\/\/mathsguyon.fr\/index.php?rest_route=\/wp\/v2\/users\/1"}],"replies":[{"embeddable":true,"href":"https:\/\/mathsguyon.fr\/index.php?rest_route=%2Fwp%2Fv2%2Fcomments&post=9837"}],"version-history":[{"count":32,"href":"https:\/\/mathsguyon.fr\/index.php?rest_route=\/wp\/v2\/pages\/9837\/revisions"}],"predecessor-version":[{"id":10185,"href":"https:\/\/mathsguyon.fr\/index.php?rest_route=\/wp\/v2\/pages\/9837\/revisions\/10185"}],"wp:attachment":[{"href":"https:\/\/mathsguyon.fr\/index.php?rest_route=%2Fwp%2Fv2%2Fmedia&parent=9837"}],"curies":[{"name":"wp","href":"https:\/\/api.w.org\/{rel}","templated":true}]}}