{"id":9709,"date":"2024-08-16T13:39:44","date_gmt":"2024-08-16T12:39:44","guid":{"rendered":"https:\/\/mathsguyon.fr\/?page_id=9709"},"modified":"2024-09-14T09:33:37","modified_gmt":"2024-09-14T08:33:37","slug":"1-nombres-complexes-algebre","status":"publish","type":"page","link":"https:\/\/mathsguyon.fr\/?page_id=9709","title":{"rendered":"1. Nombres complexes 1\u00e8re partie"},"content":{"rendered":"<h1 style=\"text-align: center;\"><a href=\"https:\/\/www.dropbox.com\/scl\/fi\/cv4prf5ve27y1vv162o70\/01_nombres_complexes_2024.pdf?rlkey=7l3714bruxwqryickgnr9azma&amp;dl=0\">Le cours<\/a> \u00a0 \u00a0\u00a0 <a href=\"http:\/\/mathsguyon.fr\/wp-content\/uploads\/2024\/08\/PDT_correction.pdf\">Correction du plan de travail<\/a><\/h1>\n<h1 style=\"text-align: center;\"><a href=\"https:\/\/www.canva.com\/design\/DAGPsn_jSvE\/zoz8xdrwqes_Dwy58deUtQ\/edit?utm_content=DAGPsn_jSvE&amp;utm_campaign=designshare&amp;utm_medium=link2&amp;utm_source=sharebutton\">Lien vers diaporama d&rsquo;introduction<\/a><\/h1>\n<h2>Questions Flashs du chapitre :<\/h2>\n\n\n<ul class=\"wp-block-list\">\n<li><a href=\"https:\/\/www.dropbox.com\/scl\/fi\/40n56t86ydvsl2sqrfu71\/flash_1.pdf?rlkey=4jga99th9ayskhphjnpq3u04h&amp;dl=0\">Application du bin\u00f4me de Newton dans $\\mathbb{C}$<\/a><\/li>\n\n\n\n<li><a href=\"https:\/\/www.dropbox.com\/scl\/fi\/xa32eyjs3f7nf11mrhif7\/flash_2.pdf?rlkey=l7yte8gzmr5xwkyrtybbayml8&amp;dl=0\">R\u00e9soudre une \u00e9quations \u00e0 coefficients imaginaires dans $\\mathbb{C}$<\/a><\/li>\n<\/ul>\n\n\n\n<p><code><div class=\"h5p-iframe-wrapper\"><iframe id=\"h5p-iframe-3\" class=\"h5p-iframe\" data-content-id=\"3\" style=\"height:1px\" src=\"about:blank\" frameBorder=\"0\" scrolling=\"no\" title=\"complexes\"><\/iframe><\/div><\/code><\/p>\n","protected":false},"excerpt":{"rendered":"<p>Le cours \u00a0 \u00a0\u00a0 Correction du plan de travail Lien vers diaporama d&rsquo;introduction Questions Flashs du chapitre :<\/p>\n","protected":false},"author":1,"featured_media":0,"parent":0,"menu_order":0,"comment_status":"closed","ping_status":"closed","template":"","meta":{"footnotes":""},"class_list":["post-9709","page","type-page","status-publish","hentry"],"_links":{"self":[{"href":"https:\/\/mathsguyon.fr\/index.php?rest_route=\/wp\/v2\/pages\/9709","targetHints":{"allow":["GET"]}}],"collection":[{"href":"https:\/\/mathsguyon.fr\/index.php?rest_route=\/wp\/v2\/pages"}],"about":[{"href":"https:\/\/mathsguyon.fr\/index.php?rest_route=\/wp\/v2\/types\/page"}],"author":[{"embeddable":true,"href":"https:\/\/mathsguyon.fr\/index.php?rest_route=\/wp\/v2\/users\/1"}],"replies":[{"embeddable":true,"href":"https:\/\/mathsguyon.fr\/index.php?rest_route=%2Fwp%2Fv2%2Fcomments&post=9709"}],"version-history":[{"count":23,"href":"https:\/\/mathsguyon.fr\/index.php?rest_route=\/wp\/v2\/pages\/9709\/revisions"}],"predecessor-version":[{"id":9910,"href":"https:\/\/mathsguyon.fr\/index.php?rest_route=\/wp\/v2\/pages\/9709\/revisions\/9910"}],"wp:attachment":[{"href":"https:\/\/mathsguyon.fr\/index.php?rest_route=%2Fwp%2Fv2%2Fmedia&parent=9709"}],"curies":[{"name":"wp","href":"https:\/\/api.w.org\/{rel}","templated":true}]}}