{"id":9584,"date":"2024-05-12T16:57:35","date_gmt":"2024-05-12T15:57:35","guid":{"rendered":"http:\/\/mathsguyon.fr\/?page_id=9584"},"modified":"2024-05-28T06:47:53","modified_gmt":"2024-05-28T05:47:53","slug":"equations-cartesiennes-de-droites-et-systemes","status":"publish","type":"page","link":"https:\/\/mathsguyon.fr\/?page_id=9584","title":{"rendered":"\u00c9quations cart\u00e9siennes de droites et syst\u00e8mes"},"content":{"rendered":"\n<h1 class=\"wp-block-heading\"><a href=\"https:\/\/mathsguyon.fr\/test\/index.php?l=fr&amp;n=2e&amp;c=equations%20droites\"><\/a><\/h1>\n\n\n<h1 style=\"text-align: center;\"><a href=\"http:\/\/mathsguyon.fr\/wp-content\/uploads\/2024\/05\/Cours_equations_cartesiennes_2024.pdf\">Cours pdf<\/a><\/h1>\n<h2 style=\"text-align: left;\"><span style=\"color: #993300;\">1. \u00c9quation Cart\u00e9sienne d&rsquo;une droite <\/span><\/h2>\n<h2 style=\"text-align: center;\"><a href=\"https:\/\/youtube.com\/embed\/fLZdPSGfypM\"><span style=\"color: #993300;\"><span style=\"color: #000000;\">Vid\u00e9o 1<\/span><\/span><\/a><span style=\"color: #000000;\">\u00a0\u00a0(D\u00e9monstration fondamentale)<\/span><\/h2>\n<h2 style=\"text-align: center;\"><a href=\"https:\/\/link.dgpad.net\/BqsP\">QCM n\u00b01\u00a0<\/a> \u00a0\u00a0\u00a0\u00a0<\/h2>\n<h2 style=\"text-align: left;\"><span style=\"color: #993300;\">2. D\u00e9terminer une \u00e9quation cart\u00e9sienne de droite \u00e0 partir d&rsquo;un point et d&rsquo;un vecteur directeur<\/span><\/h2>\n<h2 style=\"text-align: center;\"><a href=\"_wp_link_placeholder\" data-wplink-edit=\"true\">Podcast \u00e0 \u00e9couter avec le cours<\/a><\/h2>\n<h2><span style=\"color: #993300;\">3. D\u00e9terminer une \u00e9quation cart\u00e9sienne de droite \u00e0 partir d&rsquo;un point et d&rsquo;un vecteur directeur<\/span><\/h2>\n<h2><span style=\"color: #993300;\">4. Tracer une droite \u00e0 partir de son \u00e9quation cart\u00e9sienne<\/span><\/h2>\n<h2 style=\"text-align: center;\"><a href=\"https:\/\/youtube.com\/embed\/ENccPCgEko4\">Vid\u00e9o de cours<\/a><\/h2>\n<h2 style=\"text-align: center;\"><a href=\"https:\/\/link.dgpad.net\/jixy\">QCM n\u00b02<\/a><\/h2>\n\n\n<p><\/p>\n","protected":false},"excerpt":{"rendered":"<p>Cours pdf 1. \u00c9quation Cart\u00e9sienne d&rsquo;une droite Vid\u00e9o 1\u00a0\u00a0(D\u00e9monstration fondamentale) QCM n\u00b01\u00a0 \u00a0\u00a0\u00a0\u00a0 2. D\u00e9terminer une \u00e9quation cart\u00e9sienne de droite \u00e0 partir d&rsquo;un point et d&rsquo;un vecteur directeur Podcast \u00e0 \u00e9couter avec le cours 3. D\u00e9terminer une \u00e9quation cart\u00e9sienne de &hellip; <a href=\"https:\/\/mathsguyon.fr\/?page_id=9584\">Continuer la lecture <span class=\"meta-nav\">&rarr;<\/span><\/a><\/p>\n","protected":false},"author":1,"featured_media":0,"parent":0,"menu_order":0,"comment_status":"closed","ping_status":"closed","template":"","meta":{"footnotes":""},"class_list":["post-9584","page","type-page","status-publish","hentry"],"_links":{"self":[{"href":"https:\/\/mathsguyon.fr\/index.php?rest_route=\/wp\/v2\/pages\/9584","targetHints":{"allow":["GET"]}}],"collection":[{"href":"https:\/\/mathsguyon.fr\/index.php?rest_route=\/wp\/v2\/pages"}],"about":[{"href":"https:\/\/mathsguyon.fr\/index.php?rest_route=\/wp\/v2\/types\/page"}],"author":[{"embeddable":true,"href":"https:\/\/mathsguyon.fr\/index.php?rest_route=\/wp\/v2\/users\/1"}],"replies":[{"embeddable":true,"href":"https:\/\/mathsguyon.fr\/index.php?rest_route=%2Fwp%2Fv2%2Fcomments&post=9584"}],"version-history":[{"count":21,"href":"https:\/\/mathsguyon.fr\/index.php?rest_route=\/wp\/v2\/pages\/9584\/revisions"}],"predecessor-version":[{"id":9630,"href":"https:\/\/mathsguyon.fr\/index.php?rest_route=\/wp\/v2\/pages\/9584\/revisions\/9630"}],"wp:attachment":[{"href":"https:\/\/mathsguyon.fr\/index.php?rest_route=%2Fwp%2Fv2%2Fmedia&parent=9584"}],"curies":[{"name":"wp","href":"https:\/\/api.w.org\/{rel}","templated":true}]}}