{"id":9570,"date":"2024-05-12T15:39:42","date_gmt":"2024-05-12T14:39:42","guid":{"rendered":"http:\/\/mathsguyon.fr\/?page_id=9570"},"modified":"2024-05-12T15:39:42","modified_gmt":"2024-05-12T14:39:42","slug":"geometrie-reperee","status":"publish","type":"page","link":"https:\/\/mathsguyon.fr\/?page_id=9570","title":{"rendered":"G\u00e9om\u00e9trie rep\u00e9r\u00e9e"},"content":{"rendered":"<h1>Les vid\u00e9os de cours :<\/h1>\n<hr \/>\n<h2>Vid\u00e9o 1 : \u00c9quation cart\u00e9sienne de cercle<\/h2>\n<h2>QCM de validation : Identifi\u00e9 &#8212; Anonyme<\/h2>\n<hr \/>\n<h2>Vid\u00e9o 2 : Vecteur normal d&rsquo;une droite<\/h2>\n<h2>QCM de validation : <a href=\"https:\/\/link.dgpad.net\/iR3t\">Identifi\u00e9<\/a> &#8212; <a href=\"https:\/\/link.dgpad.net\/UoPW\">Anonyme<\/a><\/h2>\n","protected":false},"excerpt":{"rendered":"<p>Les vid\u00e9os de cours : Vid\u00e9o 1 : \u00c9quation cart\u00e9sienne de cercle QCM de validation : Identifi\u00e9 &#8212; Anonyme Vid\u00e9o 2 : Vecteur normal d&rsquo;une droite QCM de validation : Identifi\u00e9 &#8212; Anonyme<\/p>\n","protected":false},"author":1,"featured_media":0,"parent":0,"menu_order":0,"comment_status":"closed","ping_status":"closed","template":"","meta":{"footnotes":""},"class_list":["post-9570","page","type-page","status-publish","hentry"],"_links":{"self":[{"href":"https:\/\/mathsguyon.fr\/index.php?rest_route=\/wp\/v2\/pages\/9570","targetHints":{"allow":["GET"]}}],"collection":[{"href":"https:\/\/mathsguyon.fr\/index.php?rest_route=\/wp\/v2\/pages"}],"about":[{"href":"https:\/\/mathsguyon.fr\/index.php?rest_route=\/wp\/v2\/types\/page"}],"author":[{"embeddable":true,"href":"https:\/\/mathsguyon.fr\/index.php?rest_route=\/wp\/v2\/users\/1"}],"replies":[{"embeddable":true,"href":"https:\/\/mathsguyon.fr\/index.php?rest_route=%2Fwp%2Fv2%2Fcomments&post=9570"}],"version-history":[{"count":1,"href":"https:\/\/mathsguyon.fr\/index.php?rest_route=\/wp\/v2\/pages\/9570\/revisions"}],"predecessor-version":[{"id":9571,"href":"https:\/\/mathsguyon.fr\/index.php?rest_route=\/wp\/v2\/pages\/9570\/revisions\/9571"}],"wp:attachment":[{"href":"https:\/\/mathsguyon.fr\/index.php?rest_route=%2Fwp%2Fv2%2Fmedia&parent=9570"}],"curies":[{"name":"wp","href":"https:\/\/api.w.org\/{rel}","templated":true}]}}