{"id":9539,"date":"2024-05-11T09:26:19","date_gmt":"2024-05-11T08:26:19","guid":{"rendered":"http:\/\/mathsguyon.fr\/?page_id=9539"},"modified":"2024-05-11T09:45:10","modified_gmt":"2024-05-11T08:45:10","slug":"etudes-de-signes","status":"publish","type":"page","link":"https:\/\/mathsguyon.fr\/?page_id=9539","title":{"rendered":"Etudes de signes"},"content":{"rendered":"\n<h1 class=\"wp-block-heading\">&nbsp;&nbsp; &nbsp;<\/h1>\n\n\n<h1 style=\"text-align: center;\"><a href=\"http:\/\/mathsguyon.fr\/wp-content\/uploads\/2024\/05\/Cours_etudes_de_signes_2024.pdf\">Cours<\/a> \u00a0\u00a0 \u00a0\u00a0 <a href=\"http:\/\/mathsguyon.fr\/wp-content\/uploads\/2024\/05\/PDT_etude_de_signes_2024_enonce.pdf\">Plan de Travail <\/a><\/h1>\n\n\n<h1 class=\"wp-block-heading has-text-align-center\">Le cours en vid\u00e9o<\/h1>\n\n\n\n<h2 class=\"wp-block-heading\">1. Fonctions affines : signe d&rsquo;une fonction affine<\/h2>\n\n\n\n<h2 class=\"wp-block-heading has-text-align-center\"><a href=\"https:\/\/youtube.com\/embed\/vRI03ajXRac\">Vid\u00e9o 1 <\/a> &nbsp;&nbsp; &#8211;&nbsp;<a href=\"https:\/\/youtube.com\/embed\/lb_ISW5RU8A\">Vid\u00e9o 2<\/a><\/h2>\n\n\n\n<h2 class=\"wp-block-heading has-text-align-center\">&nbsp; QCM 1 : <a href=\"https:\/\/doctools.dgpad.net\/connect.php?datas=eyJiYXNlaWQiOiIxMEllUkF1c2ZQSmdSejcxd0tiMThGeGJJRVA0aWVkVTRXck4xZDVYS3pIRSIsImRlX2Jhc2UiOiIxWF9MaGlYSDZadW43dHJTQVZZdjYxbUkzU194X1o5RXFEM1BSZkVjN19wQSIsImlkIjoiMUNfTTZZc0xNOVlMakhGeUVKaElnc05TYkh5dzJCZXlDNmlCVW9UTFdGN2siLCJ1c2VycyI6IkFub255bWUifQ==\">Identifi\u00e9&nbsp;<\/a> &#8211; <a href=\"https:\/\/doctools.dgpad.net\/exam.php?datas=eyJiYXNlaWQiOiIxMEllUkF1c2ZQSmdSejcxd0tiMThGeGJJRVA0aWVkVTRXck4xZDVYS3pIRSIsImRlX2Jhc2UiOiIxWF9MaGlYSDZadW43dHJTQVZZdjYxbUkzU194X1o5RXFEM1BSZkVjN19wQSIsImlkIjoiMXFIeGZJQXA4M3RhYnNKLVRGYmpOTWJHTFdBQ1FMOEQyOVhJc3k0eGw0d0UiLCJ1c2VycyI6IkFub255bWUifQ==\">Anonyme<\/a><\/h2>\n\n\n\n<p><strong>Exercice&nbsp; 1 :&nbsp; <a href=\"https:\/\/youtube.com\/embed\/UNpegQsgbWs\">Correction en vid\u00e9o<\/a><\/strong><\/p>\n\n\n\n<p>D\u00e9terminer le signe de la fonction $g$ d\u00e9finie sur&nbsp; $\\mathbb{R}$ par $g( x )=4-3x$<\/p>\n\n\n\n<p><strong>Exercice&nbsp; 2 : <a href=\"https:\/\/youtube.com\/embed\/kg0vnYWtf-4\">Correction en vid\u00e9o<\/a><\/strong><\/p>\n\n\n\n<p>D\u00e9terminer le signe de la fonction $v$ d\u00e9finie sur&nbsp; $\\mathbb{R}$ par $v( x )=(1- \\sqrt2) x + \\sqrt3$<\/p>\n\n\n\n<p><strong>Exercice 3 :&nbsp;&nbsp; <\/strong><a href=\"http:\/\/mathsguyon.fr\/?page_id=7679\"><strong>Correction \u00e9crite<\/strong><\/a><\/p>\n\n\n\n<p>D\u00e9terminer le signe de la fonction $f$ d\u00e9finie sur $\\mathbb{R}$ par $f(x) = &#8211; 2 x + 5$<\/p>\n\n\n\n<hr class=\"wp-block-separator has-alpha-channel-opacity\"\/>\n\n\n\n<h2 class=\"wp-block-heading\">2. R\u00e9soudre une in\u00e9quation avec un tableau de signes<\/h2>\n\n\n\n<h2 class=\"wp-block-heading has-text-align-center\">R\u00e9soudre dans \\(\\mathbb{R}\\) : \\((4x+1)(3-x)\\geq 0\\) :&nbsp; <a href=\"https:\/\/youtube.com\/embed\/wBKzwRjLIek\">Vid\u00e9o 3<\/a> <\/h2>\n\n\n\n<p><strong>Exercice 4 :&nbsp;<\/strong><\/p>\n\n\n\n<p>R\u00e9soudre dans $\\mathbb{R}$ : $( 5 x-1)(-2 x+1)&gt; 0$ <a href=\"https:\/\/www.dropbox.com\/s\/174xnk1wr66ajjm\/exo13_corr.pdf?dl=0\">Correction \u00e9crite<\/a><\/p>\n\n\n\n<hr class=\"wp-block-separator has-alpha-channel-opacity\"\/>\n\n\n\n<h2 class=\"wp-block-heading\">3. \u00c9tude du signe d&rsquo;une expression avec un tableau de signe<\/h2>\n\n\n\n<h2 class=\"wp-block-heading has-text-align-center\">\u00c9tudier le signe de l&rsquo;expression $(5x+6)(x-8)$ : <a href=\"https:\/\/youtube.com\/embed\/Yl2rz6wvk1M?rel=0\">Vid\u00e9o 4<\/a><\/h2>\n\n\n\n<p><strong>Exercice 5 : <a href=\"http:\/\/mathsguyon.fr\/?page_id=7715\">Correction \u00e9crite<\/a><\/strong><\/p>\n\n\n\n<p>R\u00e9soudre dans $\\mathbb{R}$ les in\u00e9quations suivantes :  $(3x-2)^2-(x+1)^2\\geq 0$<\/p>\n\n\n\n<hr class=\"wp-block-separator has-alpha-channel-opacity\"\/>\n\n\n\n<h1 class=\"wp-block-heading\"><strong><a href=\"https:\/\/mathsguyon.fr\/test\/index.php?l=fr&amp;n=2e&amp;c=exercices#IX\">Exercices corrig\u00e9s en vid\u00e9os pour r\u00e9viser<\/a><\/strong><\/h1>\n","protected":false},"excerpt":{"rendered":"<p>&nbsp;&nbsp; &nbsp; Cours \u00a0\u00a0 \u00a0\u00a0 Plan de Travail Le cours en vid\u00e9o 1. Fonctions affines : signe d&rsquo;une fonction affine Vid\u00e9o 1 &nbsp;&nbsp; &#8211;&nbsp;Vid\u00e9o 2 &nbsp; QCM 1 : Identifi\u00e9&nbsp; &#8211; Anonyme Exercice&nbsp; 1 :&nbsp; Correction en vid\u00e9o D\u00e9terminer le &hellip; <a href=\"https:\/\/mathsguyon.fr\/?page_id=9539\">Continuer la lecture <span class=\"meta-nav\">&rarr;<\/span><\/a><\/p>\n","protected":false},"author":1,"featured_media":0,"parent":0,"menu_order":0,"comment_status":"closed","ping_status":"closed","template":"","meta":{"footnotes":""},"class_list":["post-9539","page","type-page","status-publish","hentry"],"_links":{"self":[{"href":"https:\/\/mathsguyon.fr\/index.php?rest_route=\/wp\/v2\/pages\/9539","targetHints":{"allow":["GET"]}}],"collection":[{"href":"https:\/\/mathsguyon.fr\/index.php?rest_route=\/wp\/v2\/pages"}],"about":[{"href":"https:\/\/mathsguyon.fr\/index.php?rest_route=\/wp\/v2\/types\/page"}],"author":[{"embeddable":true,"href":"https:\/\/mathsguyon.fr\/index.php?rest_route=\/wp\/v2\/users\/1"}],"replies":[{"embeddable":true,"href":"https:\/\/mathsguyon.fr\/index.php?rest_route=%2Fwp%2Fv2%2Fcomments&post=9539"}],"version-history":[{"count":8,"href":"https:\/\/mathsguyon.fr\/index.php?rest_route=\/wp\/v2\/pages\/9539\/revisions"}],"predecessor-version":[{"id":9554,"href":"https:\/\/mathsguyon.fr\/index.php?rest_route=\/wp\/v2\/pages\/9539\/revisions\/9554"}],"wp:attachment":[{"href":"https:\/\/mathsguyon.fr\/index.php?rest_route=%2Fwp%2Fv2%2Fmedia&parent=9539"}],"curies":[{"name":"wp","href":"https:\/\/api.w.org\/{rel}","templated":true}]}}