{"id":9321,"date":"2023-09-17T14:05:16","date_gmt":"2023-09-17T13:05:16","guid":{"rendered":"http:\/\/mathsguyon.fr\/?page_id=9321"},"modified":"2025-03-10T10:38:43","modified_gmt":"2025-03-10T09:38:43","slug":"inequations-du-second-degre","status":"publish","type":"page","link":"https:\/\/mathsguyon.fr\/?page_id=9321","title":{"rendered":"In\u00e9quations du second degr\u00e9"},"content":{"rendered":"<h1 style=\"text-align: center;\"><a href=\"https:\/\/www.dropbox.com\/s\/vibe090iw8bkppk\/cours_inequations2024.pdf?dl=0\">Cours en pdf<\/a>\u00a0\u00a0\u00a0\u00a0\u00a0\u00a0\u00a0\u00a0\u00a0\u00a0\u00a0 <a href=\"http:\/\/mathsguyon.fr\/wp-content\/uploads\/2023\/11\/PDT_Inequations.pdf\">Plan de travail<\/a><\/h1>\n<h2><a href=\"https:\/\/youtube.com\/embed\/dLflv4LlEHI\">Vid\u00e9o 1<\/a> : Factorisation &#8211; <a href=\"https:\/\/doctools.dgpad.net\/connect.php?datas=eyJiYXNlaWQiOiIxZ21lcmE3bGJTZm0xOVMtTm9QNmRfWk5JS2hXY0o3dWhydjNlX1BaWDViUSIsImRlX2Jhc2UiOiIxTVVxT25iRDhFUzdOanRhWnhtN3g1NDdUNElpemJrcmxKdHpCTkRaN25xYyIsImlkIjoiMWJHVVNMdEQ1ZnhuNm82OWtOTnZjdnVNRlVZd2pwOTlXc3Rlc2g3RjZmRE0iLCJ1c2VycyI6IkFub255bWUifQ==\">QCM n\u00b01<\/a><\/h2>\n<h2><a href=\"https:\/\/youtube.com\/embed\/XOQIuONUIGU\">Vid\u00e9o 2 :<\/a> Factoriser \\(4x^{2}-3x-1\\)<\/h2>\n<h2><a href=\"https:\/\/youtube.com\/embed\/NWM5Cq4D5Yc\">Vid\u00e9o 3 :<\/a> Factoriser \\(\\frac{1}{2}x^{2}-4x+8\\)<\/h2>\n<h2><a href=\"https:\/\/youtube.com\/embed\/u0QA4beGOzc\">Vid\u00e9o 4<\/a> : Signe d&rsquo;un trin\u00f4me du second degr\u00e9<\/h2>\n<h2><a href=\"https:\/\/youtube.com\/embed\/QwXt017qFvg\">Vid\u00e9o 5<\/a> : R\u00e9soudre l&rsquo;in\u00e9quation \\(-\\frac{x^2}{4}-x+3\\leq 0\\)<\/h2>\n","protected":false},"excerpt":{"rendered":"<p>Cours en pdf\u00a0\u00a0\u00a0\u00a0\u00a0\u00a0\u00a0\u00a0\u00a0\u00a0\u00a0 Plan de travail Vid\u00e9o 1 : Factorisation &#8211; QCM n\u00b01 Vid\u00e9o 2 : Factoriser \\(4x^{2}-3x-1\\) Vid\u00e9o 3 : Factoriser \\(\\frac{1}{2}x^{2}-4x+8\\) Vid\u00e9o 4 : Signe d&rsquo;un trin\u00f4me du second degr\u00e9 Vid\u00e9o 5 : R\u00e9soudre l&rsquo;in\u00e9quation \\(-\\frac{x^2}{4}-x+3\\leq 0\\)<\/p>\n","protected":false},"author":1,"featured_media":0,"parent":0,"menu_order":0,"comment_status":"closed","ping_status":"closed","template":"","meta":{"footnotes":""},"class_list":["post-9321","page","type-page","status-publish","hentry"],"_links":{"self":[{"href":"https:\/\/mathsguyon.fr\/index.php?rest_route=\/wp\/v2\/pages\/9321","targetHints":{"allow":["GET"]}}],"collection":[{"href":"https:\/\/mathsguyon.fr\/index.php?rest_route=\/wp\/v2\/pages"}],"about":[{"href":"https:\/\/mathsguyon.fr\/index.php?rest_route=\/wp\/v2\/types\/page"}],"author":[{"embeddable":true,"href":"https:\/\/mathsguyon.fr\/index.php?rest_route=\/wp\/v2\/users\/1"}],"replies":[{"embeddable":true,"href":"https:\/\/mathsguyon.fr\/index.php?rest_route=%2Fwp%2Fv2%2Fcomments&post=9321"}],"version-history":[{"count":5,"href":"https:\/\/mathsguyon.fr\/index.php?rest_route=\/wp\/v2\/pages\/9321\/revisions"}],"predecessor-version":[{"id":10269,"href":"https:\/\/mathsguyon.fr\/index.php?rest_route=\/wp\/v2\/pages\/9321\/revisions\/10269"}],"wp:attachment":[{"href":"https:\/\/mathsguyon.fr\/index.php?rest_route=%2Fwp%2Fv2%2Fmedia&parent=9321"}],"curies":[{"name":"wp","href":"https:\/\/api.w.org\/{rel}","templated":true}]}}