{"id":9066,"date":"2023-03-28T19:20:48","date_gmt":"2023-03-28T18:20:48","guid":{"rendered":"http:\/\/mathsguyon.fr\/?page_id=9066"},"modified":"2024-05-12T15:30:14","modified_gmt":"2024-05-12T14:30:14","slug":"vecteurs-avec-des-coordonnees","status":"publish","type":"page","link":"https:\/\/mathsguyon.fr\/?page_id=9066","title":{"rendered":"19. Vecteurs avec des coordonn\u00e9es"},"content":{"rendered":"<h1 style=\"text-align: center;\"><a href=\"http:\/\/mathsguyon.fr\/wp-content\/uploads\/2024\/05\/Cours_vecteurs_coordonnees_2024.pdf\">Cours<\/a>\u00a0\u00a0 \u00a0 <a href=\"http:\/\/mathsguyon.fr\/wp-content\/uploads\/2024\/05\/PDT_vecteurs_coordonnees_2024_enonce.pdf\">Plan de Travail<\/a><\/h1>\n<h2><a href=\"https:\/\/youtube.com\/embed\/JHfoV9hr6gE\">Vid\u00e9o 1 :<\/a> Calculer les coordonn\u00e9es d\u2019un vecteur<\/h2>\n<h2>QCM n\u00b01 : <a href=\"https:\/\/link.dgpad.net\/hpk3\">Identifi\u00e9\u00a0<\/a> &#8211;\u00a0 <a href=\"https:\/\/link.dgpad.net\/UcvZ\">Anonyme<\/a><\/h2>\n<hr \/>\n<h2><a href=\"https:\/\/youtube.com\/embed\/O_pL2k3O-UM\">Vid\u00e9o 2 :<\/a> Calculer les coordonn\u00e9es de la somme de deux vecteurs<\/h2>\n<h2>QCM n\u00b02 : <a href=\"https:\/\/link.dgpad.net\/Fm8K\">Identifi\u00e9\u00a0<\/a> &#8211;\u00a0 <a href=\"https:\/\/link.dgpad.net\/gD9A\">Anonyme<\/a><\/h2>\n<hr \/>\n<h2><a href=\"https:\/\/youtube.com\/embed\/BQvzV4kNZ64\">Vid\u00e9o 3 :<\/a> Application : Coordonn\u00e9es et \u00e9galit\u00e9 vectorielle<\/h2>\n<h2><a href=\"https:\/\/youtube.com\/embed\/5qbSQk8ckwc\">Vid\u00e9o 4 :<\/a> Calculer les coordonn\u00e9es de\u00a0 $k \\times \\vec u$<\/h2>\n<h2><a href=\"https:\/\/youtube.com\/embed\/N9YbdVYV6DY\">Vid\u00e9o 5 <\/a>: Application : Coordonn\u00e9es et somme vectorielle<\/h2>\n<h2><strong>Exercice 5 du plan de Travail corrig\u00e9 en vid\u00e9o :<\/strong><\/h2>\n<p>$\\text{On donne }A(-3; 3) ; B(-1; -1) ; C (2 ; -4).$<\/p>\n<p>$\\text{Calculer les coordonn\u00e9es du point M v\u00e9rifiant }\\overrightarrow{AM}=3\\overrightarrow{AB}+2\\overrightarrow{AC}$\u00a0 &#8211; <a href=\"https:\/\/youtube.com\/embed\/HlDZNG89zgo\">Correction<\/a><\/p>\n<p>$\\text{Calculer les coordonn\u00e9es du point N v\u00e9rifiant }\\overrightarrow{NB}=2\\overrightarrow{AC}-3\\overrightarrow{BC}$\u00a0 &#8211; <a href=\"https:\/\/youtube.com\/embed\/f1YUnJartYg\">Correction<\/a><\/p>\n<h2><a href=\"https:\/\/youtube.com\/embed\/vKMjR9lMi3I\">Vid\u00e9o <\/a>6 : Colin\u00e9arit\u00e9 de deux vecteurs<\/h2>\n<h2>QCM n\u00b03 : <a href=\"https:\/\/link.dgpad.net\/gD9A\">Identifi\u00e9\u00a0\u00a0<\/a> &#8211; <a href=\"https:\/\/link.dgpad.net\/f4GD\">Anonyme<\/a><\/h2>\n<hr \/>\n<h2><a href=\"https:\/\/youtube.com\/embed\/EdZGIeZZWGo\">Vid\u00e9o 7<\/a> : Th\u00e9or\u00e8me de la colin\u00e9arit\u00e9 de deux vecteurs<\/h2>\n<h2>QCM n\u00b04 : Identifi\u00e9\u00a0 &#8211; Anonyme<\/h2>\n<hr \/>\n<h2 align=\"JUSTIFY\"><a href=\"https:\/\/youtube.com\/embed\/fBWuNJcQinY\">Vid\u00e9o 8 :<\/a>\u00a0 Caract\u00e9riser l&rsquo;alignement\u00a0 par la colin\u00e9arit\u00e9 de vecteurs<\/h2>\n<h2 align=\"JUSTIFY\"><a href=\"https:\/\/youtube.com\/embed\/HKCvw-BV-ik\">Vid\u00e9o 9 :<\/a> Caract\u00e9riser le parall\u00e9lisme par la colin\u00e9arit\u00e9 de vecteurs<\/h2>\n<h2><a href=\"https:\/\/youtube.com\/embed\/KNTgDPw4K7I\">Vid\u00e9o 10 :<\/a> D\u00e9terminant de deux vecteurs<\/h2>\n","protected":false},"excerpt":{"rendered":"<p>Cours\u00a0\u00a0 \u00a0 Plan de Travail Vid\u00e9o 1 : Calculer les coordonn\u00e9es d\u2019un vecteur QCM n\u00b01 : Identifi\u00e9\u00a0 &#8211;\u00a0 Anonyme Vid\u00e9o 2 : Calculer les coordonn\u00e9es de la somme de deux vecteurs QCM n\u00b02 : Identifi\u00e9\u00a0 &#8211;\u00a0 Anonyme Vid\u00e9o 3 : &hellip; <a href=\"https:\/\/mathsguyon.fr\/?page_id=9066\">Continuer la lecture <span class=\"meta-nav\">&rarr;<\/span><\/a><\/p>\n","protected":false},"author":1,"featured_media":0,"parent":0,"menu_order":0,"comment_status":"closed","ping_status":"closed","template":"","meta":{"footnotes":""},"class_list":["post-9066","page","type-page","status-publish","hentry"],"_links":{"self":[{"href":"https:\/\/mathsguyon.fr\/index.php?rest_route=\/wp\/v2\/pages\/9066","targetHints":{"allow":["GET"]}}],"collection":[{"href":"https:\/\/mathsguyon.fr\/index.php?rest_route=\/wp\/v2\/pages"}],"about":[{"href":"https:\/\/mathsguyon.fr\/index.php?rest_route=\/wp\/v2\/types\/page"}],"author":[{"embeddable":true,"href":"https:\/\/mathsguyon.fr\/index.php?rest_route=\/wp\/v2\/users\/1"}],"replies":[{"embeddable":true,"href":"https:\/\/mathsguyon.fr\/index.php?rest_route=%2Fwp%2Fv2%2Fcomments&post=9066"}],"version-history":[{"count":4,"href":"https:\/\/mathsguyon.fr\/index.php?rest_route=\/wp\/v2\/pages\/9066\/revisions"}],"predecessor-version":[{"id":9563,"href":"https:\/\/mathsguyon.fr\/index.php?rest_route=\/wp\/v2\/pages\/9066\/revisions\/9563"}],"wp:attachment":[{"href":"https:\/\/mathsguyon.fr\/index.php?rest_route=%2Fwp%2Fv2%2Fmedia&parent=9066"}],"curies":[{"name":"wp","href":"https:\/\/api.w.org\/{rel}","templated":true}]}}