{"id":8886,"date":"2022-12-07T10:25:08","date_gmt":"2022-12-07T09:25:08","guid":{"rendered":"http:\/\/mathsguyon.fr\/?page_id=8886"},"modified":"2022-12-10T10:34:46","modified_gmt":"2022-12-10T09:34:46","slug":"inequations","status":"publish","type":"page","link":"https:\/\/mathsguyon.fr\/?page_id=8886","title":{"rendered":"In\u00e9quations"},"content":{"rendered":"<h1 style=\"text-align: center;\"><a href=\"http:\/\/mathsguyon.fr\/wp-content\/uploads\/2022\/12\/Cours_inequations_2022.pdf\">Cours complet en pdf\u00a0<\/a>\u00a0\u00a0\u00a0\u00a0\u00a0\u00a0\u00a0\u00a0\u00a0\u00a0\u00a0\u00a0\u00a0<a href=\"http:\/\/mathsguyon.fr\/wp-content\/uploads\/2022\/12\/PDT2022_inequations.pdf\">Plan de travail<\/a><\/h1>\n<h1 style=\"text-align: center;\"><strong><span style=\"color: #800000;\">Vid\u00e9os de cours :<\/span><br \/>\n<\/strong><\/h1>\n<h2><a href=\"https:\/\/youtube.com\/embed\/NuzPyy-Mnio?rel=0\" target=\"_blank\" rel=\"noopener noreferrer\">Vid\u00e9o 1 :<\/a> Tester une solution d\u2019une in\u00e9quation<\/h2>\n<h2>QCM de validation : <a href=\"https:\/\/link.dgpad.net\/FX9t\">Identifi\u00e9\u00a0<\/a> &#8211; <a href=\"https:\/\/link.dgpad.net\/A9kX\">Anonyme<\/a><\/h2>\n<hr \/>\n<h2><a href=\"https:\/\/youtube.com\/embed\/Q7xcXwFTGWU\">Vid\u00e9o 2<\/a> : R\u00e9soudre une in\u00e9quation (premi\u00e8re propri\u00e9t\u00e9)<\/h2>\n<h2>QCM de validation : <a href=\"https:\/\/link.dgpad.net\/2DmQ\">Identifi\u00e9<\/a>\u00a0 &#8211; <a href=\"https:\/\/link.dgpad.net\/Ca55\">Anonyme<\/a><\/h2>\n<hr \/>\n<h2><a href=\"https:\/\/youtube.com\/embed\/Ov-MmGmQSwQ\">Vid\u00e9o 3<\/a> : R\u00e9soudre une in\u00e9quation (Deuxi\u00e8me propri\u00e9t\u00e9)<\/h2>\n<h2>QCM de validation : <a href=\"https:\/\/link.dgpad.net\/S58N\">Identifi\u00e9<\/a>\u00a0 &#8211; <a href=\"https:\/\/link.dgpad.net\/bFXC\">Anonyme<\/a><\/h2>\n<hr \/>\n<h2 style=\"text-align: center;\"><strong><span style=\"color: #800000;\"><iframe loading=\"lazy\" src=\"https:\/\/coopmaths.fr\/mathalea.html?ex=2N60-4,s=true,s2=4,n=2,cd=1&amp;serie=2fvA&amp;z=1&amp;v=e\" width=\"660\" height=\"315\" frameborder=\"0\"><span style=\"display: inline-block; width: 0px; overflow: hidden; line-height: 0;\" data-mce-type=\"bookmark\" class=\"mce_SELRES_start\">\ufeff<\/span><br \/>\n<\/iframe><\/span><\/strong><\/h2>\n<hr \/>\n<h2 style=\"text-align: center;\"><strong><span style=\"color: #800000;\">Exercices corrig\u00e9s\u00a0 en vid\u00e9o :<\/span> <\/strong><\/h2>\n<p><strong>Note :<\/strong> <em>Ces exercices ne se concluent pas avec un intervalle mais une droite gradu\u00e9e.<\/em><\/p>\n<p><em>Au lyc\u00e9e, on demande un intervalle en conclusion.<\/em><\/p>\n<p><b>Exercice 1 : <\/b>Le nombre -2 est-il solution de &#8211; 3 <em>x<\/em> &#8211; 5&lt;1 ? <b><a href=\"https:\/\/youtube.com\/embed\/dbHQiow1yrQ\">Correction d\u00e9taill\u00e9e<\/a><br \/>\n<\/b><\/p>\n<p><b>Exercice 2 :<\/b> R\u00e9soudre:\u00a0 \u00a0 -4<em>x<\/em> + 1&lt;2\u00a0 \u00a0 \u00a0 \u00a0 \u00a0 \u00a0<a href=\"https:\/\/youtube.com\/embed\/0ucD2Bwiocc\">Correction d\u00e9taill\u00e9e<\/a><\/p>\n<p><b>Exercice 3 : <\/b>R\u00e9soudre:\u00a0 \u00a0 4-5<em>x<\/em> &lt; 2<em>x<\/em>+1<i>\u00a0 \u00a0<\/i><a href=\"https:\/\/youtube.com\/embed\/xnJ26UNfD5E?rel=0\"><i>Correction d\u00e9taill\u00e9e<\/i><\/a><\/p>\n<p><b>Exercice 4 : <\/b>R\u00e9soudre:\u00a0 \u00a02<em> x<\/em> -3&lt;4-3<em>x<\/em><i>\u00a0 \u00a0<\/i><a href=\"https:\/\/youtube.com\/embed\/\/tZWv0SJXICc?rel=0\"><i>Correction d\u00e9taill\u00e9e<\/i><\/a><\/p>\n<p><b>Exercice 5 : <\/b>R\u00e9soudre:\u00a0 \u00a0 2<em>x<\/em>-5 &lt;3 + 5 <em>x<\/em><i>\u00a0\u00a0<\/i><a href=\"https:\/\/youtube.com\/embed\/zpYDUbnooDU\"><i>Correction d\u00e9taill\u00e9e<\/i><\/a><\/p>\n<p>&nbsp;<\/p>\n","protected":false},"excerpt":{"rendered":"<p>Cours complet en pdf\u00a0\u00a0\u00a0\u00a0\u00a0\u00a0\u00a0\u00a0\u00a0\u00a0\u00a0\u00a0\u00a0\u00a0Plan de travail Vid\u00e9os de cours : Vid\u00e9o 1 : Tester une solution d\u2019une in\u00e9quation QCM de validation : Identifi\u00e9\u00a0 &#8211; Anonyme Vid\u00e9o 2 : R\u00e9soudre une in\u00e9quation (premi\u00e8re propri\u00e9t\u00e9) QCM de validation : Identifi\u00e9\u00a0 &#8211; Anonyme &hellip; <a href=\"https:\/\/mathsguyon.fr\/?page_id=8886\">Continuer la lecture <span class=\"meta-nav\">&rarr;<\/span><\/a><\/p>\n","protected":false},"author":1,"featured_media":0,"parent":0,"menu_order":0,"comment_status":"closed","ping_status":"closed","template":"","meta":{"footnotes":""},"class_list":["post-8886","page","type-page","status-publish","hentry"],"_links":{"self":[{"href":"https:\/\/mathsguyon.fr\/index.php?rest_route=\/wp\/v2\/pages\/8886","targetHints":{"allow":["GET"]}}],"collection":[{"href":"https:\/\/mathsguyon.fr\/index.php?rest_route=\/wp\/v2\/pages"}],"about":[{"href":"https:\/\/mathsguyon.fr\/index.php?rest_route=\/wp\/v2\/types\/page"}],"author":[{"embeddable":true,"href":"https:\/\/mathsguyon.fr\/index.php?rest_route=\/wp\/v2\/users\/1"}],"replies":[{"embeddable":true,"href":"https:\/\/mathsguyon.fr\/index.php?rest_route=%2Fwp%2Fv2%2Fcomments&post=8886"}],"version-history":[{"count":5,"href":"https:\/\/mathsguyon.fr\/index.php?rest_route=\/wp\/v2\/pages\/8886\/revisions"}],"predecessor-version":[{"id":8929,"href":"https:\/\/mathsguyon.fr\/index.php?rest_route=\/wp\/v2\/pages\/8886\/revisions\/8929"}],"wp:attachment":[{"href":"https:\/\/mathsguyon.fr\/index.php?rest_route=%2Fwp%2Fv2%2Fmedia&parent=8886"}],"curies":[{"name":"wp","href":"https:\/\/api.w.org\/{rel}","templated":true}]}}