{"id":86,"date":"2016-03-23T00:09:20","date_gmt":"2016-03-22T23:09:20","guid":{"rendered":"http:\/\/mathsguyon.fr\/?page_id=86"},"modified":"2018-03-04T21:46:44","modified_gmt":"2018-03-04T20:46:44","slug":"evaluation-par-competences","status":"publish","type":"page","link":"https:\/\/mathsguyon.fr\/?page_id=86","title":{"rendered":"\u00c9valuation par comp\u00e9tences"},"content":{"rendered":"<h2>Comment et pourquoi \u00e9valuer par comp\u00e9tences ?<\/h2>\n<h2>SACoche : L<a href=\"https:\/\/sacoche.sesamath.net\/\">ien vers le site<\/a><\/h2>\n","protected":false},"excerpt":{"rendered":"<p>Comment et pourquoi \u00e9valuer par comp\u00e9tences ? SACoche : Lien vers le site<\/p>\n","protected":false},"author":1,"featured_media":0,"parent":7,"menu_order":0,"comment_status":"closed","ping_status":"closed","template":"","meta":{"footnotes":""},"class_list":["post-86","page","type-page","status-publish","hentry"],"_links":{"self":[{"href":"https:\/\/mathsguyon.fr\/index.php?rest_route=\/wp\/v2\/pages\/86","targetHints":{"allow":["GET"]}}],"collection":[{"href":"https:\/\/mathsguyon.fr\/index.php?rest_route=\/wp\/v2\/pages"}],"about":[{"href":"https:\/\/mathsguyon.fr\/index.php?rest_route=\/wp\/v2\/types\/page"}],"author":[{"embeddable":true,"href":"https:\/\/mathsguyon.fr\/index.php?rest_route=\/wp\/v2\/users\/1"}],"replies":[{"embeddable":true,"href":"https:\/\/mathsguyon.fr\/index.php?rest_route=%2Fwp%2Fv2%2Fcomments&post=86"}],"version-history":[{"count":2,"href":"https:\/\/mathsguyon.fr\/index.php?rest_route=\/wp\/v2\/pages\/86\/revisions"}],"predecessor-version":[{"id":93,"href":"https:\/\/mathsguyon.fr\/index.php?rest_route=\/wp\/v2\/pages\/86\/revisions\/93"}],"up":[{"embeddable":true,"href":"https:\/\/mathsguyon.fr\/index.php?rest_route=\/wp\/v2\/pages\/7"}],"wp:attachment":[{"href":"https:\/\/mathsguyon.fr\/index.php?rest_route=%2Fwp%2Fv2%2Fmedia&parent=86"}],"curies":[{"name":"wp","href":"https:\/\/api.w.org\/{rel}","templated":true}]}}