{"id":854,"date":"2016-05-30T20:54:37","date_gmt":"2016-05-30T19:54:37","guid":{"rendered":"http:\/\/mathsguyon.fr\/?page_id=854"},"modified":"2021-05-24T21:13:42","modified_gmt":"2021-05-24T20:13:42","slug":"probabilites","status":"publish","type":"page","link":"https:\/\/mathsguyon.fr\/?page_id=854","title":{"rendered":"Probabilit\u00e9s"},"content":{"rendered":"<h2 style=\"text-align: center;\"><a href=\"http:\/\/mathsguyon.fr\/wp-content\/uploads\/2021\/05\/cours-proba_trou_2021.pdf\">Le cours \u00e0 trou\u00a0<\/a> \u00a0\u00a0\u00a0\u00a0\u00a0\u00a0\u00a0 <a href=\"http:\/\/mathsguyon.fr\/wp-content\/uploads\/2021\/05\/cours-proba_2021.pdf\">Le cours complet<\/a><\/h2>\n<h1 style=\"text-align: center;\"><strong><span style=\"color: #800000;\">Vid\u00e9os de cours :<\/span><\/strong><\/h1>\n<h2><a href=\"https:\/\/youtube.com\/embed\/VLqwBdgLkRg\">Vid\u00e9o 1 :<\/a> introduction<\/h2>\n<h2><a href=\"https:\/\/youtube.com\/embed\/ZfEjUmYRISw\">Vid\u00e9o 2 :<\/a> D\u00e9finitions de bases<\/h2>\n<h2><a href=\"https:\/\/youtube.com\/embed\/iSMiIfZzLMM\">Vid\u00e9o 3 :<\/a> Fr\u00e9quences et probabilit\u00e9s<\/h2>\n<h2><a href=\"https:\/\/youtube.com\/embed\/3p_bBedUc_g\">Vid\u00e9o 4 <\/a>: Calculer une probabilit\u00e9<\/h2>\n<h2><a href=\"https:\/\/youtube.com\/embed\/-MnIgeGBRao\">Vid\u00e9o 5 <\/a>: Les propri\u00e9t\u00e9s<\/h2>\n<h2>Vid\u00e9o 6 : Tirages successifs<\/h2>\n<p>&nbsp;<\/p>\n","protected":false},"excerpt":{"rendered":"<p>Le cours \u00e0 trou\u00a0 \u00a0\u00a0\u00a0\u00a0\u00a0\u00a0\u00a0 Le cours complet Vid\u00e9os de cours : Vid\u00e9o 1 : introduction Vid\u00e9o 2 : D\u00e9finitions de bases Vid\u00e9o 3 : Fr\u00e9quences et probabilit\u00e9s Vid\u00e9o 4 : Calculer une probabilit\u00e9 Vid\u00e9o 5 : Les propri\u00e9t\u00e9s Vid\u00e9o &hellip; <a href=\"https:\/\/mathsguyon.fr\/?page_id=854\">Continuer la lecture <span class=\"meta-nav\">&rarr;<\/span><\/a><\/p>\n","protected":false},"author":1,"featured_media":0,"parent":12,"menu_order":0,"comment_status":"closed","ping_status":"closed","template":"","meta":{"footnotes":""},"class_list":["post-854","page","type-page","status-publish","hentry"],"_links":{"self":[{"href":"https:\/\/mathsguyon.fr\/index.php?rest_route=\/wp\/v2\/pages\/854","targetHints":{"allow":["GET"]}}],"collection":[{"href":"https:\/\/mathsguyon.fr\/index.php?rest_route=\/wp\/v2\/pages"}],"about":[{"href":"https:\/\/mathsguyon.fr\/index.php?rest_route=\/wp\/v2\/types\/page"}],"author":[{"embeddable":true,"href":"https:\/\/mathsguyon.fr\/index.php?rest_route=\/wp\/v2\/users\/1"}],"replies":[{"embeddable":true,"href":"https:\/\/mathsguyon.fr\/index.php?rest_route=%2Fwp%2Fv2%2Fcomments&post=854"}],"version-history":[{"count":8,"href":"https:\/\/mathsguyon.fr\/index.php?rest_route=\/wp\/v2\/pages\/854\/revisions"}],"predecessor-version":[{"id":8113,"href":"https:\/\/mathsguyon.fr\/index.php?rest_route=\/wp\/v2\/pages\/854\/revisions\/8113"}],"up":[{"embeddable":true,"href":"https:\/\/mathsguyon.fr\/index.php?rest_route=\/wp\/v2\/pages\/12"}],"wp:attachment":[{"href":"https:\/\/mathsguyon.fr\/index.php?rest_route=%2Fwp%2Fv2%2Fmedia&parent=854"}],"curies":[{"name":"wp","href":"https:\/\/api.w.org\/{rel}","templated":true}]}}