{"id":8443,"date":"2021-10-12T07:28:02","date_gmt":"2021-10-12T06:28:02","guid":{"rendered":"https:\/\/mathsguyon.fr\/?page_id=8443"},"modified":"2022-01-30T19:18:30","modified_gmt":"2022-01-30T18:18:30","slug":"evaluations","status":"publish","type":"page","link":"https:\/\/mathsguyon.fr\/?page_id=8443","title":{"rendered":"\u00c9valuations"},"content":{"rendered":"<h1 style=\"text-align: center;\">\u00c9valuations avec corrections<\/h1>\n<h1 style=\"text-align: center;\">donn\u00e9es au coll\u00e8ge Bellevue 2021-2022<\/h1>\n<p>&nbsp;<\/p>\n<h2 style=\"text-align: center;\"><span style=\"color: #800000;\"><strong>\u00c9valuations de cours :<\/strong><\/span><\/h2>\n<ul>\n<li>\n<h2><a href=\"http:\/\/mathsguyon.fr\/wp-content\/uploads\/2021\/10\/Evaluation_relatifs_3eme__1_.pdf\">Calculs avec les relatifs<\/a><\/h2>\n<\/li>\n<li>\n<h2><a href=\"https:\/\/coopmaths.fr\/mathalea.html?ex=4C22-2,s=1,n=2,i=0&amp;ex=4C23-1,s=3,n=1,cd=1,i=0&amp;ex=4C23-1,s=4,n=1,cd=1,i=0&amp;serie=nMaz&amp;v=light\">Calculs avec les Fractions<\/a><\/h2>\n<\/li>\n<li>\n<h2><a href=\"http:\/\/mathsguyon.fr\/wp-content\/uploads\/2021\/10\/eval-arithm.pdf\">Arithm\u00e9tique<\/a><\/h2>\n<\/li>\n<li>\n<h2><a href=\"http:\/\/mathsguyon.fr\/wp-content\/uploads\/2021\/10\/eval-Pyth-Thal-2-1.pdf\">Pythagore et Thal\u00e8s 3B<\/a>\u00a0\u00a0\u00a0 <a href=\"http:\/\/mathsguyon.fr\/wp-content\/uploads\/2021\/10\/Evaluation_Pth_Thal1.pdf\">Pythagore &#8211; Thal\u00e8s 3E<\/a><\/h2>\n<\/li>\n<li>\n<h2><a href=\"http:\/\/mathsguyon.fr\/wp-content\/uploads\/2021\/10\/Rem_diation_3em_Novembre_Arithm_Fractions_et_relatifs1.pdf\">Rem\u00e9diation Arithm\u00e9tique &#8211; Relatifs et Fractions<\/a><\/h2>\n<\/li>\n<li>\n<h2><a href=\"http:\/\/mathsguyon.fr\/wp-content\/uploads\/2022\/01\/eval_calc_litt_3emeB__1_1.pdf\">Calcul litt\u00e9ral : Sujet + correction<\/a><\/h2>\n<\/li>\n<li>\n<h2><a href=\"http:\/\/mathsguyon.fr\/wp-content\/uploads\/2022\/01\/CoopMaths__150_.pdf\">Trigonom\u00e9trie<\/a><\/h2>\n<\/li>\n<\/ul>\n<p>&nbsp;<\/p>\n<h2 style=\"text-align: center;\"><span style=\"color: #800000;\"><strong>Devoirs surveill\u00e9s :<\/strong> <\/span><\/h2>\n<ul>\n<li>\n<h2><a href=\"http:\/\/mathsguyon.fr\/wp-content\/uploads\/2022\/01\/DS_Arithm_et_Thal_s_light.pdf\">Arithm\u00e9tique et Thal\u00e8s<\/a>\u00a0\u00a0\u00a0\u00a0\u00a0\u00a0\u00a0\u00a0\u00a0\u00a0\u00a0<a href=\"http:\/\/mathsguyon.fr\/wp-content\/uploads\/2022\/01\/Corr-DS-Thales-Pythagore-Arithm2.pdf\">Correction<\/a><\/h2>\n<\/li>\n<li>\n<h2><a href=\"http:\/\/mathsguyon.fr\/wp-content\/uploads\/2022\/01\/Bravet_Blanc_n_15.pdf\">Brevet_Blanc_n\u00b01<\/a>\u00a0\u00a0\u00a0\u00a0\u00a0\u00a0\u00a0\u00a0 <a href=\"http:\/\/mathsguyon.fr\/wp-content\/uploads\/2022\/01\/BB1_corr.pdf\">Correction<\/a><\/h2>\n<\/li>\n<li>\n<h2><a href=\"http:\/\/mathsguyon.fr\/wp-content\/uploads\/2022\/01\/CoopMaths__163_.pdf\">Devoir\u00a0 synth\u00e8se g\u00e9om\u00e9trie DNB (transform\u00e9 en DM)<\/a>\u00a0\u00a0\u00a0\u00a0\u00a0<a href=\"http:\/\/mathsguyon.fr\/wp-content\/uploads\/2022\/01\/DM-geometrie-DNB_corr.pdf\">correction<\/a><\/h2>\n<\/li>\n<\/ul>\n","protected":false},"excerpt":{"rendered":"<p>\u00c9valuations avec corrections donn\u00e9es au coll\u00e8ge Bellevue 2021-2022 &nbsp; \u00c9valuations de cours : Calculs avec les relatifs Calculs avec les Fractions Arithm\u00e9tique Pythagore et Thal\u00e8s 3B\u00a0\u00a0\u00a0 Pythagore &#8211; Thal\u00e8s 3E Rem\u00e9diation Arithm\u00e9tique &#8211; Relatifs et Fractions Calcul litt\u00e9ral : Sujet &hellip; <a href=\"https:\/\/mathsguyon.fr\/?page_id=8443\">Continuer la lecture <span class=\"meta-nav\">&rarr;<\/span><\/a><\/p>\n","protected":false},"author":1,"featured_media":0,"parent":0,"menu_order":0,"comment_status":"closed","ping_status":"closed","template":"","meta":{"footnotes":""},"class_list":["post-8443","page","type-page","status-publish","hentry"],"_links":{"self":[{"href":"https:\/\/mathsguyon.fr\/index.php?rest_route=\/wp\/v2\/pages\/8443","targetHints":{"allow":["GET"]}}],"collection":[{"href":"https:\/\/mathsguyon.fr\/index.php?rest_route=\/wp\/v2\/pages"}],"about":[{"href":"https:\/\/mathsguyon.fr\/index.php?rest_route=\/wp\/v2\/types\/page"}],"author":[{"embeddable":true,"href":"https:\/\/mathsguyon.fr\/index.php?rest_route=\/wp\/v2\/users\/1"}],"replies":[{"embeddable":true,"href":"https:\/\/mathsguyon.fr\/index.php?rest_route=%2Fwp%2Fv2%2Fcomments&post=8443"}],"version-history":[{"count":16,"href":"https:\/\/mathsguyon.fr\/index.php?rest_route=\/wp\/v2\/pages\/8443\/revisions"}],"predecessor-version":[{"id":8713,"href":"https:\/\/mathsguyon.fr\/index.php?rest_route=\/wp\/v2\/pages\/8443\/revisions\/8713"}],"wp:attachment":[{"href":"https:\/\/mathsguyon.fr\/index.php?rest_route=%2Fwp%2Fv2%2Fmedia&parent=8443"}],"curies":[{"name":"wp","href":"https:\/\/api.w.org\/{rel}","templated":true}]}}