{"id":8136,"date":"2021-06-12T08:43:56","date_gmt":"2021-06-12T07:43:56","guid":{"rendered":"http:\/\/mathsguyon.fr\/?page_id=8136"},"modified":"2021-06-12T08:47:19","modified_gmt":"2021-06-12T07:47:19","slug":"volumes-de-solides-connus","status":"publish","type":"page","link":"https:\/\/mathsguyon.fr\/?page_id=8136","title":{"rendered":"Volumes de solides connus"},"content":{"rendered":"<h1><a href=\"https:\/\/www.dropbox.com\/s\/0ykdr35lwefgpd3\/cours%20solides%20connus_2018.pdf?dl=0\">Le cours en pdf<\/a><\/h1>\n<p>&nbsp;<\/p>\n<h2>QCM n\u00b01 : Rappels volumes de solides connus : <a href=\"https:\/\/doctools.dgpad.net\/connect.php?datas=eyJiYXNlaWQiOiIxNlBkUXRLNHhDeWZiYnZwY09DbGgxWlhsa2x0WTlGWHBELUN5NmZYUXN1cyIsImRlX2Jhc2UiOiIxckpqR2MtcWxVODNpclk1OW1tdzhSbk9USE01V1NNQkRlcm9hc2o0OWVPNCIsImlkIjoiMUtTdWxnWE04WVNmeUdhUEp2TXlMT3BRNEY1Y2Q4b1IwUDFGelhzOE5ybm8iLCJ1c2VycyI6IkFub255bWUifQ==\">Identifi\u00e9\u00a0\u00a0<\/a> &#8211;\u00a0 <a href=\"https:\/\/doctools.dgpad.net\/connect.php?datas=eyJiYXNlaWQiOiIxNlBkUXRLNHhDeWZiYnZwY09DbGgxWlhsa2x0WTlGWHBELUN5NmZYUXN1cyIsImRlX2Jhc2UiOiIxckpqR2MtcWxVODNpclk1OW1tdzhSbk9USE01V1NNQkRlcm9hc2o0OWVPNCIsImlkIjoiMWtoLVpmSGRTaU1hTnhPTXNZLUZ2Q25Za180dHBmeE1CX0hKbDc5LTI3bnMiLCJ1c2VycyI6IkFub255bWUifQ==\">Non-identifi\u00e9<\/a><\/h2>\n<h2>QCM n\u00b02 : Sph\u00e8re : rep\u00e9rage et volume : <a href=\"https:\/\/doctools.dgpad.net\/connect.php?datas=eyJiYXNlaWQiOiIxNlBkUXRLNHhDeWZiYnZwY09DbGgxWlhsa2x0WTlGWHBELUN5NmZYUXN1cyIsImRlX2Jhc2UiOiIxckpqR2MtcWxVODNpclk1OW1tdzhSbk9USE01V1NNQkRlcm9hc2o0OWVPNCIsImlkIjoiMVVQbnhhamFiSkQwMDZ0VDROLU1HLUdlZTh0RjhaU3VGQWtoMWlOdS1IdkkiLCJ1c2VycyI6IkFub255bWUifQ==\">Identifi\u00e9\u00a0<\/a> &#8211;\u00a0 <a href=\"https:\/\/doctools.dgpad.net\/connect.php?datas=eyJiYXNlaWQiOiIxNlBkUXRLNHhDeWZiYnZwY09DbGgxWlhsa2x0WTlGWHBELUN5NmZYUXN1cyIsImRlX2Jhc2UiOiIxckpqR2MtcWxVODNpclk1OW1tdzhSbk9USE01V1NNQkRlcm9hc2o0OWVPNCIsImlkIjoiMWhPTWFMVDhIZERGZzREbXZGbXRCYTZPS09DNVpQM1ZWenhidS1PZ0JfNWsiLCJ1c2VycyI6IkFub255bWUifQ==\">Non-identifi\u00e9<\/a><\/h2>\n","protected":false},"excerpt":{"rendered":"<p>Le cours en pdf &nbsp; QCM n\u00b01 : Rappels volumes de solides connus : Identifi\u00e9\u00a0\u00a0 &#8211;\u00a0 Non-identifi\u00e9 QCM n\u00b02 : Sph\u00e8re : rep\u00e9rage et volume : Identifi\u00e9\u00a0 &#8211;\u00a0 Non-identifi\u00e9<\/p>\n","protected":false},"author":1,"featured_media":0,"parent":0,"menu_order":0,"comment_status":"closed","ping_status":"closed","template":"","meta":{"footnotes":""},"class_list":["post-8136","page","type-page","status-publish","hentry"],"_links":{"self":[{"href":"https:\/\/mathsguyon.fr\/index.php?rest_route=\/wp\/v2\/pages\/8136","targetHints":{"allow":["GET"]}}],"collection":[{"href":"https:\/\/mathsguyon.fr\/index.php?rest_route=\/wp\/v2\/pages"}],"about":[{"href":"https:\/\/mathsguyon.fr\/index.php?rest_route=\/wp\/v2\/types\/page"}],"author":[{"embeddable":true,"href":"https:\/\/mathsguyon.fr\/index.php?rest_route=\/wp\/v2\/users\/1"}],"replies":[{"embeddable":true,"href":"https:\/\/mathsguyon.fr\/index.php?rest_route=%2Fwp%2Fv2%2Fcomments&post=8136"}],"version-history":[{"count":3,"href":"https:\/\/mathsguyon.fr\/index.php?rest_route=\/wp\/v2\/pages\/8136\/revisions"}],"predecessor-version":[{"id":8140,"href":"https:\/\/mathsguyon.fr\/index.php?rest_route=\/wp\/v2\/pages\/8136\/revisions\/8140"}],"wp:attachment":[{"href":"https:\/\/mathsguyon.fr\/index.php?rest_route=%2Fwp%2Fv2%2Fmedia&parent=8136"}],"curies":[{"name":"wp","href":"https:\/\/api.w.org\/{rel}","templated":true}]}}