{"id":8132,"date":"2021-06-10T08:28:28","date_gmt":"2021-06-10T07:28:28","guid":{"rendered":"http:\/\/mathsguyon.fr\/?page_id=8132"},"modified":"2022-02-18T10:36:39","modified_gmt":"2022-02-18T09:36:39","slug":"course-aux-nombres-3eme","status":"publish","type":"page","link":"https:\/\/mathsguyon.fr\/?page_id=8132","title":{"rendered":"Course aux nombres 3\u00e8me"},"content":{"rendered":"<p>La course aux nombres est une \u00e9preuve qui permet de travailler le calcul mental, en variant les situations en temps limit\u00e9. Vous avez un temps limit\u00e9 pour effectuer l&rsquo;\u00e9preuve, sans calculatrice, mais avec un brouillon autoris\u00e9.<\/p>\n<h2><a href=\"https:\/\/coopmaths.fr\/mathalea.html?ex=can3C03,n=1,i=1&amp;ex=can3C04,n=1,i=1&amp;ex=can3C06,n=1,i=1&amp;ex=can3M01,n=1,i=1&amp;ex=can4P03,n=1,i=1&amp;ex=can4C09,n=1,i=1&amp;ex=can4C05,n=1,i=1&amp;ex=can4C06,n=1,i=1&amp;ex=can4C04,n=1,i=1&amp;ex=can5C08,n=1,i=1&amp;duree=300&amp;serie=jFJJ&amp;v=can\">Course au nombre n\u00b01<\/a> : 10 questions<\/h2>\n<h2><a href=\"https:\/\/coopmaths.fr\/mathalea.html?ex=can6C02,n=1,i=1&amp;ex=can6C17,n=1,i=1&amp;ex=can3C03,n=1,i=1&amp;ex=can6C19,n=1,i=1&amp;ex=can5C04,n=1,i=1&amp;ex=can6C12,n=1,i=1&amp;ex=can6C05,n=1,i=1&amp;ex=can6C10,n=1,i=1&amp;ex=can5C09,n=1,i=1&amp;ex=can5C01,n=1,i=1&amp;ex=can5C02,n=1,i=1&amp;ex=can4C02,n=1,i=1&amp;ex=can5C13,n=1,i=1&amp;ex=can5C06,n=1,i=1&amp;ex=can5C03,n=1,i=1&amp;ex=can4C09,n=1,i=1&amp;ex=can3C06,n=1,i=1&amp;ex=can4C04,n=1,i=1&amp;ex=can3C04,n=1,i=1&amp;ex=canc3M01,n=1,i=1&amp;duree=400&amp;v=l\">Course aux nombres n\u00b02 <\/a>: 20 questions<\/h2>\n<h2><a href=\"https:\/\/coopmaths.fr\/mathalea.html?ex=can5C02,n=1,i=1&amp;ex=can5D01,n=1,i=1&amp;ex=can5C10,s=1,s2=false,s3=false,s4=false,n=1,cd=0,i=1&amp;ex=can5C16,n=1,i=1&amp;ex=can5C08,n=1,i=1&amp;ex=can5C04,n=1,i=1&amp;ex=can4P01,n=1,i=1&amp;ex=can4P03,n=1,i=1&amp;ex=can4C02,n=1,i=1&amp;ex=can5C01,n=1,i=1&amp;ex=can3C06,n=1,i=1&amp;ex=can4C01,n=1,i=1&amp;ex=can3C04,n=1,i=1&amp;ex=can3C03,n=1,i=1&amp;ex=can3C08,n=1,i=1&amp;ex=can3G01,n=1,i=1&amp;ex=can3G03,n=1,i=1&amp;ex=can3G04,n=1,i=1&amp;ex=can3G05,n=1,i=1&amp;ex=can3M01,n=1,i=1&amp;duree=420&amp;serie=ND7H&amp;v=can&amp;z=1\">Course aux nombres n\u00b03 :<\/a> 20 questions en 420 secondes &#8211; Pensez \u00e0 vous identifier<\/h2>\n<h2><a href=\"https:\/\/coopmaths.fr\/mathalea.html?ex=can3C03,n=1,i=1&amp;ex=can3C06,n=1,i=1&amp;ex=can4C01,n=1,i=1&amp;ex=can4C02,n=1,i=1&amp;ex=can4C04,n=1,i=1&amp;ex=can4C03,n=1,i=1&amp;ex=can4C05,n=1,i=1&amp;ex=can4C06,n=1,i=1&amp;ex=can5C06,n=1,i=1&amp;ex=can5C07,n=1,i=1&amp;duree=250&amp;serie=Tov1&amp;v=can&amp;z=1\">Course aux nombres n\u00b04\u00a0 : <\/a>10 questions en 250 secondes &#8211;<\/h2>\n<h2><a href=\"https:\/\/coopmaths.fr\/mathalea.html?ex=can5C01,s=2,s2=1,n=1,i=1&amp;ex=can5C12,s=1,s2=1,n=1,i=1&amp;ex=can4P05,s=2,s2=1,n=1,i=1&amp;ex=can3F02,s=1,s2=1,n=1,cd=0,i=1&amp;ex=can4C04,n=1,i=1&amp;ex=can3F03,s=2,s2=1,n=1,cd=0,i=1&amp;ex=can5P01,n=1,i=1&amp;ex=can4C06,n=1,i=1&amp;ex=can4P03,n=1,i=1&amp;ex=can3F04,s=1,s2=2,n=1,cd=0,i=1&amp;ex=can4C01,n=1,i=1&amp;ex=can3F01,n=1,i=1&amp;ex=can3G01,n=1,i=1&amp;ex=can3G03,n=1,i=1&amp;ex=can3G04,n=1,i=1&amp;ex=can3G05,n=1,i=1&amp;ex=can3L03,n=1,i=1&amp;ex=can3M01,n=1,i=1&amp;ex=can3C04,n=1,i=1&amp;ex=can3C08,n=1,i=1&amp;duree=420&amp;serie=5Dvg&amp;v=can&amp;z=1\">Course aux nombres n\u00b05<\/a><\/h2>\n<h2>Pensez \u00e0 vous identifier<\/h2>\n<p>&nbsp;<\/p>\n<h2><\/h2>\n","protected":false},"excerpt":{"rendered":"<p>La course aux nombres est une \u00e9preuve qui permet de travailler le calcul mental, en variant les situations en temps limit\u00e9. Vous avez un temps limit\u00e9 pour effectuer l&rsquo;\u00e9preuve, sans calculatrice, mais avec un brouillon autoris\u00e9. Course au nombre n\u00b01 &hellip; <a href=\"https:\/\/mathsguyon.fr\/?page_id=8132\">Continuer la lecture <span class=\"meta-nav\">&rarr;<\/span><\/a><\/p>\n","protected":false},"author":1,"featured_media":0,"parent":0,"menu_order":0,"comment_status":"closed","ping_status":"closed","template":"","meta":{"footnotes":""},"class_list":["post-8132","page","type-page","status-publish","hentry"],"_links":{"self":[{"href":"https:\/\/mathsguyon.fr\/index.php?rest_route=\/wp\/v2\/pages\/8132","targetHints":{"allow":["GET"]}}],"collection":[{"href":"https:\/\/mathsguyon.fr\/index.php?rest_route=\/wp\/v2\/pages"}],"about":[{"href":"https:\/\/mathsguyon.fr\/index.php?rest_route=\/wp\/v2\/types\/page"}],"author":[{"embeddable":true,"href":"https:\/\/mathsguyon.fr\/index.php?rest_route=\/wp\/v2\/users\/1"}],"replies":[{"embeddable":true,"href":"https:\/\/mathsguyon.fr\/index.php?rest_route=%2Fwp%2Fv2%2Fcomments&post=8132"}],"version-history":[{"count":12,"href":"https:\/\/mathsguyon.fr\/index.php?rest_route=\/wp\/v2\/pages\/8132\/revisions"}],"predecessor-version":[{"id":8770,"href":"https:\/\/mathsguyon.fr\/index.php?rest_route=\/wp\/v2\/pages\/8132\/revisions\/8770"}],"wp:attachment":[{"href":"https:\/\/mathsguyon.fr\/index.php?rest_route=%2Fwp%2Fv2%2Fmedia&parent=8132"}],"curies":[{"name":"wp","href":"https:\/\/api.w.org\/{rel}","templated":true}]}}