{"id":8086,"date":"2021-05-20T09:05:38","date_gmt":"2021-05-20T08:05:38","guid":{"rendered":"http:\/\/mathsguyon.fr\/?page_id=8086"},"modified":"2022-06-17T16:40:39","modified_gmt":"2022-06-17T15:40:39","slug":"revisions-dnb","status":"publish","type":"page","link":"https:\/\/mathsguyon.fr\/?page_id=8086","title":{"rendered":"R\u00e9visions DNB"},"content":{"rendered":"<h1 style=\"text-align: center;\">Exercices issus des annales,<\/h1>\n<h1 style=\"text-align: center;\">avec correction :<\/h1>\n<p>&nbsp;<\/p>\n<ul>\n<li>\n<h3><a href=\"http:\/\/mathsguyon.fr\/wp-content\/uploads\/2022\/06\/fiche-1-revisions.pdf\">fiche 1 <\/a>: Pythagore; Transformations; Agrandissement-r\u00e9duction; Trigonom\u00e9trie<\/h3>\n<\/li>\n<li>\n<h3><a href=\"http:\/\/mathsguyon.fr\/wp-content\/uploads\/2022\/06\/fiche-2-revisions.pdf\">fiche 2 <\/a>: Pythagore; Fractions; Probabilit\u00e9s; Transformations; Arithm\u00e9tique; Puissances<\/h3>\n<\/li>\n<li>\n<h3><a href=\"http:\/\/mathsguyon.fr\/wp-content\/uploads\/2022\/06\/fiche-3-revisions.pdf\">fiche 3 <\/a>: QCM : Arithm\u00e9tique; Transformations; Fractions; Calculs num\u00e9riques; Volumes; Trigonom\u00e9trie; Aires et p\u00e9rim\u00e8tres<\/h3>\n<\/li>\n<li>\n<h3><a href=\"http:\/\/mathsguyon.fr\/wp-content\/uploads\/2022\/06\/fiche-4-revisions.pdf\">fiche 4 <\/a>: QCM : Fonctions; Calcul litt\u00e9ral ; Arithm\u00e9tique; Probabilit\u00e9s; Trigonom\u00e9trie; Pythagore;<\/h3>\n<\/li>\n<li>\n<h3><a href=\"http:\/\/mathsguyon.fr\/wp-content\/uploads\/2022\/06\/fiche-5-revisions.pdf\">fiche 5 <\/a>: Arithm\u00e9tique<\/h3>\n<\/li>\n<li>\n<h3><a href=\"http:\/\/mathsguyon.fr\/wp-content\/uploads\/2022\/06\/fiche-6-revisions.pdf\">fiche 6 <\/a>: Programme de calculs; Calcul litt\u00e9ral ; Tableur<\/h3>\n<\/li>\n<li>\n<h3><a href=\"http:\/\/mathsguyon.fr\/wp-content\/uploads\/2022\/06\/fiche-7-revisions.pdf\">fiche 7 <\/a>:Trigonom\u00e9trie; G\u00e9om\u00e9trie plane; Agrandissement-r\u00e9duction<\/h3>\n<\/li>\n<li>\n<h3><a href=\"http:\/\/mathsguyon.fr\/wp-content\/uploads\/2022\/06\/fiche-8-revisions.pdf\">fiche 8 <\/a>:Prise d\u2019initiatives; G\u00e9om\u00e9trie plane<\/h3>\n<\/li>\n<li>\n<h3><a href=\"http:\/\/mathsguyon.fr\/wp-content\/uploads\/2022\/06\/fiche-9-revisions.pdf\">fiche 9<\/a> : Prise d\u2019initiatives; G\u00e9om\u00e9trie dans l\u2019espace<\/h3>\n<\/li>\n<\/ul>\n<h1 style=\"text-align: center;\"><strong>Session 2021 :<\/strong><\/h1>\n<ul>\n<li>\n<h2>Sujet <a href=\"http:\/\/mathsguyon.fr\/wp-content\/uploads\/2021\/06\/Brevet_Amerique_du_Nord_2021_FK.pdf\">Am\u00e9rique du Nord 3 juin 2021<\/a> &#8211; <a href=\"http:\/\/mathsguyon.fr\/wp-content\/uploads\/2021\/06\/Corrige_Brevet_Amerique_Nord_juin_2021_DV.pdf\">Correction\u00a0\u00a0<\/a><\/h2>\n<\/li>\n<li>\n<h2>Sujet <a href=\"https:\/\/www.apmep.fr\/IMG\/pdf\/Brevet_Centres_Etrangers_G1_2021_FK.pdf\">Centre \u00e9trangers 15 juin 2021<\/a><\/h2>\n<\/li>\n<\/ul>\n<h2 style=\"padding-left: 40px;\">Correction : <a href=\"http:\/\/mathsguyon.fr\/wp-content\/uploads\/2021\/06\/Corrige_Etranger_juin_2021_exo1.pdf\">exo1<\/a> &#8211; <a href=\"http:\/\/mathsguyon.fr\/wp-content\/uploads\/2021\/06\/Corrige_Etranger_juin_2021_exo2.pdf\">exo2<\/a> &#8211;\u00a0 <a href=\"http:\/\/mathsguyon.fr\/wp-content\/uploads\/2021\/06\/Corrige_Etranger_juin_2021_exo3.pdf\">exo3<\/a> &#8211;\u00a0 <a href=\"http:\/\/mathsguyon.fr\/wp-content\/uploads\/2021\/06\/Corrige_Etranger_juin_2021_exo4.pdf\">exo4<\/a>\u00a0 &#8211; <a href=\"http:\/\/mathsguyon.fr\/wp-content\/uploads\/2021\/06\/Corrige_Etranger_juin_2021_exo5.pdf\">exo5<\/a><\/h2>\n<ul>\n<li>\n<h2>Sujet <a href=\"https:\/\/www.apmep.fr\/IMG\/pdf\/Asie_Brevet_21_juin_2021_DV.pdf\">Asie 21 juin 2021<\/a>&#8211; <a href=\"https:\/\/www.apmep.fr\/IMG\/pdf\/Corrige__Asie_Brevet_21_06_2012_DV.pdf\">Correction<\/a><\/h2>\n<\/li>\n<\/ul>\n<p>Ces sujets et corrections sont issus du site de <a href=\"https:\/\/www.apmep.fr\/\">l&rsquo;APMEP.<\/a><\/p>\n<hr \/>\n<h1 style=\"text-align: center;\">Exercices issus des annales du DNB, corrig\u00e9s et class\u00e9s par th\u00e8mes.<\/h1>\n<p>Ces sujets sont issus du site <a href=\"https:\/\/coopmaths.fr\/\">coopmaths<\/a>, site libre et gratuit, qui permet de g\u00e9n\u00e9rer ces fiches.<\/p>\n<h2><\/h2>\n<h2><a href=\"http:\/\/mathsguyon.fr\/wp-content\/uploads\/2021\/05\/DNB_aires_et_p_rim_tres-1.pdf\">Aires et p\u00e9rim\u00e8tres<\/a><\/h2>\n<h2><a href=\"http:\/\/mathsguyon.fr\/wp-content\/uploads\/2021\/05\/DNB_Algorithmie.pdf\">Algorithmie<\/a><\/h2>\n<h2><a href=\"http:\/\/mathsguyon.fr\/wp-content\/uploads\/2021\/05\/DNB_et_arithm_tique.pdf\">Arithm\u00e9tique<\/a><\/h2>\n<h2><a href=\"http:\/\/mathsguyon.fr\/wp-content\/uploads\/2021\/05\/DNB_Fonctions.pdf\">Fonctions<\/a><\/h2>\n<h2><a href=\"http:\/\/mathsguyon.fr\/wp-content\/uploads\/2021\/05\/DNB_Fonctions_et_programmes_de_calculs.pdf\">Fonctions et programmes de calculs<\/a><\/h2>\n<h2><a href=\"http:\/\/mathsguyon.fr\/wp-content\/uploads\/2021\/05\/DNB_geometrie.pdf\">G\u00e9om\u00e9trie plane<\/a><\/h2>\n<h2><a href=\"http:\/\/mathsguyon.fr\/wp-content\/uploads\/2021\/05\/DNb_prise_d_initiatives.pdf\">Prise d&rsquo;initiatives<\/a><\/h2>\n<h2><a href=\"http:\/\/mathsguyon.fr\/wp-content\/uploads\/2021\/05\/DNB_Proba__1_.pdf\">Probabilit\u00e9s<\/a><\/h2>\n<h2><a href=\"http:\/\/mathsguyon.fr\/wp-content\/uploads\/2021\/05\/DNB_programme_de_calculs__quations_calcul_litt_ral.pdf\">Programme de calculs &#8211; \u00e9quations &#8211; calcul litt\u00e9ral<\/a><\/h2>\n<h2><a href=\"http:\/\/mathsguyon.fr\/wp-content\/uploads\/2021\/05\/DNB_QCM-1.pdf\">QCM (tous les chapitres)<\/a><\/h2>\n<h2><a href=\"http:\/\/mathsguyon.fr\/wp-content\/uploads\/2021\/05\/Brevet_Stats__1_-1.pdf\">Statistiques<\/a><\/h2>\n<h2><a href=\"http:\/\/mathsguyon.fr\/wp-content\/uploads\/2021\/05\/DNB_Thal_s.pdf\">Thal\u00e8s<\/a><\/h2>\n<h2><a href=\"http:\/\/mathsguyon.fr\/wp-content\/uploads\/2021\/05\/DNB_Trigo_Pythagore.pdf\">Trigonom\u00e9trie et Pythagore<\/a><\/h2>\n<h1 style=\"text-align: center;\">Exercices corrig\u00e9s en vid\u00e9os :<\/h1>\n<p>&nbsp;<\/p>\n<h2><a href=\"http:\/\/mathsguyon.fr\/?page_id=5676\">Exercice 1<\/a> : QCM<\/h2>\n<h2><a href=\"http:\/\/mathsguyon.fr\/?page_id=5702\">Exercice 2 :<\/a> Tableur<\/h2>\n<h2><a href=\"http:\/\/mathsguyon.fr\/?page_id=5678\">Exercice 3 :<\/a> Le Skate Park<\/h2>\n<h2><a href=\"http:\/\/mathsguyon.fr\/?page_id=5683\">Exercice 4<\/a> : La yourte<\/h2>\n<h2><a href=\"http:\/\/mathsguyon.fr\/?page_id=5685\">Exercice 5 :<\/a> Transformations<\/h2>\n<h2><a href=\"http:\/\/mathsguyon.fr\/?page_id=5705\">Exercice 6<\/a> : Vitesse ascensionnelle<\/h2>\n","protected":false},"excerpt":{"rendered":"<p>Exercices issus des annales, avec correction : &nbsp; fiche 1 : Pythagore; Transformations; Agrandissement-r\u00e9duction; Trigonom\u00e9trie fiche 2 : Pythagore; Fractions; Probabilit\u00e9s; Transformations; Arithm\u00e9tique; Puissances fiche 3 : QCM : Arithm\u00e9tique; Transformations; Fractions; Calculs num\u00e9riques; Volumes; Trigonom\u00e9trie; Aires et p\u00e9rim\u00e8tres fiche &hellip; <a href=\"https:\/\/mathsguyon.fr\/?page_id=8086\">Continuer la lecture <span class=\"meta-nav\">&rarr;<\/span><\/a><\/p>\n","protected":false},"author":1,"featured_media":0,"parent":0,"menu_order":0,"comment_status":"closed","ping_status":"closed","template":"","meta":{"footnotes":""},"class_list":["post-8086","page","type-page","status-publish","hentry"],"_links":{"self":[{"href":"https:\/\/mathsguyon.fr\/index.php?rest_route=\/wp\/v2\/pages\/8086","targetHints":{"allow":["GET"]}}],"collection":[{"href":"https:\/\/mathsguyon.fr\/index.php?rest_route=\/wp\/v2\/pages"}],"about":[{"href":"https:\/\/mathsguyon.fr\/index.php?rest_route=\/wp\/v2\/types\/page"}],"author":[{"embeddable":true,"href":"https:\/\/mathsguyon.fr\/index.php?rest_route=\/wp\/v2\/users\/1"}],"replies":[{"embeddable":true,"href":"https:\/\/mathsguyon.fr\/index.php?rest_route=%2Fwp%2Fv2%2Fcomments&post=8086"}],"version-history":[{"count":24,"href":"https:\/\/mathsguyon.fr\/index.php?rest_route=\/wp\/v2\/pages\/8086\/revisions"}],"predecessor-version":[{"id":8818,"href":"https:\/\/mathsguyon.fr\/index.php?rest_route=\/wp\/v2\/pages\/8086\/revisions\/8818"}],"wp:attachment":[{"href":"https:\/\/mathsguyon.fr\/index.php?rest_route=%2Fwp%2Fv2%2Fmedia&parent=8086"}],"curies":[{"name":"wp","href":"https:\/\/api.w.org\/{rel}","templated":true}]}}