{"id":8070,"date":"2021-04-05T20:56:46","date_gmt":"2021-04-05T19:56:46","guid":{"rendered":"http:\/\/mathsguyon.fr\/?page_id=8070"},"modified":"2022-03-15T22:25:55","modified_gmt":"2022-03-15T21:25:55","slug":"equations-differentielles","status":"publish","type":"page","link":"https:\/\/mathsguyon.fr\/?page_id=8070","title":{"rendered":"\u00c9quations diff\u00e9rentielles"},"content":{"rendered":"<h1 style=\"text-align: center;\"><a href=\"https:\/\/www.dropbox.com\/s\/y22is5pxpnaqayc\/cours_equadiff3.pdf?dl=0\">Le cours en pdf <\/a><\/h1>\n<h1 style=\"text-align: center;\"><a href=\"https:\/\/www.dropbox.com\/s\/039hyjikb9u7995\/PDT_equadiff.pdf?dl=0\">Plan de Travail<\/a> \u00a0\u00a0\u00a0\u00a0\u00a0<a href=\"https:\/\/www.dropbox.com\/sh\/wtq5yksvvcsjyd4\/AABBe3fzLIDmo40b_WYNvtKJa?dl=0\">Correction<\/a><\/h1>\n<p>&nbsp;<\/p>\n<h2 style=\"text-align: left;\"><span style=\"color: #000000;\"><strong>Vid\u00e9o 1 :<\/strong><\/span><a href=\"https:\/\/youtu.be\/qHF5kiDFkW8\"><span style=\"color: #000000;\"><span style=\"color: #0000ff;\"> Le cours complet<\/span><\/span><\/a><span style=\"color: #000000;\"> (jusqu&rsquo;\u00e0 22 minutes pour la compl\u00e9mentaire)<\/span><\/h2>\n<h2><span style=\"color: #000000;\"><strong>Vid\u00e9o 2 : Application :<\/strong> R\u00e9soudre $2y&rsquo;+3y=0$ &#8211; <span style=\"color: #0000ff;\"><a style=\"color: #0000ff;\" href=\"https:\/\/youtu.be\/ba39NuL1RlQ\">Correction<\/a><\/span><\/span><\/h2>\n<h2><span style=\"color: #000000;\"><strong>Vid\u00e9o 3 : Application : <\/strong><\/span><\/h2>\n<ol>\n<li>\n<h2><span style=\"color: #000000;\">D\u00e9terminer la solution g\u00e9n\u00e9rale de l&rsquo;\u00e9quation $3y&rsquo;+5y=0$<\/span><\/h2>\n<\/li>\n<li>\n<h2><span style=\"color: #000000;\">En d\u00e9duire l&rsquo;unique solution v\u00e9rifiant $y(1)=2$<\/span><\/h2>\n<\/li>\n<\/ol>\n<h2 style=\"text-align: center;\"><a href=\"https:\/\/youtu.be\/YJNHTq85tJA\"><span style=\"color: #0000ff;\">Correction<\/span><\/a><\/h2>\n<h2><span style=\"color: #000000;\"><strong>Vid\u00e9o 4 : Application : <\/strong><\/span><\/h2>\n<ol>\n<li>\n<h2><span style=\"color: #000000;\">D\u00e9terminer la solution g\u00e9n\u00e9rale de l&rsquo;\u00e9quation $2y&rsquo;-y=3$<\/span><\/h2>\n<\/li>\n<li>\n<h2><span style=\"color: #000000;\">En d\u00e9duire l&rsquo;unique solution v\u00e9rifiant $y(0)=1$<\/span><\/h2>\n<\/li>\n<\/ol>\n<h2 style=\"text-align: center;\"><span style=\"color: #0000ff;\"><a style=\"color: #0000ff;\" href=\"https:\/\/youtu.be\/CFZr44vny3w\">Correction<\/a><\/span><\/h2>\n<p>&nbsp;<\/p>\n<h2><span style=\"color: #000000;\"><strong>Vid\u00e9o 5 :<\/strong> Application : R\u00e9soudre $2y&rsquo;-y=4x+1$<\/span><\/h2>\n<h2 style=\"text-align: center;\"><a href=\"https:\/\/youtu.be\/RYjuHS7dnpY\"><span style=\"color: #0000ff;\">Correction<\/span><\/a><\/h2>\n","protected":false},"excerpt":{"rendered":"<p>Le cours en pdf Plan de Travail \u00a0\u00a0\u00a0\u00a0\u00a0Correction &nbsp; Vid\u00e9o 1 : Le cours complet (jusqu&rsquo;\u00e0 22 minutes pour la compl\u00e9mentaire) Vid\u00e9o 2 : Application : R\u00e9soudre $2y&rsquo;+3y=0$ &#8211; Correction Vid\u00e9o 3 : Application : D\u00e9terminer la solution g\u00e9n\u00e9rale de &hellip; <a href=\"https:\/\/mathsguyon.fr\/?page_id=8070\">Continuer la lecture <span class=\"meta-nav\">&rarr;<\/span><\/a><\/p>\n","protected":false},"author":1,"featured_media":0,"parent":0,"menu_order":0,"comment_status":"closed","ping_status":"closed","template":"","meta":{"footnotes":""},"class_list":["post-8070","page","type-page","status-publish","hentry"],"_links":{"self":[{"href":"https:\/\/mathsguyon.fr\/index.php?rest_route=\/wp\/v2\/pages\/8070","targetHints":{"allow":["GET"]}}],"collection":[{"href":"https:\/\/mathsguyon.fr\/index.php?rest_route=\/wp\/v2\/pages"}],"about":[{"href":"https:\/\/mathsguyon.fr\/index.php?rest_route=\/wp\/v2\/types\/page"}],"author":[{"embeddable":true,"href":"https:\/\/mathsguyon.fr\/index.php?rest_route=\/wp\/v2\/users\/1"}],"replies":[{"embeddable":true,"href":"https:\/\/mathsguyon.fr\/index.php?rest_route=%2Fwp%2Fv2%2Fcomments&post=8070"}],"version-history":[{"count":7,"href":"https:\/\/mathsguyon.fr\/index.php?rest_route=\/wp\/v2\/pages\/8070\/revisions"}],"predecessor-version":[{"id":8792,"href":"https:\/\/mathsguyon.fr\/index.php?rest_route=\/wp\/v2\/pages\/8070\/revisions\/8792"}],"wp:attachment":[{"href":"https:\/\/mathsguyon.fr\/index.php?rest_route=%2Fwp%2Fv2%2Fmedia&parent=8070"}],"curies":[{"name":"wp","href":"https:\/\/api.w.org\/{rel}","templated":true}]}}