{"id":8057,"date":"2021-04-05T10:29:39","date_gmt":"2021-04-05T09:29:39","guid":{"rendered":"http:\/\/mathsguyon.fr\/?page_id=8057"},"modified":"2021-04-05T19:16:38","modified_gmt":"2021-04-05T18:16:38","slug":"python","status":"publish","type":"page","link":"https:\/\/mathsguyon.fr\/?page_id=8057","title":{"rendered":"Python"},"content":{"rendered":"<h1 style=\"text-align: center;\">Le cours en ligne avec les vid\u00e9os :<\/h1>\n<h2><a href=\"https:\/\/mathsguyon.fr\/test\/index.php?l=fr&amp;n=2e&amp;c=Python\">Initiation \u00e0 Python<\/a><\/h2>\n<h2><a href=\"https:\/\/mathsguyon.fr\/test\/index.php?l=fr&amp;n=2e&amp;c=Python2\">Les fondamentaux de Python<\/a><\/h2>\n<hr \/>\n<h1 style=\"text-align: center;\">Les Travaux Pratiques :<\/h1>\n<ul>\n<li>\n<h2>TP n\u00b01 : <a href=\"https:\/\/mathsguyon.fr\/test\/index.php?l=fr&amp;n=2e&amp;c=TP1%20Python\">D\u00e9couverte des variables<\/a><\/h2>\n<\/li>\n<\/ul>\n<h2 style=\"padding-left: 40px;\"><strong>Corrections :<\/strong><\/h2>\n<h2 style=\"padding-left: 40px;\"><a href=\"https:\/\/www.dropbox.com\/s\/3ez12udnp9gxqc0\/exo1_trapeze.py?dl=0\">Script 1<\/a> Trap\u00e8ze ; <a href=\"https:\/\/www.dropbox.com\/s\/7sark7oa5jon3ho\/exo2_boite.py?dl=0\">Script 2<\/a> (la bo\u00eete) ; <a href=\"https:\/\/www.dropbox.com\/s\/ftvvfgq72vkxlnm\/exo3_disque.py?dl=0\">Script\u00a0 3<\/a>\u00a0 (le disque) ;\u00a0 <a href=\"https:\/\/www.dropbox.com\/s\/m3c9icez6jqcsvo\/exo4_ordre.py?dl=0\">Script 4<\/a> (ordre) ; <a href=\"https:\/\/www.dropbox.com\/s\/le44efen4ouxv2n\/exo5_interet.py?dl=0\">Script 5<\/a> (Int\u00e9r\u00eats) ; Script 6 (On change) : <a href=\"https:\/\/www.dropbox.com\/s\/4b3h53guzqnbtw9\/exo6_aetb_1.py?dl=0\">1<\/a> ; <a href=\"https:\/\/www.dropbox.com\/s\/lwex9w86gfkoisg\/exo6_aetb_2.py?dl=0\">2<\/a> et <a href=\"https:\/\/www.dropbox.com\/s\/rsd25ja1x89u1s1\/exo6_aetb_3.py?dl=0\">3<\/a><\/h2>\n<ul>\n<li>\n<h2>TP n\u00b02 : <a href=\"https:\/\/mathsguyon.fr\/test\/index.php?l=fr&amp;n=2e&amp;c=TP2%20Python\">La boucle for<\/a><\/h2>\n<\/li>\n<li>\n<h2>TP n\u00b03 : <a href=\"https:\/\/mathsguyon.fr\/test\/index.php?l=fr&amp;n=2e&amp;c=TP3%20Python\">Les tests : if then<\/a><\/h2>\n<\/li>\n<li>TP n\u00b04 :<\/li>\n<\/ul>\n<p>&nbsp;<\/p>\n","protected":false},"excerpt":{"rendered":"<p>Le cours en ligne avec les vid\u00e9os : Initiation \u00e0 Python Les fondamentaux de Python Les Travaux Pratiques : TP n\u00b01 : D\u00e9couverte des variables Corrections : Script 1 Trap\u00e8ze ; Script 2 (la bo\u00eete) ; Script\u00a0 3\u00a0 (le disque) &hellip; <a href=\"https:\/\/mathsguyon.fr\/?page_id=8057\">Continuer la lecture <span class=\"meta-nav\">&rarr;<\/span><\/a><\/p>\n","protected":false},"author":1,"featured_media":0,"parent":0,"menu_order":0,"comment_status":"closed","ping_status":"closed","template":"","meta":{"footnotes":""},"class_list":["post-8057","page","type-page","status-publish","hentry"],"_links":{"self":[{"href":"https:\/\/mathsguyon.fr\/index.php?rest_route=\/wp\/v2\/pages\/8057","targetHints":{"allow":["GET"]}}],"collection":[{"href":"https:\/\/mathsguyon.fr\/index.php?rest_route=\/wp\/v2\/pages"}],"about":[{"href":"https:\/\/mathsguyon.fr\/index.php?rest_route=\/wp\/v2\/types\/page"}],"author":[{"embeddable":true,"href":"https:\/\/mathsguyon.fr\/index.php?rest_route=\/wp\/v2\/users\/1"}],"replies":[{"embeddable":true,"href":"https:\/\/mathsguyon.fr\/index.php?rest_route=%2Fwp%2Fv2%2Fcomments&post=8057"}],"version-history":[{"count":10,"href":"https:\/\/mathsguyon.fr\/index.php?rest_route=\/wp\/v2\/pages\/8057\/revisions"}],"predecessor-version":[{"id":8069,"href":"https:\/\/mathsguyon.fr\/index.php?rest_route=\/wp\/v2\/pages\/8057\/revisions\/8069"}],"wp:attachment":[{"href":"https:\/\/mathsguyon.fr\/index.php?rest_route=%2Fwp%2Fv2%2Fmedia&parent=8057"}],"curies":[{"name":"wp","href":"https:\/\/api.w.org\/{rel}","templated":true}]}}