{"id":7914,"date":"2020-09-16T19:59:08","date_gmt":"2020-09-16T18:59:08","guid":{"rendered":"http:\/\/mathsguyon.fr\/?page_id=7914"},"modified":"2025-09-19T11:52:07","modified_gmt":"2025-09-19T10:52:07","slug":"calculer-avec-les-fractions","status":"publish","type":"page","link":"https:\/\/mathsguyon.fr\/?page_id=7914","title":{"rendered":"Calculer avec les fractions"},"content":{"rendered":"<h1><a href=\"http:\/\/mathsguyon.fr\/wp-content\/uploads\/2023\/09\/fractions_cours_2023_web.pdf\">Cours en pdf<\/a> \u00a0\u00a0\u00a0\u00a0\u00a0\u00a0\u00a0\u00a0\u00a0\u00a0\u00a0\u00a0\u00a0\u00a0\u00a0\u00a0\u00a0\u00a0\u00a0\u00a0\u00a0\u00a0\u00a0\u00a0\u00a0\u00a0\u00a0\u00a0\u00a0\u00a0\u00a0 <a href=\"http:\/\/mathsguyon.fr\/wp-content\/uploads\/2023\/09\/fractions_PDT_2023.pdf\">Plan de Travail<\/a><\/h1>\n\n\n<h2 class=\"wp-block-heading\"><a href=\"https:\/\/youtube.com\/embed\/hR6CxcDbN70\"><strong>Vid\u00e9o 1<\/strong><\/a> : Rappels de cours<\/h2>\n\n\n\n<h2 class=\"wp-block-heading\"><strong><a href=\"https:\/\/youtube.com\/embed\/Hn7vvvIFD-Q\">Vid\u00e9o 2<\/a> :<\/strong> Application<\/h2>\n\n\n\n<h2 class=\"wp-block-heading\"><a href=\"http:\/\/mathsguyon.fr\/?page_id=1531\">Rappels de cours plus d\u00e9taill\u00e9<\/a><\/h2>\n\n\n\n<h1 class=\"wp-block-heading\"><span style=\"color: #800000;\"><mark style=\"background-color:rgba(0, 0, 0, 0);color:#a72727\" class=\"has-inline-color\">Applications :<\/mark><\/span><\/h1>\n\n\n\n<h2 class=\"wp-block-heading\">Calculer : $$\\textbf{A}=\\dfrac{2}{3}+\\dfrac{7}{3}\\div \\dfrac{2}{9}$$   <a href=\"https:\/\/youtube.com\/embed\/Hn7vvvIFD-Q\" data-type=\"link\" data-id=\"https:\/\/youtube.com\/embed\/Hn7vvvIFD-Q\"><strong>Correction en vid\u00e9o<\/strong><\/a><\/h2>\n\n\n\n<h2 class=\"wp-block-heading\"><a href=\"https:\/\/mathsguyon.fr\/test\/index.php?l=fr&amp;n=2e&amp;c=exercices#I\">Exercices corrig\u00e9s en vid\u00e9os pour s&rsquo;entra\u00eener<\/a><\/h2>\n\n\n\n<h2 class=\"wp-block-heading\">et plusieurs exercices corrig\u00e9s en vid\u00e9os dans<a href=\"https:\/\/mathsguyon.fr\/test\/index.php?l=fr&amp;n=2e&amp;c=Fractions\"> le cours en ligne.<\/a><\/h2>\n","protected":false},"excerpt":{"rendered":"<p>Cours en pdf \u00a0\u00a0\u00a0\u00a0\u00a0\u00a0\u00a0\u00a0\u00a0\u00a0\u00a0\u00a0\u00a0\u00a0\u00a0\u00a0\u00a0\u00a0\u00a0\u00a0\u00a0\u00a0\u00a0\u00a0\u00a0\u00a0\u00a0\u00a0\u00a0\u00a0\u00a0 Plan de Travail Vid\u00e9o 1 : Rappels de cours Vid\u00e9o 2 : Application Rappels de cours plus d\u00e9taill\u00e9 Applications : Calculer : $$\\textbf{A}=\\dfrac{2}{3}+\\dfrac{7}{3}\\div \\dfrac{2}{9}$$ Correction en vid\u00e9o Exercices corrig\u00e9s en vid\u00e9os pour s&rsquo;entra\u00eener et plusieurs exercices &hellip; <a href=\"https:\/\/mathsguyon.fr\/?page_id=7914\">Continuer la lecture <span class=\"meta-nav\">&rarr;<\/span><\/a><\/p>\n","protected":false},"author":1,"featured_media":0,"parent":0,"menu_order":0,"comment_status":"closed","ping_status":"closed","template":"","meta":{"footnotes":""},"class_list":["post-7914","page","type-page","status-publish","hentry"],"_links":{"self":[{"href":"https:\/\/mathsguyon.fr\/index.php?rest_route=\/wp\/v2\/pages\/7914","targetHints":{"allow":["GET"]}}],"collection":[{"href":"https:\/\/mathsguyon.fr\/index.php?rest_route=\/wp\/v2\/pages"}],"about":[{"href":"https:\/\/mathsguyon.fr\/index.php?rest_route=\/wp\/v2\/types\/page"}],"author":[{"embeddable":true,"href":"https:\/\/mathsguyon.fr\/index.php?rest_route=\/wp\/v2\/users\/1"}],"replies":[{"embeddable":true,"href":"https:\/\/mathsguyon.fr\/index.php?rest_route=%2Fwp%2Fv2%2Fcomments&post=7914"}],"version-history":[{"count":49,"href":"https:\/\/mathsguyon.fr\/index.php?rest_route=\/wp\/v2\/pages\/7914\/revisions"}],"predecessor-version":[{"id":10364,"href":"https:\/\/mathsguyon.fr\/index.php?rest_route=\/wp\/v2\/pages\/7914\/revisions\/10364"}],"wp:attachment":[{"href":"https:\/\/mathsguyon.fr\/index.php?rest_route=%2Fwp%2Fv2%2Fmedia&parent=7914"}],"curies":[{"name":"wp","href":"https:\/\/api.w.org\/{rel}","templated":true}]}}