{"id":7557,"date":"2020-05-09T17:50:47","date_gmt":"2020-05-09T16:50:47","guid":{"rendered":"http:\/\/mathsguyon.fr\/?page_id=7557"},"modified":"2020-05-09T21:53:40","modified_gmt":"2020-05-09T20:53:40","slug":"suites-geometriques-correction-exo-9_2","status":"publish","type":"page","link":"https:\/\/mathsguyon.fr\/?page_id=7557","title":{"rendered":"Suites g\u00e9om\u00e9triques correction exo 9_2"},"content":{"rendered":"<p>La suite d\u00e9finie par $$\\left\\{\\begin{array}{l}v_{0}=100 \\\\u_{n+1}=v_{n}+\\frac{6}{100} v_{n}\\end{array} \\right .$$<\/p>\n<p>se r\u00e9\u00e9crit<\/p>\n<p>$$\\left\\{\\begin{array}{l}v_{0}=100 \\\\v_{n+1}=1,06 u_{n}\\end{array}\\right .$$<\/p>\n<p>donc est une suite g\u00e9om\u00e9trique de raison\u00a0 \\(1,06\\) et de\u00a0 premier terme \\( 100\\)<\/p>\n<h2 style=\"text-align: center;\"><a href=\"http:\/\/mathsguyon.fr\/?page_id=7230\">Retour page suites g\u00e9om\u00e9triques<\/a><\/h2>\n","protected":false},"excerpt":{"rendered":"<p>La suite d\u00e9finie par $$\\left\\{\\begin{array}{l}v_{0}=100 \\\\u_{n+1}=v_{n}+\\frac{6}{100} v_{n}\\end{array} \\right .$$ se r\u00e9\u00e9crit $$\\left\\{\\begin{array}{l}v_{0}=100 \\\\v_{n+1}=1,06 u_{n}\\end{array}\\right .$$ donc est une suite g\u00e9om\u00e9trique de raison\u00a0 \\(1,06\\) et de\u00a0 premier terme \\( 100\\) Retour page suites g\u00e9om\u00e9triques<\/p>\n","protected":false},"author":1,"featured_media":0,"parent":0,"menu_order":0,"comment_status":"closed","ping_status":"closed","template":"","meta":{"footnotes":""},"class_list":["post-7557","page","type-page","status-publish","hentry"],"_links":{"self":[{"href":"https:\/\/mathsguyon.fr\/index.php?rest_route=\/wp\/v2\/pages\/7557","targetHints":{"allow":["GET"]}}],"collection":[{"href":"https:\/\/mathsguyon.fr\/index.php?rest_route=\/wp\/v2\/pages"}],"about":[{"href":"https:\/\/mathsguyon.fr\/index.php?rest_route=\/wp\/v2\/types\/page"}],"author":[{"embeddable":true,"href":"https:\/\/mathsguyon.fr\/index.php?rest_route=\/wp\/v2\/users\/1"}],"replies":[{"embeddable":true,"href":"https:\/\/mathsguyon.fr\/index.php?rest_route=%2Fwp%2Fv2%2Fcomments&post=7557"}],"version-history":[{"count":4,"href":"https:\/\/mathsguyon.fr\/index.php?rest_route=\/wp\/v2\/pages\/7557\/revisions"}],"predecessor-version":[{"id":7581,"href":"https:\/\/mathsguyon.fr\/index.php?rest_route=\/wp\/v2\/pages\/7557\/revisions\/7581"}],"wp:attachment":[{"href":"https:\/\/mathsguyon.fr\/index.php?rest_route=%2Fwp%2Fv2%2Fmedia&parent=7557"}],"curies":[{"name":"wp","href":"https:\/\/api.w.org\/{rel}","templated":true}]}}