{"id":7501,"date":"2020-05-09T14:08:41","date_gmt":"2020-05-09T13:08:41","guid":{"rendered":"http:\/\/mathsguyon.fr\/?page_id=7501"},"modified":"2020-05-09T16:06:49","modified_gmt":"2020-05-09T15:06:49","slug":"suites-arithmetiques-correction-exo-8","status":"publish","type":"page","link":"https:\/\/mathsguyon.fr\/?page_id=7501","title":{"rendered":"Suites arithm\u00e9tiques correction exo 7.4"},"content":{"rendered":"<p>\\({Si}\\left(u_{n}\\right)\\) est une suite arithm\u00e9tique de raison 5 et de premier terme \\(u_{0}=2\\),<\/p>\n<p>La somme \\(\\displaystyle\\sum_{i=3}^{i=n} u_{i}=u_3+\\dots+u_n\\) est la somme des \\(n-3+1\\) termes de la suite \\(u_n)\\), en partant de \\(u_{3}=u_{0}+3 r=2+3 \\times 5=17 \\)<\/p>\n<p>jusqu&rsquo;\u00e0 \\( u_{n}=u_{0}+n r=2+5 n \\) .<\/p>\n<p>Cette somme s&rsquo;exprime\u00a0 en fonction\u00a0 de \\(n\\) par la relation :<\/p>\n<p>\\(\\displaystyle\\sum_{i=3}^{i=n} u_{i}=\\underbrace{(n-2)}_{\\text {nombre de\u00a0 termes }} \\times \\dfrac{\\overbrace{17}^{Premier terme}+\\overbrace{2+5 n}^{Dernier terme}}{2}=\\frac{(n-2)(19+5 n)}{2}\\)<br \/>\n\\(\\displaystyle\\sum_{i=3}^{i=n} u_{i}=6456\\) \u00e9quivaut alors \u00e0 \\(\\dfrac{(n-2)(19+5 n)}{2}=6456 \\Leftrightarrow 5 n^{2}+9 n-38=12912,\\) c&rsquo;est-\u00e0 dire \u00e0 \\(5 n^{2}+9 n-12950=0\\)<br \/>\nOn r\u00e9sout cette \u00e9quation du second degr\u00e9 en calculant son discriminant, et on obtient deux solutions distinctes, dont la seule enti\u00e8re positive est \\(n=50\\)<\/p>\n<h2 style=\"text-align: center;\"><a href=\"http:\/\/mathsguyon.fr\/?page_id=7230\">Retour page suites arithm\u00e9tiques<\/a><\/h2>\n","protected":false},"excerpt":{"rendered":"<p>\\({Si}\\left(u_{n}\\right)\\) est une suite arithm\u00e9tique de raison 5 et de premier terme \\(u_{0}=2\\), La somme \\(\\displaystyle\\sum_{i=3}^{i=n} u_{i}=u_3+\\dots+u_n\\) est la somme des \\(n-3+1\\) termes de la suite \\(u_n)\\), en partant de \\(u_{3}=u_{0}+3 r=2+3 \\times 5=17 \\) jusqu&rsquo;\u00e0 \\( u_{n}=u_{0}+n r=2+5 n &hellip; <a href=\"https:\/\/mathsguyon.fr\/?page_id=7501\">Continuer la lecture <span class=\"meta-nav\">&rarr;<\/span><\/a><\/p>\n","protected":false},"author":1,"featured_media":0,"parent":0,"menu_order":0,"comment_status":"closed","ping_status":"closed","template":"","meta":{"footnotes":""},"class_list":["post-7501","page","type-page","status-publish","hentry"],"_links":{"self":[{"href":"https:\/\/mathsguyon.fr\/index.php?rest_route=\/wp\/v2\/pages\/7501","targetHints":{"allow":["GET"]}}],"collection":[{"href":"https:\/\/mathsguyon.fr\/index.php?rest_route=\/wp\/v2\/pages"}],"about":[{"href":"https:\/\/mathsguyon.fr\/index.php?rest_route=\/wp\/v2\/types\/page"}],"author":[{"embeddable":true,"href":"https:\/\/mathsguyon.fr\/index.php?rest_route=\/wp\/v2\/users\/1"}],"replies":[{"embeddable":true,"href":"https:\/\/mathsguyon.fr\/index.php?rest_route=%2Fwp%2Fv2%2Fcomments&post=7501"}],"version-history":[{"count":16,"href":"https:\/\/mathsguyon.fr\/index.php?rest_route=\/wp\/v2\/pages\/7501\/revisions"}],"predecessor-version":[{"id":7525,"href":"https:\/\/mathsguyon.fr\/index.php?rest_route=\/wp\/v2\/pages\/7501\/revisions\/7525"}],"wp:attachment":[{"href":"https:\/\/mathsguyon.fr\/index.php?rest_route=%2Fwp%2Fv2%2Fmedia&parent=7501"}],"curies":[{"name":"wp","href":"https:\/\/api.w.org\/{rel}","templated":true}]}}