{"id":7405,"date":"2020-05-09T09:11:45","date_gmt":"2020-05-09T08:11:45","guid":{"rendered":"http:\/\/mathsguyon.fr\/?page_id=7405"},"modified":"2020-05-09T09:27:28","modified_gmt":"2020-05-09T08:27:28","slug":"suites-arithmetiques-correction-exo-1","status":"publish","type":"page","link":"https:\/\/mathsguyon.fr\/?page_id=7405","title":{"rendered":"suites arithm\u00e9tiques : correction exo 1"},"content":{"rendered":"<p>\\(u_{n+1}-u_{n}=5-7(n+1)-(5-7 n)\\)<\/p>\n<p style=\"padding-left: 40px;\">\\(=5-7 n-7-5+7 n\\)<\/p>\n<p style=\"padding-left: 40px;\">\\(=-7\\)<\/p>\n<p>La diff\u00e9rence entre un terme et son pr\u00e9c\u00e9dent reste constante et \u00e9gale \u00e0 &#8211; 7 .<br \/>\nDonc, \\((u_n)\\) est une suite arithm\u00e9tique.<\/p>\n<h2 style=\"text-align: center;\"><a href=\"http:\/\/mathsguyon.fr\/?page_id=7230\">Retour page suites arithm\u00e9tiques<\/a><\/h2>\n","protected":false},"excerpt":{"rendered":"<p>\\(u_{n+1}-u_{n}=5-7(n+1)-(5-7 n)\\) \\(=5-7 n-7-5+7 n\\) \\(=-7\\) La diff\u00e9rence entre un terme et son pr\u00e9c\u00e9dent reste constante et \u00e9gale \u00e0 &#8211; 7 . Donc, \\((u_n)\\) est une suite arithm\u00e9tique. Retour page suites arithm\u00e9tiques<\/p>\n","protected":false},"author":1,"featured_media":0,"parent":0,"menu_order":0,"comment_status":"closed","ping_status":"closed","template":"","meta":{"footnotes":""},"class_list":["post-7405","page","type-page","status-publish","hentry"],"_links":{"self":[{"href":"https:\/\/mathsguyon.fr\/index.php?rest_route=\/wp\/v2\/pages\/7405","targetHints":{"allow":["GET"]}}],"collection":[{"href":"https:\/\/mathsguyon.fr\/index.php?rest_route=\/wp\/v2\/pages"}],"about":[{"href":"https:\/\/mathsguyon.fr\/index.php?rest_route=\/wp\/v2\/types\/page"}],"author":[{"embeddable":true,"href":"https:\/\/mathsguyon.fr\/index.php?rest_route=\/wp\/v2\/users\/1"}],"replies":[{"embeddable":true,"href":"https:\/\/mathsguyon.fr\/index.php?rest_route=%2Fwp%2Fv2%2Fcomments&post=7405"}],"version-history":[{"count":10,"href":"https:\/\/mathsguyon.fr\/index.php?rest_route=\/wp\/v2\/pages\/7405\/revisions"}],"predecessor-version":[{"id":7420,"href":"https:\/\/mathsguyon.fr\/index.php?rest_route=\/wp\/v2\/pages\/7405\/revisions\/7420"}],"wp:attachment":[{"href":"https:\/\/mathsguyon.fr\/index.php?rest_route=%2Fwp%2Fv2%2Fmedia&parent=7405"}],"curies":[{"name":"wp","href":"https:\/\/api.w.org\/{rel}","templated":true}]}}