{"id":7230,"date":"2020-05-03T22:09:09","date_gmt":"2020-05-03T21:09:09","guid":{"rendered":"http:\/\/mathsguyon.fr\/?page_id=7230"},"modified":"2024-02-02T07:46:17","modified_gmt":"2024-02-02T06:46:17","slug":"suites-arithmetiques-et-geometriques","status":"publish","type":"page","link":"https:\/\/mathsguyon.fr\/?page_id=7230","title":{"rendered":"suites arithm\u00e9tiques et g\u00e9om\u00e9triques"},"content":{"rendered":"<h2 style=\"text-align: center;\"><a href=\"http:\/\/mathsguyon.fr\/wp-content\/uploads\/2024\/02\/Cours_suites_Arith_geom_2023.pdf\">Cours en pdf<\/a>\u00a0\u00a0\u00a0\u00a0\u00a0\u00a0\u00a0 <a href=\"http:\/\/mathsguyon.fr\/wp-content\/uploads\/2024\/02\/PDT_2024_guyon.pdf\">Plan de travail<\/a><\/h2>\n<hr \/>\n<h2><strong>1. D\u00e9finition d&rsquo;une suite arithm\u00e9tique<\/strong><\/h2>\n<h2 style=\"text-align: center;\"><a href=\"https:\/\/youtube.com\/embed\/BannsoFEzpw\">Vid\u00e9o 1<\/a> \u00a0\u00a0\u00a0 &#8211; \u00a0\u00a0 <strong>\u00a0 QCM 1:<\/strong> <a href=\"https:\/\/link.dgpad.net\/Bfms\">Identifi\u00e9\u00a0\u00a0<\/a> &#8211;\u00a0\u00a0 <a href=\"https:\/\/link.dgpad.net\/aA7i\">Anonyme<\/a><\/h2>\n<p><strong><span style=\"color: #800000;\">Exercice 1 : <\/span><\/strong><\/p>\n<p>1. La suite \\(( u_n )\\) d\u00e9finie par : \\(u_n = 5 \u2013 7n\\) est-elle arithm\u00e9tique ?\u00a0\u00a0<span style=\"color: #008000;\"> <a style=\"color: #008000;\" href=\"http:\/\/mathsguyon.fr\/?page_id=7405\"><strong>correction \u00e9crite<\/strong><\/a><\/span><br \/>\n2) La suite \\(( v_n )\\) d\u00e9finie par : \\(v_n = n\u00b2 + 9\\) est-elle arithm\u00e9tique ?\u00a0 <span style=\"color: #008000;\"><a style=\"color: #008000;\" href=\"http:\/\/mathsguyon.fr\/?page_id=7416\"><strong>correction \u00e9crite<\/strong><\/a><\/span><\/p>\n<hr \/>\n<h2><strong>2. Terme g\u00e9n\u00e9ral d&rsquo;une suite arithm\u00e9tique<\/strong><\/h2>\n<h2 style=\"text-align: center;\"><a href=\"https:\/\/youtube.com\/embed\/9BLUNmTat9M\">Vid\u00e9o 2 <\/a>\u00a0\u00a0\u00a0\u00a0\u00a0\u00a0\u00a0\u00a0 &#8211; \u00a0\u00a0\u00a0\u00a0\u00a0\u00a0\u00a0\u00a0\u00a0 <a href=\"https:\/\/youtube.com\/embed\/jJr5QS_tAx8\">Vid\u00e9o 3 : D\u00e9monstration fondamentale<\/a><\/h2>\n<h2 style=\"text-align: center;\"><strong>QCM 2:<\/strong> <a href=\"https:\/\/link.dgpad.net\/kW4W\">Identifi\u00e9<\/a>\u00a0\u00a0 &#8211;\u00a0\u00a0 <a href=\"https:\/\/link.dgpad.net\/7n45\">Anonyme<\/a><\/h2>\n<p><span style=\"color: #800000;\"><strong>Exercice 2 :<span style=\"color: #008000;\">\u00a0<a style=\"color: #008000;\" href=\"http:\/\/mathsguyon.fr\/?page_id=7428\"> Correction \u00e9crite<\/a><\/span><\/strong><\/span><\/p>\n<p>Consid\u00e9rons la suite arithm\u00e9tique\\((u_n\\)) tel que \\({u}_{5}=4\\) et \\({u}_{9}=24\\)<br \/>\n1) D\u00e9terminer la raison et le premier terme de la suite \\((u_n\\)).<br \/>\n2) Exprimer \\(u_{n}\\) en fonction de \\(n\\)<\/p>\n<p><span style=\"color: #800000;\"><strong>Exercice 3 : <a href=\"http:\/\/mathsguyon.fr\/?page_id=7440\"><span style=\"color: #008000;\">Correction \u00e9crite<\/span><\/a><\/strong><\/span><br \/>\nSoit \\(( v_n )\\)\u00a0 une suite arithm\u00e9tique ayant comme second terme \\({v}_{1}=5\\) et 9 \u00e8me terme \\(v_{8}=8,5\\)<br \/>\nCalculer la raison de la suite \\(( v_n )\\)\u00a0 et son premier terme.<\/p>\n<hr \/>\n<h2><strong>3. Sens de variation d&rsquo;une suite arithm\u00e9tique<\/strong><\/h2>\n<h2 style=\"text-align: center;\"><a href=\"https:\/\/youtube.com\/embed\/23ozQogokIg\">Vid\u00e9o 4 <\/a>\u00a0\u00a0 &#8211; \u00a0\u00a0 <strong>QCM 3:<\/strong> <a href=\"https:\/\/link.dgpad.net\/Vp49\">Identifi\u00e9\u00a0\u00a0<\/a> &#8211;\u00a0\u00a0 <a href=\"https:\/\/doctools.dgpad.net\/exam.php?datas=eyJiYXNlaWQiOiIxMEllUkF1c2ZQSmdSejcxd0tiMThGeGJJRVA0aWVkVTRXck4xZDVYS3pIRSIsImRlX2Jhc2UiOiIxWF9MaGlYSDZadW43dHJTQVZZdjYxbUkzU194X1o5RXFEM1BSZkVjN19wQSIsImlkIjoiMTJNZ1h3MTlpbEYwYVdCTC0yTG05Z0R4TDNlbXplTnhibTRUVEZQTnVtak0iLCJ1c2VycyI6IkFub255bWUifQ==\">Anonyme<\/a><\/h2>\n<p><strong><span style=\"color: #800000;\">Exercice 4 :<\/span> <a href=\"http:\/\/mathsguyon.fr\/?page_id=7449\"><span style=\"color: #008000;\">Correction \u00e9crite<\/span><\/a><br \/>\n<\/strong><\/p>\n<p>D\u00e9terminer le sens de variation de la suite \\((u_n\\)) d\u00e9finie par \\(u_{n+1} =u_n + 2\\) et \\(u_0 = 11\\).<\/p>\n<p><strong><span style=\"color: #800000;\">Exercice 5 :<\/span> <span style=\"color: #008000;\"><a style=\"color: #008000;\" href=\"http:\/\/mathsguyon.fr\/?page_id=7459\">Correction \u00e9crite<\/a><\/span><\/strong><\/p>\n<p>D\u00e9terminer le sens de variation de la suite \\((u_n\\)) d\u00e9finie par \\(u_{n+1} =u_n -5\\) et \\(u_0 = 7\\).<\/p>\n<hr \/>\n<h2><strong>4. Somme des termes d&rsquo;une suite arithm\u00e9tique :<\/strong><\/h2>\n<h2 style=\"text-align: center;\"><a href=\"https:\/\/youtube.com\/embed\/859vExmMHLA\">Vid\u00e9o 5 : D\u00e9monstration fondamentale\u00a0<\/a> &#8211; \u00a0 Vid\u00e9o 6 : <a href=\"https:\/\/youtube.com\/embed\/hgaEYvYm5iA\">Le cours<\/a><\/h2>\n<h2 style=\"text-align: center;\"><a href=\"http:\/\/mathsguyon.fr\/?page_id=7373\">Le cours \u00e0 lire<\/a><\/h2>\n<h2 style=\"text-align: center;\"><strong>QCM 4:<\/strong> <a href=\"https:\/\/link.dgpad.net\/jGma\">Identifi\u00e9\u00a0\u00a0<\/a> &#8211;\u00a0\u00a0 <a href=\"https:\/\/doctools.dgpad.net\/exam.php?datas=eyJiYXNlaWQiOiIxMEllUkF1c2ZQSmdSejcxd0tiMThGeGJJRVA0aWVkVTRXck4xZDVYS3pIRSIsImRlX2Jhc2UiOiIxWF9MaGlYSDZadW43dHJTQVZZdjYxbUkzU194X1o5RXFEM1BSZkVjN19wQSIsImlkIjoiMWt6RGhsMk1FZHlORnppZUNpMHVBZ05OU2FtTEFtaDJFUVhZWEpweDQzS28iLCJ1c2VycyI6IkFub255bWUifQ==\">Anonyme<\/a><\/h2>\n<p><span style=\"color: #800000;\"><strong>Exercice 6 :<br \/>\n<\/strong><\/span><\/p>\n<p>1. Calcul de la valeur de \\(S = 1 + 2 + 3 + \u2026 + 133\\)\u00a0\u00a0\u00a0\u00a0<strong><a href=\"http:\/\/mathsguyon.fr\/?page_id=7467\"><span style=\"color: #008000;\">Correction \u00e9crite<\/span><\/a><br \/>\n<\/strong><\/p>\n<p>2. Calcul de la valeur de \\(S = 30 + 33 + 36 + \u2026+ 264\\)<strong> \u00a0\u00a0\u00a0\u00a0\u00a0\u00a0\u00a0\u00a0\u00a0\u00a0 <span style=\"color: #008000;\"><a style=\"color: #008000;\" href=\"http:\/\/mathsguyon.fr\/?page_id=7475\">Correction \u00e9crite<\/a><\/span><br \/>\n<\/strong><\/p>\n<p><span style=\"color: #800000;\"><strong>Exercice 7 :<\/strong><\/span><\/p>\n<p>1. On consid\u00e8re la suite \\(( u_n )\\) arithm\u00e9tique de premier terme 3 et de raison 2.<\/p>\n<p>D\u00e9terminer la valeur de la somme : \\(S = u_0 + u_1 + \u00b7 \u00b7 \u00b7 + u_{34}\\)\u00a0 <span style=\"color: #008000;\"><strong><a style=\"color: #008000;\" href=\"http:\/\/mathsguyon.fr\/?page_id=7467\">Correction \u00e9crite<\/a><\/strong><\/span><\/p>\n<p>2. On consid\u00e8re la suite (\u00a0v<sub>n<\/sub>\u00a0)\u00a0d\u00e9finie pour tout entier naturel n (n\u2208N) par :\u00a0v<sub>n<\/sub> = 2\u22123n<\/p>\n<p>D\u00e9terminer la valeur de la somme : \\(S = v_4 + \\dots + v_{15}\\)\u00a0\u00a0\u00a0\u00a0 <strong><span style=\"color: #008000;\"><a style=\"color: #008000;\" href=\"http:\/\/mathsguyon.fr\/?page_id=7489\">Correction \u00e9crite<\/a><\/span><\/strong><\/p>\n<p>3. Une horloge sonne toutes les heures, de 1 coup \u00e0 1 heure du matin \u00e0 24 coups \u00e0 minuit. Quel est le nombre de sons de cloche entendus en 24 heures ? <span style=\"color: #008000;\"><a style=\"color: #008000;\" href=\"http:\/\/mathsguyon.fr\/?page_id=7526\">Correction \u00e9crite<\/a><\/span><\/p>\n<p>4. Soit une suite arithm\u00e9tique \\(( u_n )\\) de raison 5,\u00a0 telle que \\(u_{0}=2\\). \\(n\\) \u00e9tant un nombre entier, on a : \\(\\displaystyle\\sum_{i=3}^{i=n} u_{i}=6456 .\\) Calculez \\(n\\) \u00a0<span style=\"color: #008000;\">\u00a0 <a style=\"color: #008000;\" href=\"http:\/\/mathsguyon.fr\/?page_id=7501\">Correction \u00e9crite<\/a><\/span><\/p>\n<p style=\"text-align: left;\"><span style=\"color: #800000;\"><strong>Pour aller plus loin (trop loin ??) :<\/strong> <\/span>L&rsquo;\u00e9galit\u00e9 \\(1 + 2 + 3 + 4 + .. = -\\dfrac{1}{12}\\), est-elle vraie ? \u00a0<a href=\"https:\/\/youtu.be\/GnZQOb9YNV4\">Vid\u00e9o de<\/a><a href=\"https:\/\/youtu.be\/GnZQOb9YNV4\"> Benoit Rittaud<\/a><\/p>\n<hr \/>\n<h2><strong>5. Repr\u00e9sentation graphique d&rsquo;une suite arithm\u00e9tique<\/strong><\/h2>\n<h2 style=\"text-align: center;\"><a href=\"https:\/\/youtube.com\/embed\/nk-d_y4k1-U\">Vid\u00e9o 7<\/a> \u00a0\u00a0\u00a0\u00a0\u00a0QCM 5: <a href=\"https:\/\/link.dgpad.net\/QHud\">Identifi\u00e9\u00a0\u00a0<\/a> &#8211;\u00a0\u00a0 <a href=\"https:\/\/doctools.dgpad.net\/exam.php?datas=eyJiYXNlaWQiOiIxMEllUkF1c2ZQSmdSejcxd0tiMThGeGJJRVA0aWVkVTRXck4xZDVYS3pIRSIsImRlX2Jhc2UiOiIxWF9MaGlYSDZadW43dHJTQVZZdjYxbUkzU194X1o5RXFEM1BSZkVjN19wQSIsImlkIjoiMTFFVFdtT2U2V2lwTjZheUQ2MXgzU2NBVS1OeC1EekNwQTZhVlR4STJWU0EiLCJ1c2VycyI6IkFub255bWUifQ==\">Anonyme<\/a><\/h2>\n<hr \/>\n<h2><strong>6. D\u00e9finition d&rsquo;une suite g\u00e9om\u00e9trique<\/strong><\/h2>\n<h2 style=\"text-align: center;\"><a href=\"https:\/\/youtube.com\/embed\/TG6nd9Iti4I\">Vid\u00e9o 8\u00a0<\/a> QCM 6: <a href=\"https:\/\/link.dgpad.net\/deg6\">Identifi\u00e9\u00a0\u00a0<\/a> &#8211;\u00a0\u00a0 <a href=\"https:\/\/doctools.dgpad.net\/connect.php?datas=eyJiYXNlaWQiOiIxMEllUkF1c2ZQSmdSejcxd0tiMThGeGJJRVA0aWVkVTRXck4xZDVYS3pIRSIsImRlX2Jhc2UiOiIxWF9MaGlYSDZadW43dHJTQVZZdjYxbUkzU194X1o5RXFEM1BSZkVjN19wQSIsImlkIjoiMWJ4TmNjb0tfY2FLZWNJU2dqbWkzZGd1RHczSU5taElaRmswSmFLVThlTjAiLCJ1c2VycyI6IkFub255bWUifQ==\">Anonyme<\/a><\/h2>\n<p><span style=\"color: #800000;\"><strong>Exercice 8 : <a href=\"http:\/\/mathsguyon.fr\/?page_id=7546\"><span style=\"color: #008000;\">Correction <\/span><\/a><br \/>\n<\/strong><\/span><\/p>\n<p>Les nombres suivants sont-ils en progression g\u00e9om\u00e9trique ? 346834 ; 3434 ; 34<\/p>\n<p><span style=\"color: #800000;\"><strong>Exercice 9 :<\/strong><\/span><\/p>\n<p>Ces deux suites sont-elles g\u00e9om\u00e9triques ? <span style=\"color: #008000;\"><strong><a style=\"color: #008000;\" href=\"http:\/\/mathsguyon.fr\/?page_id=7549\">Correction\u00a0 \\((u_n)\\)<\/a><\/strong>\u00a0 &#8211; \u00a0\u00a0 <strong><a style=\"color: #008000;\" href=\"http:\/\/mathsguyon.fr\/?page_id=7557\">correction \\((v_n)\\)<\/a><\/strong><\/span><\/p>\n<p>$$\\left\\{\\begin{array}{l}u_{0}&amp;=7 \\\\u_{n+1}&amp;=u_{n}^{2}\\end{array}\\right .$$<\/p>\n<p>\\[\\left\\{\\begin{array}{l}v_{0}&amp;=100 \\\\ v_{n+1}&amp;=v_{n}+\\frac{6}{100} v_{n}\\end{array}\\right .\\]<\/p>\n<hr \/>\n<h2><strong>7. \u00c9volution en pourcentage<br \/>\n<\/strong><\/h2>\n<h2 style=\"text-align: center;\"><a href=\"https:\/\/youtube.com\/embed\/qHfezeWApKU\">Vid\u00e9o 9<\/a> &#8211; QCM 7: <a href=\"https:\/\/link.dgpad.net\/DMfz\">Identifi\u00e9\u00a0\u00a0<\/a> &#8211;\u00a0\u00a0 <a href=\"https:\/\/doctools.dgpad.net\/exam.php?datas=eyJiYXNlaWQiOiIxMEllUkF1c2ZQSmdSejcxd0tiMThGeGJJRVA0aWVkVTRXck4xZDVYS3pIRSIsImRlX2Jhc2UiOiIxWF9MaGlYSDZadW43dHJTQVZZdjYxbUkzU194X1o5RXFEM1BSZkVjN19wQSIsImlkIjoiMXpaUVlXR2pfMzNUbmFlS3B3UTRxWnhCRC0wUURueXFUT3d2Nlh3MTdNQk0iLCJ1c2VycyI6IkFub255bWUifQ==\">Anonyme<\/a><\/h2>\n<hr \/>\n<h2><strong>8. Terme g\u00e9n\u00e9ral d&rsquo;une suite g\u00e9om\u00e9trique<\/strong><\/h2>\n<h2 style=\"text-align: center;\"><a href=\"https:\/\/youtube.com\/embed\/258HjvzZEm4\">Vid\u00e9o 10<\/a> &#8211; <a href=\"https:\/\/youtube.com\/embed\/hkGO9lyy0rU\">Vid\u00e9o 11 : D\u00e9monstration fondamentale<\/a><\/h2>\n<h2 style=\"text-align: center;\">QCM 8: <a href=\"https:\/\/link.dgpad.net\/WLPH\">Identifi\u00e9\u00a0\u00a0<\/a> &#8211;\u00a0\u00a0 <a href=\"https:\/\/doctools.dgpad.net\/connect.php?datas=eyJiYXNlaWQiOiIxMEllUkF1c2ZQSmdSejcxd0tiMThGeGJJRVA0aWVkVTRXck4xZDVYS3pIRSIsImRlX2Jhc2UiOiIxWF9MaGlYSDZadW43dHJTQVZZdjYxbUkzU194X1o5RXFEM1BSZkVjN19wQSIsImlkIjoiMTVGam4zaE00am5xbS1BaW1NR014dUJaX253cWt1OEozWWcxR3VPRDZBNE0iLCJ1c2VycyI6IkFub255bWUifQ==\">Anonyme<\/a><\/h2>\n<p><span style=\"color: #800000;\"><strong>Exercice 10 :<\/strong><\/span><\/p>\n<p>\\(\\left(u_{n}\\right)\\) est une suite g\u00e9om\u00e9trique de raison \\(q\\)<br \/>\n1) On sait que \\(u_{0}=32\\) et \\(q=\\dfrac{1}{4} \\). Calculer \\(u_{2}, u_{3}, u_{5}, u_{8}\\)\u00a0 <span style=\"color: #008000;\"><strong><a style=\"color: #008000;\" href=\"http:\/\/mathsguyon.fr\/?page_id=7569\">Correction<\/a><\/strong><\/span><br \/>\n2) On sait que \\(u_{1}=\\dfrac{1}{125}\\) et \\(q=5 \\). Calculer \\(u_{0}, u_{5}, u_{7}, u_{20}\\)\u00a0 <a href=\"http:\/\/mathsguyon.fr\/?page_id=7574\"><strong><span style=\"color: #339966;\">Correction<\/span><\/strong><\/a><br \/>\n3) On sait que \\(u_{0}=1\\) et \\(u_{1}=\\dfrac{1}{3}\\). Calculer \\(q, u_{2}\\) et \\(u_{5}\\)\u00a0 <a href=\"http:\/\/mathsguyon.fr\/?page_id=7586\"><span style=\"color: #339966;\"><strong>Correction<\/strong><\/span><\/a><br \/>\n4) On sait que \\(u_{0}=3\\) et \\(u_{2}=12 \\). Calculer \\(q, u_{1}\\) et \\(u_{5}\\)\u00a0\u00a0<span style=\"color: #339966;\"><strong> <a style=\"color: #339966;\" href=\"http:\/\/mathsguyon.fr\/?page_id=7596\">Correction<\/a><\/strong><\/span><br \/>\n5) On sait que \\(u_{1}=-1\\) et \\(u_{10}=1\\). Calculer \\(q, u_{0}\\) et \\(u_{5}\\)\u00a0 <span style=\"color: #339966;\"><a style=\"color: #339966;\" href=\"http:\/\/mathsguyon.fr\/?page_id=7605\"><strong>Correction<\/strong><\/a><\/span><\/p>\n<hr \/>\n<h2><strong>9. Sens de variation d&rsquo;une suite g\u00e9om\u00e9trique<\/strong><\/h2>\n<h2 style=\"text-align: center;\"><a href=\"https:\/\/youtube.com\/embed\/YKjuw2FqHMc\">Vid\u00e9o 12\u00a0 <\/a>&#8211; <a href=\"https:\/\/youtube.com\/embed\/50NfnyKTz3Y\">Vid\u00e9o 13<\/a> : <strong>D\u00e9monstration fondamentale<br \/>\n<\/strong><\/h2>\n<h2 style=\"text-align: center;\">QCM 9: <a href=\"https:\/\/link.dgpad.net\/Vbdr\">Identifi\u00e9\u00a0\u00a0<\/a> &#8211;\u00a0\u00a0 Anonyme<\/h2>\n<h2 style=\"text-align: center;\">QCM 10 (Algorithme de seuil) : <a href=\"https:\/\/link.dgpad.net\/QA36\">Identifi\u00e9<\/a><\/h2>\n<hr \/>\n<h2><strong>10.Somme des termes d&rsquo;une suite g\u00e9om\u00e9trique<br \/>\n<\/strong><\/h2>\n<h2 style=\"text-align: center;\"><a href=\"https:\/\/youtube.com\/embed\/Cl2gd1oywFc\">Vid\u00e9o 14<\/a> : Activit\u00e9\u00a0 &#8211; <a href=\"https:\/\/youtube.com\/embed\/qTe8Qh321Xg\">Vid\u00e9o 15<\/a> : \\(Calcul de 1+q+q^2+&#8230;+q^n\\) &#8211;<\/h2>\n<h2 style=\"text-align: center;\"><a href=\"https:\/\/youtube.com\/embed\/kORQ7ZLw9CU\">Vid\u00e9o 16<\/a>: Somme des termes d&rsquo;une suite g\u00e9om\u00e9trique<strong><br \/>\n<\/strong><\/h2>\n<h2 style=\"text-align: center;\"><a href=\"https:\/\/youtube.com\/embed\/YuAYEdLh1w8\">Vid\u00e9o 17<\/a> : D\u00e9monstration fondamentale somme des termes g\u00e9om\u00e9triques<\/h2>\n<h2 style=\"text-align: center;\">\u00a0\u00a0\u00a0\u00a0 QCM 10: Identifi\u00e9\u00a0\u00a0 &#8211;\u00a0\u00a0 Anonyme<\/h2>\n<hr \/>\n<h2><strong>11. Repr\u00e9sentation graphique d&rsquo;une suite g\u00e9om\u00e9trique<\/strong><\/h2>\n<h2 style=\"text-align: center;\"><a href=\"https:\/\/youtube.com\/embed\/CT1zSLigPo4\">\u00a0Vid\u00e9o 18<\/a> &#8211;\u00a0 QCM 11: Identifi\u00e9\u00a0\u00a0 &#8211;\u00a0\u00a0 Anonyme<\/h2>\n","protected":false},"excerpt":{"rendered":"<p>Cours en pdf\u00a0\u00a0\u00a0\u00a0\u00a0\u00a0\u00a0 Plan de travail 1. D\u00e9finition d&rsquo;une suite arithm\u00e9tique Vid\u00e9o 1 \u00a0\u00a0\u00a0 &#8211; \u00a0\u00a0 \u00a0 QCM 1: Identifi\u00e9\u00a0\u00a0 &#8211;\u00a0\u00a0 Anonyme Exercice 1 : 1. La suite \\(( u_n )\\) d\u00e9finie par : \\(u_n = 5 \u2013 7n\\) est-elle &hellip; <a href=\"https:\/\/mathsguyon.fr\/?page_id=7230\">Continuer la lecture <span class=\"meta-nav\">&rarr;<\/span><\/a><\/p>\n","protected":false},"author":1,"featured_media":0,"parent":0,"menu_order":0,"comment_status":"closed","ping_status":"closed","template":"","meta":{"footnotes":""},"class_list":["post-7230","page","type-page","status-publish","hentry"],"_links":{"self":[{"href":"https:\/\/mathsguyon.fr\/index.php?rest_route=\/wp\/v2\/pages\/7230","targetHints":{"allow":["GET"]}}],"collection":[{"href":"https:\/\/mathsguyon.fr\/index.php?rest_route=\/wp\/v2\/pages"}],"about":[{"href":"https:\/\/mathsguyon.fr\/index.php?rest_route=\/wp\/v2\/types\/page"}],"author":[{"embeddable":true,"href":"https:\/\/mathsguyon.fr\/index.php?rest_route=\/wp\/v2\/users\/1"}],"replies":[{"embeddable":true,"href":"https:\/\/mathsguyon.fr\/index.php?rest_route=%2Fwp%2Fv2%2Fcomments&post=7230"}],"version-history":[{"count":121,"href":"https:\/\/mathsguyon.fr\/index.php?rest_route=\/wp\/v2\/pages\/7230\/revisions"}],"predecessor-version":[{"id":9477,"href":"https:\/\/mathsguyon.fr\/index.php?rest_route=\/wp\/v2\/pages\/7230\/revisions\/9477"}],"wp:attachment":[{"href":"https:\/\/mathsguyon.fr\/index.php?rest_route=%2Fwp%2Fv2%2Fmedia&parent=7230"}],"curies":[{"name":"wp","href":"https:\/\/api.w.org\/{rel}","templated":true}]}}