{"id":7046,"date":"2020-04-07T22:56:35","date_gmt":"2020-04-07T21:56:35","guid":{"rendered":"http:\/\/mathsguyon.fr\/?page_id=7046"},"modified":"2020-05-08T19:23:01","modified_gmt":"2020-05-08T18:23:01","slug":"les-fractions","status":"publish","type":"page","link":"https:\/\/mathsguyon.fr\/?page_id=7046","title":{"rendered":"Les fractions"},"content":{"rendered":"<h1 style=\"text-align: center;\"><span style=\"color: #800000;\">Cours et exercices en vid\u00e9o :<\/span><\/h1>\n<p>&nbsp;<\/p>\n<hr \/>\n<h2 style=\"text-align: center;\"><strong>1. D\u00e9finition :<\/strong><\/h2>\n<h2 style=\"text-align: center;\"><strong><code><\/code><\/strong><strong><a href=\"https:\/\/youtube.com\/embed\/RBZvysyNvfE\">Vid\u00e9o de cours 1\u00a0<\/a> \u00a0\u00a0 &#8211;\u00a0 <a href=\"http:\/\/mathsguyon.fr\/?page_id=7297\">Le cours \u00e0 lire<\/a> &#8211;\u00a0 QCM<span style=\"color: #800000;\">\u00a0 :<\/span> <\/strong><a href=\"https:\/\/doctools.dgpad.net\/connect.php?datas=eyJiYXNlaWQiOiIxMEllUkF1c2ZQSmdSejcxd0tiMThGeGJJRVA0aWVkVTRXck4xZDVYS3pIRSIsImRlX2Jhc2UiOiIxWF9MaGlYSDZadW43dHJTQVZZdjYxbUkzU194X1o5RXFEM1BSZkVjN19wQSIsImlkIjoiMWZiY1B3TVlMaWdmdjhsT05ldUg3RzlheEpIR2tQek1HSkxFdW0zTFBYN2MiLCJ1c2VycyI6IkFub255bWUifQ==\">Identifi\u00e9s<\/a>\u00a0\u00a0 &#8211; <a href=\"https:\/\/doctools.dgpad.net\/connect.php?datas=eyJiYXNlaWQiOiIxMEllUkF1c2ZQSmdSejcxd0tiMThGeGJJRVA0aWVkVTRXck4xZDVYS3pIRSIsImRlX2Jhc2UiOiIxWF9MaGlYSDZadW43dHJTQVZZdjYxbUkzU194X1o5RXFEM1BSZkVjN19wQSIsImlkIjoiMWZiY1B3TVlMaWdmdjhsT05ldUg3RzlheEpIR2tQek1HSkxFdW0zTFBYN2MiLCJ1c2VycyI6IkFub255bWUifQ==\">Anonymes<\/a><\/h2>\n<h2><strong>Exercice 1 :<\/strong><\/h2>\n<p style=\"text-align: center;\">\u00c9crire sous forme d\u00e9cimale les nombres suivants : \\(\\Large\\frac{5}{4}~;~\\frac{3}{5}~;~\\frac{7}{2}~;~\\frac{1}{3}\\)\u00a0<span style=\"color: #800000;\"><strong> <a style=\"color: #800000;\" href=\"https:\/\/youtube.com\/embed\/q-B4o9DYxOI\">Correction<\/a><\/strong><\/span><\/p>\n<hr \/>\n<h2 style=\"text-align: center;\"><strong>2. Abscisses et proportions :<\/strong><\/h2>\n<h2 style=\"text-align: center;\"><a href=\"https:\/\/youtube.com\/embed\/dUkuHJEYPM4\"><strong>Vid\u00e9o 2 <\/strong><\/a>\u00a0 &#8211; <strong>QCM<span style=\"color: #800000;\"> :<\/span><\/strong> <a href=\"https:\/\/doctools.dgpad.net\/connect.php?datas=eyJiYXNlaWQiOiIxMEllUkF1c2ZQSmdSejcxd0tiMThGeGJJRVA0aWVkVTRXck4xZDVYS3pIRSIsImRlX2Jhc2UiOiIxWF9MaGlYSDZadW43dHJTQVZZdjYxbUkzU194X1o5RXFEM1BSZkVjN19wQSIsImlkIjoiMUpFSDFNa0V0dU9jUUFRVlhvWDFCZ3lwaWo2ZTIzTW9pMUxLM2NqMy12QWMiLCJ1c2VycyI6IkFub255bWUifQ==\">Identifi\u00e9s<\/a>\u00a0\u00a0 &#8211; <a href=\"https:\/\/doctools.dgpad.net\/exam.php?datas=eyJiYXNlaWQiOiIxMEllUkF1c2ZQSmdSejcxd0tiMThGeGJJRVA0aWVkVTRXck4xZDVYS3pIRSIsImRlX2Jhc2UiOiIxWF9MaGlYSDZadW43dHJTQVZZdjYxbUkzU194X1o5RXFEM1BSZkVjN19wQSIsImlkIjoiMVAzZldxYTZUM2c2RW1rX2RjVm1GOWhLSUIwTlJySll2aDlyRThwUU1aMDAiLCJ1c2VycyI6IkFub255bWUifQ==\">Anonymes<\/a><\/h2>\n<h2><strong>Exercice 2<\/strong><\/h2>\n<p>D\u00e9terminer dans chacune des situations l&rsquo;abscisse du point A.<\/p>\n<p><strong><img loading=\"lazy\" decoding=\"async\" class=\"alignnone wp-image-7154\" src=\"http:\/\/mathsguyon.fr\/wp-content\/uploads\/2020\/04\/abs2.png\" alt=\"\" width=\"343\" height=\"109\" srcset=\"https:\/\/mathsguyon.fr\/wp-content\/uploads\/2020\/04\/abs2.png 765w, https:\/\/mathsguyon.fr\/wp-content\/uploads\/2020\/04\/abs2-300x95.png 300w\" sizes=\"auto, (max-width: 343px) 100vw, 343px\" \/><img loading=\"lazy\" decoding=\"async\" class=\"alignnone wp-image-7155\" src=\"http:\/\/mathsguyon.fr\/wp-content\/uploads\/2020\/04\/abs1.png\" alt=\"\" width=\"318\" height=\"105\" srcset=\"https:\/\/mathsguyon.fr\/wp-content\/uploads\/2020\/04\/abs1.png 761w, https:\/\/mathsguyon.fr\/wp-content\/uploads\/2020\/04\/abs1-300x99.png 300w\" sizes=\"auto, (max-width: 318px) 100vw, 318px\" \/><\/strong> Correction<strong><br \/>\n<\/strong><\/p>\n<h2><strong>Exercice 3<\/strong><\/h2>\n<p>Encadrer chacun de ces nombres par deux entiers cons\u00e9cutifs :<\/p>\n<p>\\(\\Large A=\\frac{11}{4}~;~B=\\frac{23}{5}~;~C=\\frac{27}{7}\\) \u00a0\u00a0 Correction<\/p>\n<hr \/>\n<h2 style=\"text-align: center;\"><strong>3. \u00c9galit\u00e9 de quotients<\/strong><\/h2>\n<h2 style=\"text-align: center;\"><a href=\"https:\/\/youtube.com\/embed\/f0Q1Mfey-LM\"><strong>Vid\u00e9o 3 <\/strong><\/a>\u00a0 &#8211; <strong>QCM<span style=\"color: #800000;\"> :<\/span> <\/strong><a href=\"https:\/\/doctools.dgpad.net\/connect.php?datas=eyJiYXNlaWQiOiIxMEllUkF1c2ZQSmdSejcxd0tiMThGeGJJRVA0aWVkVTRXck4xZDVYS3pIRSIsImRlX2Jhc2UiOiIxWF9MaGlYSDZadW43dHJTQVZZdjYxbUkzU194X1o5RXFEM1BSZkVjN19wQSIsImlkIjoiMU8tWmhVcHNsRnpLRWRnLW0yQTY3WkNtVjhOYkN5Mmpyb3p2VUJ2S2VIMXMiLCJ1c2VycyI6IkFub255bWUifQ==\">Identifi\u00e9s<\/a>\u00a0\u00a0 &#8211; <a href=\"https:\/\/doctools.dgpad.net\/exam.php?datas=eyJiYXNlaWQiOiIxMEllUkF1c2ZQSmdSejcxd0tiMThGeGJJRVA0aWVkVTRXck4xZDVYS3pIRSIsImRlX2Jhc2UiOiIxWF9MaGlYSDZadW43dHJTQVZZdjYxbUkzU194X1o5RXFEM1BSZkVjN19wQSIsImlkIjoiMUI0S19MZDZuSlFoVU5xaDI0TW0yclNneGJpb1JuLVJaOThjUHJ4V0taWTAiLCJ1c2VycyI6IkFub255bWUifQ==\">Anonymes<\/a><\/h2>\n<h2><strong>Exercice 4 :<\/strong><\/h2>\n<p>Effectuer une division d\u00e9cimale :\\(21,3 \\div 0,6\\) \u00a0\u00a0\u00a0\u00a0\u00a0\u00a0\u00a0 <span style=\"color: #800000;\"><strong>\u00a0 <a style=\"color: #800000;\" href=\"https:\/\/youtube.com\/embed\/ieaoL4AKq3s\">Correction<\/a><\/strong><\/span><\/p>\n<h2><strong>Exercice 5 :<\/strong><\/h2>\n<p>\u00c9crire sous forme d&rsquo;une fraction irr\u00e9ductible : \\(\\Large{\\frac{1,5}{3,2}~;~\\frac{0,35}{5,5}~;~\\frac{36}{0,24}}\\)\u00a0\u00a0\u00a0\u00a0 <strong><span style=\"color: #800000;\">Correction d&rsquo;Elsa<\/span><\/strong><\/p>\n<h2><strong>Exercice 6 :<\/strong><\/h2>\n<p>Compl\u00e9ter les \u00e9galites de fractions : \\(\\Large\\frac{2}{12}=\\frac{\\dots}{24}~;~\\frac{9}{7}~=~\\frac{63}{\\dots}~;~\\frac{2}{2,5}~=~\\frac{\\dots}{5}~;~\\frac{3}{6}~=~\\frac{\\dots}{9}\\) <a href=\"https:\/\/youtube.com\/embed\/EAcNUrOXdOQ\"><span style=\"color: #800000;\"><strong>Correction<\/strong><\/span><\/a><\/p>\n<hr \/>\n<h2 style=\"text-align: center;\"><strong>4. Comparaison fractions<\/strong><\/h2>\n<h2 style=\"text-align: center;\"><a href=\"https:\/\/youtube.com\/embed\/i84ZIEA7dLs\"><strong>Vid\u00e9o 4 <\/strong><\/a>\u00a0 &#8211; <strong>QCM<span style=\"color: #800000;\"> :<\/span><\/strong> <a href=\"https:\/\/doctools.dgpad.net\/connect.php?datas=eyJiYXNlaWQiOiIxMEllUkF1c2ZQSmdSejcxd0tiMThGeGJJRVA0aWVkVTRXck4xZDVYS3pIRSIsImRlX2Jhc2UiOiIxWF9MaGlYSDZadW43dHJTQVZZdjYxbUkzU194X1o5RXFEM1BSZkVjN19wQSIsImlkIjoiMWxqSjVWbVlYdUxyRlZHcmZZbGhKT0tuRk00WTVpYndrVlVRVVlGSi1velkiLCJ1c2VycyI6IkFub255bWUifQ==\">Identifi\u00e9s<\/a>\u00a0\u00a0 &#8211; <a href=\"https:\/\/doctools.dgpad.net\/exam.php?datas=eyJiYXNlaWQiOiIxMEllUkF1c2ZQSmdSejcxd0tiMThGeGJJRVA0aWVkVTRXck4xZDVYS3pIRSIsImRlX2Jhc2UiOiIxWF9MaGlYSDZadW43dHJTQVZZdjYxbUkzU194X1o5RXFEM1BSZkVjN19wQSIsImlkIjoiMXdjVnFOeHJzT2VpNEhxbVJHaTRCVGladWZsRnlJX0NneFBBTDZLeW43aGciLCJ1c2VycyI6IkFub255bWUifQ==\">Anonymes<\/a><\/h2>\n<h2><strong>Exercice 7 :<\/strong><\/h2>\n<p>$$\\text{Comparer les nombres suivants\u00a0 : ~} \\dfrac{4}{7}~\\text{et}~\\dfrac{7}{14}~~~;~~\\dfrac{7}{8}~\\text{et}~\\dfrac{16}{15}~~~;~~~\\dfrac{13}{4}~\\text{et}~\\dfrac{27}{8}~~~;~~~\\dfrac{12}{15}~\\text{et}~\\dfrac{12}{14}$$\u00a0\u00a0\u00a0\u00a0 <a href=\"https:\/\/youtube.com\/embed\/Gkejjb9n2qY\"><strong>Correction<\/strong><\/a><\/p>\n<hr \/>\n<h2 style=\"text-align: center;\"><strong>5. Somme de fractions de m\u00eame d\u00e9nominateur<\/strong><\/h2>\n<h2 style=\"text-align: center;\"><span style=\"color: #800000;\"><a href=\"https:\/\/youtube.com\/embed\/ZZQKZthYliA\">Vid\u00e9o 5<\/a> <\/span>\u00a0 &#8211; <strong>QCM<\/strong><span style=\"color: #800000;\"><strong>\u00a0 :<\/strong><\/span><a href=\"https:\/\/doctools.dgpad.net\/connect.php?datas=eyJiYXNlaWQiOiIxMEllUkF1c2ZQSmdSejcxd0tiMThGeGJJRVA0aWVkVTRXck4xZDVYS3pIRSIsImRlX2Jhc2UiOiIxWF9MaGlYSDZadW43dHJTQVZZdjYxbUkzU194X1o5RXFEM1BSZkVjN19wQSIsImlkIjoiMVZPMklRajNvX2N4VVhDQlktNTgyeVRmVUs4ZnhvVk9WS2h3MkFlWFlESE0iLCJ1c2VycyI6IkFub255bWUifQ==\">Identifi\u00e9s<\/a>\u00a0\u00a0 &#8211; <a href=\"https:\/\/doctools.dgpad.net\/exam.php?datas=eyJiYXNlaWQiOiIxMEllUkF1c2ZQSmdSejcxd0tiMThGeGJJRVA0aWVkVTRXck4xZDVYS3pIRSIsImRlX2Jhc2UiOiIxWF9MaGlYSDZadW43dHJTQVZZdjYxbUkzU194X1o5RXFEM1BSZkVjN19wQSIsImlkIjoiMU1qSUR6LUR6aWU5aFU5YzI2QkJ6WDQwZnhBRkJJYmFhel9KbVlZV2pha3MiLCJ1c2VycyI6IkFub255bWUifQ==\">Anonymes<\/a><\/h2>\n<h2><strong>Exercice 8 :<\/strong><\/h2>\n<p>$$\\text{Calculer : ~} A=\\dfrac{7}{9}+\\dfrac{5}{9}~~~;~~B=\\dfrac{19}{8}-\\dfrac{15}{8}~~~;~~C=\\dfrac{5}{12}+\\dfrac{13}{12}~~~;~~D=\\dfrac{27}{13}-\\dfrac{1}{13}$$ <span style=\"color: #800000;\"><strong><a style=\"color: #800000;\" href=\"https:\/\/youtube.com\/embed\/zP0T_bjcHBQ\">Correction<\/a><\/strong><\/span><\/p>\n<hr \/>\n<h2 style=\"text-align: center;\"><strong>6. Somme de fractions de d\u00e9nominateur multiples<br \/>\n<\/strong><\/h2>\n<h2 style=\"text-align: center;\"><a href=\"https:\/\/youtube.com\/embed\/Yr7PZUPz0pM\"><span style=\"color: #800000;\"><strong>Vid\u00e9o 6 <\/strong><\/span><\/a><strong>\u00a0 &#8211;\u00a0 QCM :<\/strong> <a href=\"https:\/\/doctools.dgpad.net\/connect.php?datas=eyJiYXNlaWQiOiIxMEllUkF1c2ZQSmdSejcxd0tiMThGeGJJRVA0aWVkVTRXck4xZDVYS3pIRSIsImRlX2Jhc2UiOiIxWF9MaGlYSDZadW43dHJTQVZZdjYxbUkzU194X1o5RXFEM1BSZkVjN19wQSIsImlkIjoiMXJRdlJFRC1DTVg2cDB2U0tjWGpGUklDYkpwZ0NDeFM0Ulh1Q1RlVzd4UWMiLCJ1c2VycyI6IkFub255bWUifQ==\">Identifi\u00e9s<\/a>\u00a0\u00a0 &#8211; <a href=\"https:\/\/doctools.dgpad.net\/exam.php?datas=eyJiYXNlaWQiOiIxMEllUkF1c2ZQSmdSejcxd0tiMThGeGJJRVA0aWVkVTRXck4xZDVYS3pIRSIsImRlX2Jhc2UiOiIxWF9MaGlYSDZadW43dHJTQVZZdjYxbUkzU194X1o5RXFEM1BSZkVjN19wQSIsImlkIjoiMTE5cl9TYnJrQ09WbU8xRF9nYlpQMFBqTm5tRkMyZDdkb2g3bEdxbEx0SjQiLCJ1c2VycyI6IkFub255bWUifQ==\">Anonymes<\/a><\/h2>\n<h2><strong>Exercice 9 :<\/strong><\/h2>\n<p>$$\\text{Calculer : ~} A=\\dfrac{6}{5}+\\dfrac{2}{15}~~~;~~B=\\dfrac{7}{3}-\\dfrac{1}{12}$$\u00a0\u00a0 <span style=\"color: #800000;\"><strong><a style=\"color: #800000;\" href=\"https:\/\/youtube.com\/embed\/nb-yjigY_Sw\">Correction<\/a><\/strong><\/span><\/p>\n<h2><strong>Exercice 10 :<\/strong><\/h2>\n<p>$$\\text{Calculer : ~} E=\\dfrac{1}{3}-\\dfrac{1}{6}~;~F=\\dfrac{9}{4}-\\dfrac{7}{12}~;~G=\\dfrac{5}{6}-\\dfrac{3}{48}$$<\/p>\n<p>$$\\text{Calculer : ~} H=\\dfrac{9}{7}-\\dfrac{64}{63};~I=\\dfrac{19}{99}-\\dfrac{1}{11}$$ <a href=\"https:\/\/youtube.com\/embed\/eRQhPyjtgK8\"><strong>Correction<\/strong><\/a><\/p>\n<h2><strong>Exercice 11 :<\/strong><\/h2>\n<p>Calculer : $$A=2+\\dfrac{3}{10}~~~~B=5-\\dfrac{9}{2}$$\u00a0\u00a0 <strong><a href=\"https:\/\/youtube.com\/embed\/KqDtn30RVpc\">Correction<\/a><\/strong><\/p>\n<h2><strong>Exercice 12 :<\/strong><\/h2>\n<p>$$\\text{Calculer : ~} J=4-\\dfrac{3}{2}~~~~K=\\dfrac{9}{4}-1~~~~~L=7+\\dfrac{1}{4}~~~M=\\dfrac{16}{3}-3$$ <span style=\"color: #800000;\"><strong><a style=\"color: #800000;\" href=\"https:\/\/youtube.com\/embed\/xXgx5xYWFoI\">Correction<\/a><\/strong><\/span><\/p>\n<hr \/>\n<h2 style=\"text-align: center;\"><strong>7. Somme de fractions quelconques<\/strong><\/h2>\n<h2 style=\"text-align: center;\"><span style=\"color: #800000;\"><strong><a href=\"https:\/\/youtube.com\/embed\/45F2wdEqydE\">Vid\u00e9o 7<\/a>\u00a0 &#8211;<\/strong><\/span> \u00a0 <strong>QCM :<\/strong> <a href=\"https:\/\/doctools.dgpad.net\/connect.php?datas=eyJiYXNlaWQiOiIxMEllUkF1c2ZQSmdSejcxd0tiMThGeGJJRVA0aWVkVTRXck4xZDVYS3pIRSIsImRlX2Jhc2UiOiIxWF9MaGlYSDZadW43dHJTQVZZdjYxbUkzU194X1o5RXFEM1BSZkVjN19wQSIsImlkIjoiMWR4U0JreVdlUzMwWktVTEdaRUloNnRRRmt0TDZZWG5Qa19Ldy1iTFlxRUUiLCJ1c2VycyI6IkFub255bWUifQ==\">Identifi\u00e9s<\/a>\u00a0\u00a0 &#8211; <a href=\"https:\/\/doctools.dgpad.net\/exam.php?datas=eyJiYXNlaWQiOiIxMEllUkF1c2ZQSmdSejcxd0tiMThGeGJJRVA0aWVkVTRXck4xZDVYS3pIRSIsImRlX2Jhc2UiOiIxWF9MaGlYSDZadW43dHJTQVZZdjYxbUkzU194X1o5RXFEM1BSZkVjN19wQSIsImlkIjoiMVdhUENrcm5iNDVlWjFCNHRJZC1mOVhacGhSRU4wV0VydHhUR0RNeGNWcDgiLCJ1c2VycyI6IkFub255bWUifQ==\">Anonymes<\/a><\/h2>\n<h2><strong>Exercice 13 :<\/strong><\/h2>\n<p>$$\\text{Calculer :}~~A=\\dfrac{1}{3}+\\dfrac{2}{7}$$ \u00a0<span style=\"color: #000000;\"><strong>\u00a0 \u00a0<a style=\"color: #000000;\" href=\"https:\/\/youtube.com\/embed\/p2WQ7YssPMY\">Correction<\/a><\/strong><\/span><\/p>\n<hr \/>\n<h2 style=\"text-align: center;\"><strong>8. Produit de fractions : d\u00e9finition<\/strong><\/h2>\n<h2 style=\"text-align: center;\"><span style=\"color: #800000;\"><strong><a href=\"https:\/\/www.youtube.com\/watch?v=s8CxOAppC7Y\">Vid\u00e9o 8<\/a>\u00a0<\/strong><\/span> \u00a0 &#8211; <strong>QCM\u00a0 :<\/strong> <a href=\"https:\/\/doctools.dgpad.net\/connect.php?datas=eyJiYXNlaWQiOiIxMEllUkF1c2ZQSmdSejcxd0tiMThGeGJJRVA0aWVkVTRXck4xZDVYS3pIRSIsImRlX2Jhc2UiOiIxWF9MaGlYSDZadW43dHJTQVZZdjYxbUkzU194X1o5RXFEM1BSZkVjN19wQSIsImlkIjoiMU01TlR4MkV1bGJuZXM5WjU3a2xSSnhxeDJETzliRnhiWnlGdGRQRWtxZzAiLCJ1c2VycyI6IkFub255bWUifQ==\">Identifi\u00e9s<\/a>\u00a0\u00a0 &#8211; <a href=\"https:\/\/doctools.dgpad.net\/exam.php?datas=eyJiYXNlaWQiOiIxMEllUkF1c2ZQSmdSejcxd0tiMThGeGJJRVA0aWVkVTRXck4xZDVYS3pIRSIsImRlX2Jhc2UiOiIxWF9MaGlYSDZadW43dHJTQVZZdjYxbUkzU194X1o5RXFEM1BSZkVjN19wQSIsImlkIjoiMXp6QVZsbmJyQlprVkxTeTVzUm1KNkZWOGE4RzZMM0pFdmlUVW41WDBOWDQiLCJ1c2VycyI6IkFub255bWUifQ==\">Anonymes<\/a><\/h2>\n<h2><strong>Exercice 14:<\/strong><\/h2>\n<p>$$\\text{Calculer : ~} A=\\dfrac{7}{5}\\times\\dfrac{3}{4}~~;~~ B=\\dfrac{0,7}{6}\\times\\dfrac{1}{4}~~;~~ C=\\dfrac{1}{5}\\times\\dfrac{8}{7}$$ <strong><a href=\"https:\/\/youtube.com\/embed\/OPccH6PJYSA\">Correction<\/a><\/strong><\/p>\n<h2><strong>Exercice 15:<\/strong><\/h2>\n<p>$$\\text{Calculer : ~} A=5\\times\\dfrac{2}{9}~~~;~~~ B=3\\times\\dfrac{11}{7}$$ \u00a0<strong><a href=\"https:\/\/youtube.com\/embed\/QZikdgqiJ2w\">Correction<\/a><\/strong><\/p>\n<hr \/>\n<h2 style=\"text-align: center;\"><strong>9. Produit de fractions : applications complexes<\/strong><\/h2>\n<h2 style=\"text-align: center;\">\u00a0<a href=\"https:\/\/youtube.com\/embed\/rbx8ntenHoU\">Vid\u00e9o 9\u00a0<\/a>\u00a0 &#8211;\u00a0 <strong>QCM :<\/strong> <a href=\"https:\/\/doctools.dgpad.net\/connect.php?datas=eyJiYXNlaWQiOiIxMEllUkF1c2ZQSmdSejcxd0tiMThGeGJJRVA0aWVkVTRXck4xZDVYS3pIRSIsImRlX2Jhc2UiOiIxWF9MaGlYSDZadW43dHJTQVZZdjYxbUkzU194X1o5RXFEM1BSZkVjN19wQSIsImlkIjoiMURTN1RMRmlBNVpWTW1nNHFDY203R2E2MldEc2F4YWpyNXpIUXJkVFkyWUEiLCJ1c2VycyI6IkFub255bWUifQ==\">Identifi\u00e9s<\/a>\u00a0\u00a0 &#8211; <a href=\"https:\/\/doctools.dgpad.net\/connect.php?datas=eyJiYXNlaWQiOiIxMEllUkF1c2ZQSmdSejcxd0tiMThGeGJJRVA0aWVkVTRXck4xZDVYS3pIRSIsImRlX2Jhc2UiOiIxWF9MaGlYSDZadW43dHJTQVZZdjYxbUkzU194X1o5RXFEM1BSZkVjN19wQSIsImlkIjoiMW4tOGR6MkpraG1KdlBYZ0NLMGJBajJiMDE0UkJIcjVzRmtlZGowSFA4V00iLCJ1c2VycyI6IkFub255bWUifQ==\">Anonymes<\/a><\/h2>\n<h2><strong>Exercice 16: <\/strong><\/h2>\n<p>$$\\text{Calculer : ~} A=\\dfrac{12}{14}\\times\\dfrac{21}{20} ~~;~~B=\\dfrac{16}{5}\\times\\dfrac{25}{4}~~;~~C=\\dfrac{9}{2}\\times\\dfrac{6}{14}\\times\\dfrac{21}{3}$$\u00a0 <strong><a href=\"https:\/\/youtube.com\/embed\/6JDI96AML2Q\">Correction\u00a0 A<\/a><\/strong> \u00a0 <strong><a href=\"https:\/\/youtube.com\/embed\/ZiBnU77rork\">Correction B<\/a><\/strong>\u00a0 \u00a0 \u00a0 \u00a0 <strong><a href=\"https:\/\/youtube.com\/embed\/M23dmMtomx8\">Correction C<\/a><\/strong><\/p>\n<hr \/>\n<h2 style=\"text-align: center;\"><strong>10. Synth\u00e8se op\u00e9rations<br \/>\n<\/strong><\/h2>\n<h2 style=\"text-align: center;\"><strong> QCM :<\/strong> <a href=\"https:\/\/doctools.dgpad.net\/connect.php?datas=eyJiYXNlaWQiOiIxMEllUkF1c2ZQSmdSejcxd0tiMThGeGJJRVA0aWVkVTRXck4xZDVYS3pIRSIsImRlX2Jhc2UiOiIxWF9MaGlYSDZadW43dHJTQVZZdjYxbUkzU194X1o5RXFEM1BSZkVjN19wQSIsImlkIjoiMWtEYVAzVlF2Y3IxcFlHTkFtSk93ZGRjbHFmQmR1RVhNYUdxQ0FGeDFfTVUiLCJ1c2VycyI6IkFub255bWUifQ==\">Identifi\u00e9<\/a>\u00a0&#8211; <a href=\"https:\/\/doctools.dgpad.net\/exam.php?datas=eyJiYXNlaWQiOiIxMEllUkF1c2ZQSmdSejcxd0tiMThGeGJJRVA0aWVkVTRXck4xZDVYS3pIRSIsImRlX2Jhc2UiOiIxWF9MaGlYSDZadW43dHJTQVZZdjYxbUkzU194X1o5RXFEM1BSZkVjN19wQSIsImlkIjoiMUJUTlFMOW1oTnRzYklNREdQYWk3a0l0Y3NPODlOc1VKM3lxRkYtWlJ5Z3MiLCJ1c2VycyI6IkFub255bWUifQ==\">Anonymes<\/a><\/h2>\n<h2><strong>Exercice 17:<\/strong><\/h2>\n<p>$$\\text{Calculer : ~} A=\\dfrac{8}{9}-\\dfrac{2}{9}\\times\\dfrac{7}{3}~~~B=3-\\dfrac{9}{15}\\times\\dfrac{5}{12}$$ \u00a0 <a href=\"https:\/\/youtube.com\/embed\/Pv7NR19MFs8\"><span style=\"color: #800000;\"><strong>Correction<\/strong><\/span><\/a><\/p>\n<p>$$\\text{Calculer : ~} A=\\dfrac{1}{9}-\\dfrac{15}{9}\\times\\dfrac{1}{6}$$ \u00a0 <a href=\"https:\/\/youtube.com\/embed\/0pYtRSe7ir0\"><strong>Correction<\/strong><\/a><\/p>\n<hr \/>\n<h2 style=\"text-align: center;\"><strong>11. Fraction d&rsquo;une quantit\u00e9<\/strong><\/h2>\n<h2 style=\"text-align: center;\"><span style=\"color: #800000;\"><strong>Vid\u00e9o 10 <\/strong><\/span>&#8211; \u00a0 <strong>QCM :<\/strong> <a href=\"https:\/\/doctools.dgpad.net\/connect.php?datas=eyJiYXNlaWQiOiIxMEllUkF1c2ZQSmdSejcxd0tiMThGeGJJRVA0aWVkVTRXck4xZDVYS3pIRSIsImRlX2Jhc2UiOiIxWF9MaGlYSDZadW43dHJTQVZZdjYxbUkzU194X1o5RXFEM1BSZkVjN19wQSIsImlkIjoiMXJ6UGlMQ2hqamRZeE5yQkVvODB1a3dUd3UwODF3a3l4a3JPaFRMRU1kbDQiLCJ1c2VycyI6IkFub255bWUifQ==\">Identifi\u00e9s<\/a>\u00a0\u00a0 &#8211; <a href=\"https:\/\/doctools.dgpad.net\/exam.php?datas=eyJiYXNlaWQiOiIxMEllUkF1c2ZQSmdSejcxd0tiMThGeGJJRVA0aWVkVTRXck4xZDVYS3pIRSIsImRlX2Jhc2UiOiIxWF9MaGlYSDZadW43dHJTQVZZdjYxbUkzU194X1o5RXFEM1BSZkVjN19wQSIsImlkIjoiMUtNdWVJZjRRelNaYTljem1yN0ZiOUx5aVoxODRYWlhmUGZURktrX2hsVlkiLCJ1c2VycyI6IkFub255bWUifQ==\">Anonymes<\/a><\/h2>\n<h2><strong>Exercice 18:<\/strong><\/h2>\n<p>$$\\text{Calculer les }\\dfrac{4}{5}~\\text{de}~\\dfrac{35}{9}\u00a0 \\text{et Calculer le tiers de quatre septi\\`eme}$$<\/p>\n<p><span style=\"color: #800000;\"><strong><a style=\"color: #800000;\" href=\"https:\/\/youtube.com\/emed\/-1c_M0H1Ow4\">Correction<\/a><\/strong><\/span><\/p>\n<h2><strong>Exercice 19:<\/strong><\/h2>\n<p>Karim boit trois dixi\u00e8mes d&rsquo;une bouteille de soda. Alissa boit ensuite les deux cinqui\u00e8mes du reste.<\/p>\n<p>Quelle fraction reste-t-il ?\u00a0\u00a0\u00a0 <span style=\"color: #800000;\"><strong><a style=\"color: #800000;\" href=\"https:\/\/youtube.com\/embed\/AauVUiER2e8\">Aide pour d\u00e9marrer<\/a>\u00a0\u00a0\u00a0\u00a0\u00a0 &#8211;\u00a0\u00a0\u00a0 <\/strong><\/span><a href=\"https:\/\/youtube.com\/embed\/OquMMLVeSg8\"><span style=\"color: #800000;\"><strong>Correction<\/strong><\/span><\/a><\/p>\n<h2><strong>Exercice 20:<\/strong><\/h2>\n<p>Raoul boit les deux cinqui\u00e8mes d&rsquo;une bouteille de jus de pomme contenant $$\\dfrac{3}{4} \\text{L}$$.<\/p>\n<p>Quelle quantit\u00e9 de jus de pomme, exprim\u00e9e en cL, Raoul a-t-il bue?\u00a0\u00a0 <strong>\u00a0 <\/strong><a href=\"https:\/\/youtube.com\/embed\/J07t003tDeQ\"><strong>Correction<\/strong><\/a><\/p>\n<hr \/>\n<h2 style=\"text-align: center;\"><strong>12. Pourcentage d&rsquo;une quantit\u00e9<\/strong><\/h2>\n<h2 style=\"text-align: center;\"><span style=\"color: #800000;\"><strong>Vid\u00e9o 11 :<\/strong><\/span> <span style=\"color: #800000;\">QCM<\/span><strong> :<\/strong> <a href=\"https:\/\/doctools.dgpad.net\/connect.php?datas=eyJiYXNlaWQiOiIxMEllUkF1c2ZQSmdSejcxd0tiMThGeGJJRVA0aWVkVTRXck4xZDVYS3pIRSIsImRlX2Jhc2UiOiIxWF9MaGlYSDZadW43dHJTQVZZdjYxbUkzU194X1o5RXFEM1BSZkVjN19wQSIsImlkIjoiMXRpN0tTY0lTTTBEUVNhVEZhTklWeTRDR1dBSXlKVEtkcmRKTlNabTI4ckkiLCJ1c2VycyI6IkFub255bWUifQ==\">Identifi\u00e9s<\/a>\u00a0\u00a0 &#8211; <a href=\"https:\/\/doctools.dgpad.net\/exam.php?datas=eyJiYXNlaWQiOiIxMEllUkF1c2ZQSmdSejcxd0tiMThGeGJJRVA0aWVkVTRXck4xZDVYS3pIRSIsImRlX2Jhc2UiOiIxWF9MaGlYSDZadW43dHJTQVZZdjYxbUkzU194X1o5RXFEM1BSZkVjN19wQSIsImlkIjoiMS1OZjYwUUFkM0JCTTBDQ1g3c2U4emZieGdsNGxUbkF1azJlczVacVhMcjgiLCJ1c2VycyI6IkFub255bWUifQ==\">Anonymes<\/a><\/h2>\n<h2><strong>Exercice 21:<\/strong><\/h2>\n<p>$$\\text{Calculer 20\\% de 600 ; 63\\% de 210 euros puis 42\\% de }~\\dfrac{10}{7}? $$\u00a0 <strong>\u00a0 <\/strong><strong>Correction<\/strong><\/p>\n<h2><strong>Exercice 22:<\/strong><\/h2>\n<p>Ce sont les soldes. Le pull de r\u00eave que Raoul souhaite acheter \u00e0 82\u20ac est affich\u00e9 \u00e0 -25%.<\/p>\n<p>Quel est le montant de la r\u00e9duction ? Quel est le prix que Raoul de ra payer ? <strong>\u00a0 <\/strong><strong>Correction<\/strong><\/p>\n<hr \/>\n<h2 style=\"text-align: center;\"><strong><span style=\"color: #800000;\">\u00a0<\/span><\/strong><\/h2>\n<p>&nbsp;<\/p>\n<p>&nbsp;<\/p>\n<p>&nbsp;<\/p>\n","protected":false},"excerpt":{"rendered":"<p>Cours et exercices en vid\u00e9o : &nbsp; 1. D\u00e9finition : Vid\u00e9o de cours 1\u00a0 \u00a0\u00a0 &#8211;\u00a0 Le cours \u00e0 lire &#8211;\u00a0 QCM\u00a0 : Identifi\u00e9s\u00a0\u00a0 &#8211; Anonymes Exercice 1 : \u00c9crire sous forme d\u00e9cimale les nombres suivants : \\(\\Large\\frac{5}{4}~;~\\frac{3}{5}~;~\\frac{7}{2}~;~\\frac{1}{3}\\)\u00a0 Correction 2. &hellip; <a href=\"https:\/\/mathsguyon.fr\/?page_id=7046\">Continuer la lecture <span class=\"meta-nav\">&rarr;<\/span><\/a><\/p>\n","protected":false},"author":1,"featured_media":0,"parent":0,"menu_order":0,"comment_status":"closed","ping_status":"closed","template":"","meta":{"footnotes":""},"class_list":["post-7046","page","type-page","status-publish","hentry"],"_links":{"self":[{"href":"https:\/\/mathsguyon.fr\/index.php?rest_route=\/wp\/v2\/pages\/7046","targetHints":{"allow":["GET"]}}],"collection":[{"href":"https:\/\/mathsguyon.fr\/index.php?rest_route=\/wp\/v2\/pages"}],"about":[{"href":"https:\/\/mathsguyon.fr\/index.php?rest_route=\/wp\/v2\/types\/page"}],"author":[{"embeddable":true,"href":"https:\/\/mathsguyon.fr\/index.php?rest_route=\/wp\/v2\/users\/1"}],"replies":[{"embeddable":true,"href":"https:\/\/mathsguyon.fr\/index.php?rest_route=%2Fwp%2Fv2%2Fcomments&post=7046"}],"version-history":[{"count":122,"href":"https:\/\/mathsguyon.fr\/index.php?rest_route=\/wp\/v2\/pages\/7046\/revisions"}],"predecessor-version":[{"id":7372,"href":"https:\/\/mathsguyon.fr\/index.php?rest_route=\/wp\/v2\/pages\/7046\/revisions\/7372"}],"wp:attachment":[{"href":"https:\/\/mathsguyon.fr\/index.php?rest_route=%2Fwp%2Fv2%2Fmedia&parent=7046"}],"curies":[{"name":"wp","href":"https:\/\/api.w.org\/{rel}","templated":true}]}}