{"id":7040,"date":"2020-04-07T22:55:43","date_gmt":"2020-04-07T21:55:43","guid":{"rendered":"http:\/\/mathsguyon.fr\/?page_id=7040"},"modified":"2020-04-13T14:26:59","modified_gmt":"2020-04-13T13:26:59","slug":"les-angles","status":"publish","type":"page","link":"https:\/\/mathsguyon.fr\/?page_id=7040","title":{"rendered":"Les angles"},"content":{"rendered":"<h2 style=\"text-align: center;\"><a href=\"http:\/\/mathsguyon.fr\/wp-content\/uploads\/2020\/04\/cours_angles_site.pdf\">Le cours en pdf<\/a><\/h2>\n<hr \/>\n<h1 style=\"text-align: center;\"><span style=\"color: #800000;\">Les vid\u00e9os de cours :<\/span><\/h1>\n<h2><a href=\"https:\/\/youtube.com\/embed\/xdz7yHAbyN4\">Vid\u00e9o 1<\/a> : Le vocabulaire de base avec les triangles<\/h2>\n<h2 style=\"text-align: center;\"><span style=\"color: #800000;\">QCM n\u00b01 de validation : <a style=\"color: #800000;\" href=\"https:\/\/doctools.dgpad.net\/connect.php?datas=eyJiYXNlaWQiOiIxMEllUkF1c2ZQSmdSejcxd0tiMThGeGJJRVA0aWVkVTRXck4xZDVYS3pIRSIsImRlX2Jhc2UiOiIxWF9MaGlYSDZadW43dHJTQVZZdjYxbUkzU194X1o5RXFEM1BSZkVjN19wQSIsImlkIjoiMWZzNTJvNno1aTh0Tk9fek9EaU1jT2N3OGtma0FYMFY0cTNHWkFRRFBacjgiLCJ1c2VycyI6IkFub255bWUifQ==\">Identifi\u00e9s<\/a>\u00a0 &#8211;\u00a0 <\/span><a href=\"https:\/\/doctools.dgpad.net\/exam.php?datas=eyJiYXNlaWQiOiIxMEllUkF1c2ZQSmdSejcxd0tiMThGeGJJRVA0aWVkVTRXck4xZDVYS3pIRSIsImRlX2Jhc2UiOiIxWF9MaGlYSDZadW43dHJTQVZZdjYxbUkzU194X1o5RXFEM1BSZkVjN19wQSIsImlkIjoiMS1ncHkwZEd0UWpNTTVVSVk0Nk0yOXlMMW5oeDN1MDNfeXpoUG9lM2hkZFkiLCJ1c2VycyI6IkFub255bWUifQ==\"><span style=\"color: #800000;\">Anonyme<\/span><\/a><\/h2>\n<h2><a href=\"https:\/\/youtube.com\/embed\/S1FsOKg4FXQ\">Vid\u00e9o 2<\/a> : Les angles alternes-internes<\/h2>\n<h2 style=\"text-align: center;\"><span style=\"color: #800000;\">QCM n\u00b02 de validation : <a style=\"color: #800000;\" href=\"https:\/\/doctools.dgpad.net\/connect.php?datas=eyJiYXNlaWQiOiIxMEllUkF1c2ZQSmdSejcxd0tiMThGeGJJRVA0aWVkVTRXck4xZDVYS3pIRSIsImRlX2Jhc2UiOiIxWF9MaGlYSDZadW43dHJTQVZZdjYxbUkzU194X1o5RXFEM1BSZkVjN19wQSIsImlkIjoiMUplVzAxbVFEanVRTFF4WVVHRjR1MFFwUjVpOHpFa1NtQkEwS1kzRzR4M1kiLCJ1c2VycyI6IkFub255bWUifQ==\">Identifi\u00e9s<\/a>\u00a0 &#8211;\u00a0 <a style=\"color: #800000;\" href=\"https:\/\/doctools.dgpad.net\/exam.php?datas=eyJiYXNlaWQiOiIxMEllUkF1c2ZQSmdSejcxd0tiMThGeGJJRVA0aWVkVTRXck4xZDVYS3pIRSIsImRlX2Jhc2UiOiIxWF9MaGlYSDZadW43dHJTQVZZdjYxbUkzU194X1o5RXFEM1BSZkVjN19wQSIsImlkIjoiMXJqSFFiZXVXTXNiLU9QVk5NUVd4cGJDZ3l2YzhRZUFMS3NYSEt5X3RyTlEiLCJ1c2VycyI6IkFub255bWUifQ==\">Anonyme<\/a><\/span><\/h2>\n<h2><a href=\"https:\/\/youtube.com\/embed\/RrjuM5ZCq_M\">Vid\u00e9o 3<\/a> : somme des angles d&rsquo;un triangle quelconque<\/h2>\n<h2 style=\"text-align: center;\"><span style=\"color: #800000;\">QCM n\u00b04 de validation : <a style=\"color: #800000;\" href=\"https:\/\/doctools.dgpad.net\/connect.php?datas=eyJiYXNlaWQiOiIxMEllUkF1c2ZQSmdSejcxd0tiMThGeGJJRVA0aWVkVTRXck4xZDVYS3pIRSIsImRlX2Jhc2UiOiIxWF9MaGlYSDZadW43dHJTQVZZdjYxbUkzU194X1o5RXFEM1BSZkVjN19wQSIsImlkIjoiMTh2U0FhTjFOZnFqSmIyZlh5OGVWMjh5ZWhhTkpiaDRyVUFtbm5aeVNBbHciLCJ1c2VycyI6IkFub255bWUifQ==\">Identifi\u00e9s<\/a>\u00a0 &#8211;\u00a0 Anonyme<\/span><\/h2>\n<h2><a href=\"https:\/\/youtube.com\/embed\/XgXZncHxVUI\">Vid\u00e9o 4<\/a> : Somme des angles dans un triangle particulier<\/h2>\n<h2 style=\"text-align: center;\"><span style=\"color: #800000;\">QCM n\u00b05 de validation : <a style=\"color: #800000;\" href=\"https:\/\/doctools.dgpad.net\/connect.php?datas=eyJiYXNlaWQiOiIxMEllUkF1c2ZQSmdSejcxd0tiMThGeGJJRVA0aWVkVTRXck4xZDVYS3pIRSIsImRlX2Jhc2UiOiIxWF9MaGlYSDZadW43dHJTQVZZdjYxbUkzU194X1o5RXFEM1BSZkVjN19wQSIsImlkIjoiMUlpbGxOZ2VGQUZqOEtLZTJuXzRhaUV6WTFGR3lHV0pleWFtM1I1MkJZTUEiLCJ1c2VycyI6IkFub255bWUifQ==\">Identifi\u00e9s<\/a>\u00a0 &#8211;\u00a0 <a style=\"color: #800000;\" href=\"https:\/\/doctools.dgpad.net\/exam.php?datas=eyJiYXNlaWQiOiIxMEllUkF1c2ZQSmdSejcxd0tiMThGeGJJRVA0aWVkVTRXck4xZDVYS3pIRSIsImRlX2Jhc2UiOiIxWF9MaGlYSDZadW43dHJTQVZZdjYxbUkzU194X1o5RXFEM1BSZkVjN19wQSIsImlkIjoiMWRoc0x4RDI5NFlPMWFxb2ZUc2hRaDc0MHFwX0ktWWpkbmI3a2RPV3VTWmciLCJ1c2VycyI6IkFub255bWUifQ==\">Anonyme<\/a><\/span><\/h2>\n<hr \/>\n<h2 style=\"text-align: center;\"><span style=\"color: #800000;\"><strong><span style=\"font-family: Comic Sans MS, cursive;\">Exercices corrig\u00e9s en vid\u00e9o:<\/span><\/strong><\/span><\/h2>\n<p><span style=\"font-family: Comic Sans MS, cursive;\">Dans les ci dessous, calcule la mesure de l&rsquo;angle manquant, en r\u00e9digeant rigoureusement ta r\u00e9ponse.<\/span><\/p>\n<p><img loading=\"lazy\" decoding=\"async\" class=\"wp-image-7063 alignleft\" src=\"http:\/\/mathsguyon.fr\/wp-content\/uploads\/2020\/04\/tri1.png\" alt=\"\" width=\"286\" height=\"151\" srcset=\"https:\/\/mathsguyon.fr\/wp-content\/uploads\/2020\/04\/tri1.png 341w, https:\/\/mathsguyon.fr\/wp-content\/uploads\/2020\/04\/tri1-300x158.png 300w\" sizes=\"auto, (max-width: 286px) 100vw, 286px\" \/><\/p>\n<p>&nbsp;<\/p>\n<p><img loading=\"lazy\" decoding=\"async\" class=\"alignnone wp-image-7064\" src=\"http:\/\/mathsguyon.fr\/wp-content\/uploads\/2020\/04\/tri2.png\" alt=\"\" width=\"239\" height=\"142\" srcset=\"https:\/\/mathsguyon.fr\/wp-content\/uploads\/2020\/04\/tri2.png 317w, https:\/\/mathsguyon.fr\/wp-content\/uploads\/2020\/04\/tri2-300x178.png 300w\" sizes=\"auto, (max-width: 239px) 100vw, 239px\" \/><img loading=\"lazy\" decoding=\"async\" class=\"wp-image-7065 alignright\" src=\"http:\/\/mathsguyon.fr\/wp-content\/uploads\/2020\/04\/tri3.png\" alt=\"\" width=\"198\" height=\"188\" \/><\/p>\n<h2 style=\"text-align: center;\"><\/h2>\n<h2 style=\"text-align: center;\"><strong><span style=\"color: #800000;\">Correction d&rsquo;Elsa et L\u00e9o : \u00a0 <\/span><\/strong><a href=\"https:\/\/youtube.com\/embed\/XYIngYTNy2k\">Triangle DEF\u00a0<\/a> \u00a0 &#8211;\u00a0\u00a0\u00a0\u00a0 <a href=\"https:\/\/youtube.com\/embed\/Zqf_9Wrz-v4\">Triangle ABC<\/a>\u00a0\u00a0\u00a0 &#8211; <a href=\"https:\/\/youtube.com\/embed\/ozsVAAvuZHw\">Triangle IJK<\/a><\/h2>\n<h2>Exercice : \u00e9nonc\u00e9 \u00e0 venir<\/h2>\n<h2><a href=\"https:\/\/youtube.com\/embed\/q10KDE9JnWI\">Correction<\/a><\/h2>\n<h2>Exercice : \u00e9nonc\u00e9 \u00e0 venir<\/h2>\n<p><a href=\"https:\/\/youtube.com\/embed\/b9Fi3-JMDek\">Correction<\/a><\/p>\n<p>Exercice :<\/p>\n<h2>Exercice :<\/h2>\n<h2>\u00e9nonc\u00e9 \u00e0 venir<\/h2>\n<p><a href=\"https:\/\/youtube.com\/embed\/tH_aFZ7j3fU\">Correction question 1<\/a><\/p>\n<p><a href=\"https:\/\/youtube.com\/embed\/O1yIZZ8lX_8\">Correction question 2<\/a><\/p>\n<p>&nbsp;<\/p>\n<p>&nbsp;<\/p>\n","protected":false},"excerpt":{"rendered":"<p>Le cours en pdf Les vid\u00e9os de cours : Vid\u00e9o 1 : Le vocabulaire de base avec les triangles QCM n\u00b01 de validation : Identifi\u00e9s\u00a0 &#8211;\u00a0 Anonyme Vid\u00e9o 2 : Les angles alternes-internes QCM n\u00b02 de validation : Identifi\u00e9s\u00a0 &#8211;\u00a0 &hellip; <a href=\"https:\/\/mathsguyon.fr\/?page_id=7040\">Continuer la lecture <span class=\"meta-nav\">&rarr;<\/span><\/a><\/p>\n","protected":false},"author":1,"featured_media":0,"parent":0,"menu_order":0,"comment_status":"closed","ping_status":"closed","template":"","meta":{"footnotes":""},"class_list":["post-7040","page","type-page","status-publish","hentry"],"_links":{"self":[{"href":"https:\/\/mathsguyon.fr\/index.php?rest_route=\/wp\/v2\/pages\/7040","targetHints":{"allow":["GET"]}}],"collection":[{"href":"https:\/\/mathsguyon.fr\/index.php?rest_route=\/wp\/v2\/pages"}],"about":[{"href":"https:\/\/mathsguyon.fr\/index.php?rest_route=\/wp\/v2\/types\/page"}],"author":[{"embeddable":true,"href":"https:\/\/mathsguyon.fr\/index.php?rest_route=\/wp\/v2\/users\/1"}],"replies":[{"embeddable":true,"href":"https:\/\/mathsguyon.fr\/index.php?rest_route=%2Fwp%2Fv2%2Fcomments&post=7040"}],"version-history":[{"count":18,"href":"https:\/\/mathsguyon.fr\/index.php?rest_route=\/wp\/v2\/pages\/7040\/revisions"}],"predecessor-version":[{"id":7137,"href":"https:\/\/mathsguyon.fr\/index.php?rest_route=\/wp\/v2\/pages\/7040\/revisions\/7137"}],"wp:attachment":[{"href":"https:\/\/mathsguyon.fr\/index.php?rest_route=%2Fwp%2Fv2%2Fmedia&parent=7040"}],"curies":[{"name":"wp","href":"https:\/\/api.w.org\/{rel}","templated":true}]}}