{"id":686,"date":"2016-05-19T13:44:24","date_gmt":"2016-05-19T12:44:24","guid":{"rendered":"http:\/\/mathsguyon.fr\/?page_id=686"},"modified":"2018-03-04T21:46:45","modified_gmt":"2018-03-04T20:46:45","slug":"solutions-brutes","status":"publish","type":"page","link":"https:\/\/mathsguyon.fr\/?page_id=686","title":{"rendered":"solutions brutes"},"content":{"rendered":"<p>$$(d_1) : x = -2$$<\/p>\n<p>$$(d_2) : y = 3 x +1$$<\/p>\n<p>$$(d_3) : y =\\frac{-1}{3} x +1$$<\/p>\n<p>$$(d_4) : y = -2$$<\/p>\n<p>$$(d_5) : y = -2 x -3$$<\/p>\n<p>&nbsp;<\/p>\n<p><a href=\"http:\/\/mathsguyon.fr\/?page_id=683\">Retour \u00e0 l&rsquo;\u00e9nonc\u00e9<\/a><\/p>\n","protected":false},"excerpt":{"rendered":"<p>$$(d_1) : x = -2$$ $$(d_2) : y = 3 x +1$$ $$(d_3) : y =\\frac{-1}{3} x +1$$ $$(d_4) : y = -2$$ $$(d_5) : y = -2 x -3$$ &nbsp; Retour \u00e0 l&rsquo;\u00e9nonc\u00e9<\/p>\n","protected":false},"author":1,"featured_media":0,"parent":25,"menu_order":0,"comment_status":"closed","ping_status":"closed","template":"","meta":{"footnotes":""},"class_list":["post-686","page","type-page","status-publish","hentry"],"_links":{"self":[{"href":"https:\/\/mathsguyon.fr\/index.php?rest_route=\/wp\/v2\/pages\/686","targetHints":{"allow":["GET"]}}],"collection":[{"href":"https:\/\/mathsguyon.fr\/index.php?rest_route=\/wp\/v2\/pages"}],"about":[{"href":"https:\/\/mathsguyon.fr\/index.php?rest_route=\/wp\/v2\/types\/page"}],"author":[{"embeddable":true,"href":"https:\/\/mathsguyon.fr\/index.php?rest_route=\/wp\/v2\/users\/1"}],"replies":[{"embeddable":true,"href":"https:\/\/mathsguyon.fr\/index.php?rest_route=%2Fwp%2Fv2%2Fcomments&post=686"}],"version-history":[{"count":2,"href":"https:\/\/mathsguyon.fr\/index.php?rest_route=\/wp\/v2\/pages\/686\/revisions"}],"predecessor-version":[{"id":688,"href":"https:\/\/mathsguyon.fr\/index.php?rest_route=\/wp\/v2\/pages\/686\/revisions\/688"}],"up":[{"embeddable":true,"href":"https:\/\/mathsguyon.fr\/index.php?rest_route=\/wp\/v2\/pages\/25"}],"wp:attachment":[{"href":"https:\/\/mathsguyon.fr\/index.php?rest_route=%2Fwp%2Fv2%2Fmedia&parent=686"}],"curies":[{"name":"wp","href":"https:\/\/api.w.org\/{rel}","templated":true}]}}