{"id":6731,"date":"2020-02-02T23:05:54","date_gmt":"2020-02-02T22:05:54","guid":{"rendered":"http:\/\/mathsguyon.fr\/?page_id=6731"},"modified":"2024-03-22T10:04:51","modified_gmt":"2024-03-22T09:04:51","slug":"variable-aleatoire-reelle","status":"publish","type":"page","link":"https:\/\/mathsguyon.fr\/?page_id=6731","title":{"rendered":"Variable al\u00e9atoire r\u00e9elle"},"content":{"rendered":"<h2 style=\"text-align: center;\"><a href=\"http:\/\/mathsguyon.fr\/wp-content\/uploads\/2024\/03\/Cours_variable_aleatoire_2024.pdf\">Cours en pdf<\/a> \u00a0 \u00a0\u00a0 <a href=\"http:\/\/mathsguyon.fr\/wp-content\/uploads\/2024\/03\/PDT_2024_variables_aleatoires.pdf\">Plan\u00a0 de travail<\/a><\/h2>\n<h1 style=\"text-align: center;\"><span style=\"color: #800000;\"><strong>Vid\u00e9os de cours :<\/strong><\/span><\/h1>\n<h2><a href=\"https:\/\/youtube.com\/embed\/ZTYR1TCfgh0\">Vid\u00e9o 1<\/a> : D\u00e9finitions et notations de base<\/h2>\n<h2><a href=\"https:\/\/youtube.com\/embed\/lTexCrnK8Zc\">Vid\u00e9o 2<\/a> : Vocabulaire de base<\/h2>\n<h2><a href=\"https:\/\/youtube.com\/embed\/e-OUyPaFGos\">Vid\u00e9o 3<\/a> : D\u00e9finition d&rsquo;une variable al\u00e9atoire<\/h2>\n<h2><a href=\"https:\/\/youtube.com\/embed\/4HfNRYBjeHs\">Vid\u00e9o 4 :<\/a> Loi de probabilit\u00e9 d&rsquo;une variable al\u00e9atoire<\/h2>\n<h2><a href=\"https:\/\/youtube.com\\embed\/vjtPwybwVLw\">Vid\u00e9o 5<\/a> : Application 1<\/h2>\n<h2><a href=\"https:\/\/youtube.com\/embed\/NsyXzkoSD4M\">Vid\u00e9o 6<\/a> : Application 2<\/h2>\n<h2><a href=\"https:\/\/youtube.com\/embed\/LTvBJIbQRow\">Vid\u00e9o 7<\/a> : Application 3<\/h2>\n<h2><a href=\"https:\/\/youtube.com\/embed\/jcyB_EVde90\">Vid\u00e9o 8<\/a> : Application 4<\/h2>\n<hr \/>\n<h2 style=\"text-align: center;\"><span style=\"color: #800000;\">QCM de validation :\u00a0<a style=\"color: #800000;\" href=\"https:\/\/link.dgpad.net\/sNxx\"> Anonyme<\/a> \u2013 \u00a0 <a style=\"color: #800000;\" href=\"https:\/\/link.dgpad.net\/R7ob\">Identifi\u00e9<\/a><\/span><\/h2>\n<hr \/>\n<h2><a href=\"https:\/\/youtube.com\/embed\/liMNcTlWn_g\">Vid\u00e9o 9 :<\/a> Esp\u00e9rance d&rsquo;une variable al\u00e9atoire<\/h2>\n<hr \/>\n<h2 style=\"text-align: center;\">QCM de validation :\u00a0 <a href=\"https:\/\/link.dgpad.net\/cfUT\">Anonyme<\/a> \u2013 \u00a0 <a href=\"https:\/\/link.dgpad.net\/GQ2w\">Identifi\u00e9<\/a><\/h2>\n<hr \/>\n<h2><a href=\"https:\/\/youtube.com\/embed\/sMVspKsvdjQ\">Vid\u00e9o 10<\/a> : Variance et ecart-type\u00a0d&rsquo;une variable al\u00e9atoire<\/h2>\n<hr \/>\n<h2>QCM de validation :\u00a0 <a href=\"https:\/\/link.dgpad.net\/BH8K\">Anonyme<\/a> \u2013 \u00a0 <a href=\"https:\/\/link.dgpad.net\/tq2d\">Identifi\u00e9<\/a><\/h2>\n<hr \/>\n","protected":false},"excerpt":{"rendered":"<p>Cours en pdf \u00a0 \u00a0\u00a0 Plan\u00a0 de travail Vid\u00e9os de cours : Vid\u00e9o 1 : D\u00e9finitions et notations de base Vid\u00e9o 2 : Vocabulaire de base Vid\u00e9o 3 : D\u00e9finition d&rsquo;une variable al\u00e9atoire Vid\u00e9o 4 : Loi de probabilit\u00e9 d&rsquo;une &hellip; <a href=\"https:\/\/mathsguyon.fr\/?page_id=6731\">Continuer la lecture <span class=\"meta-nav\">&rarr;<\/span><\/a><\/p>\n","protected":false},"author":1,"featured_media":0,"parent":0,"menu_order":0,"comment_status":"closed","ping_status":"closed","template":"","meta":{"footnotes":""},"class_list":["post-6731","page","type-page","status-publish","hentry"],"_links":{"self":[{"href":"https:\/\/mathsguyon.fr\/index.php?rest_route=\/wp\/v2\/pages\/6731","targetHints":{"allow":["GET"]}}],"collection":[{"href":"https:\/\/mathsguyon.fr\/index.php?rest_route=\/wp\/v2\/pages"}],"about":[{"href":"https:\/\/mathsguyon.fr\/index.php?rest_route=\/wp\/v2\/types\/page"}],"author":[{"embeddable":true,"href":"https:\/\/mathsguyon.fr\/index.php?rest_route=\/wp\/v2\/users\/1"}],"replies":[{"embeddable":true,"href":"https:\/\/mathsguyon.fr\/index.php?rest_route=%2Fwp%2Fv2%2Fcomments&post=6731"}],"version-history":[{"count":21,"href":"https:\/\/mathsguyon.fr\/index.php?rest_route=\/wp\/v2\/pages\/6731\/revisions"}],"predecessor-version":[{"id":9513,"href":"https:\/\/mathsguyon.fr\/index.php?rest_route=\/wp\/v2\/pages\/6731\/revisions\/9513"}],"wp:attachment":[{"href":"https:\/\/mathsguyon.fr\/index.php?rest_route=%2Fwp%2Fv2%2Fmedia&parent=6731"}],"curies":[{"name":"wp","href":"https:\/\/api.w.org\/{rel}","templated":true}]}}