{"id":6630,"date":"2019-12-09T15:29:10","date_gmt":"2019-12-09T14:29:10","guid":{"rendered":"http:\/\/mathsguyon.fr\/?page_id=6630"},"modified":"2024-03-09T14:01:11","modified_gmt":"2024-03-09T13:01:11","slug":"trigonometrie","status":"publish","type":"page","link":"https:\/\/mathsguyon.fr\/?page_id=6630","title":{"rendered":"Trigonom\u00e9trie"},"content":{"rendered":"<h2 style=\"text-align: center;\"><a href=\"http:\/\/mathsguyon.fr\/wp-content\/uploads\/2024\/03\/Cours_trigo_2024.pdf\">Cours<\/a>\u00a0\u00a0\u00a0\u00a0 <a href=\"http:\/\/mathsguyon.fr\/wp-content\/uploads\/2024\/03\/PDT_2024_trigo.pdf\">Plan de Travail avec correction<\/a><\/h2>\n<p style=\"text-align: center;\"><span style=\"color: #800000;\"><a style=\"color: #800000;\" href=\"http:\/\/mathsguyon.fr\/?page_id=6752\">Ce qu&rsquo;il faut savoir faire en trigonom\u00e9trie pour l&rsquo;\u00e9valuati<\/a><\/span><span style=\"color: #800000;\"><a style=\"color: #800000;\" href=\"http:\/\/mathsguyon.fr\/?page_id=6752\">on !!<\/a><\/span><\/p>\n<h1 style=\"text-align: center;\">Les vid\u00e9os de cours :<\/h1>\n<h2><a href=\"https:\/\/youtube.com\/embed\/LbHdpvenhPI\">Vid\u00e9o 1 :<\/a>\u00a0 Le cercle trigonom\u00e9trique<\/h2>\n<h2><a href=\"https:\/\/youtube.com\/embed\/i7ph_ot3YbI\">Vid\u00e9o 2 :<\/a> Le radian<\/h2>\n<h2><a href=\"https:\/\/youtube.com\/embed\/fhIj8Ky2INo\">Vid\u00e9o 3<\/a> : Cosinus et Sinus<\/h2>\n<h2><a href=\"https:\/\/youtube.com\/embed\/1ybxwvXEG20\">Vid\u00e9o 4 : <\/a>$\\text{Sachant que} \\sin{x} = &#8211; \\dfrac{\\sqrt{5}}{3} ~~\\text{avec}~~\u00a0 -\\dfrac{\\pi}{2} \\leqslant x\\leqslant 0 ~~\\text{, d\\&rsquo;eterminer la valeur exacte de } ~\\cos{x}$<\/h2>\n<h2><a href=\"https:\/\/youtube.com\/embed\/8s4foMiKj20\">Vid\u00e9o 5<\/a> : $\\text{Calculer}~~ \\cos\\left(\\dfrac{\\pi}{3}\\right)$<br \/>\n<a href=\"https:\/\/youtu.be\/NdVucjOcA9I\">Vid\u00e9o 6<\/a> : $\\text{Calculer}~~ \\sin\\left(\\dfrac{\\pi}{3}\\right)$<br \/>\n<a href=\"https:\/\/youtube.com\/embed\/1JHHTt8U71Y\">Vid\u00e9o 7<\/a> : $\\text{Calculer}~~ \\sin\\left(\\dfrac{\\pi}{4}\\right)~~\\text{(avec les valeurs remarquables du cosinus et du sinus)}$<\/h2>\n<h2><a href=\"https:\/\/youtube.com\/embed\/_R5L0iGVuWE\">Vid\u00e9o 8 :<\/a> Les angles associ\u00e9s<\/h2>\n<h2><a href=\"https:\/\/youtube.com\/embed\/1Q8iysozlOY\">Vid\u00e9o 9<\/a> : R\u00e9solution d&rsquo;\u00e9quations $\\cos x = \\cos a ~~\\text{et}~~ \\sin x = \\sin a$<\/h2>\n<h2><a href=\"https:\/\/youtube.com\/embed\/mb9Jnr-661A\">Vid\u00e9o 10 :<\/a>\u00a0 $\\text{R\u00e9soudre dans}~~ \\mathbb{R} ~~\\text{l&rsquo;\\&rsquo;equation}~~ \\cos{x} = \\dfrac{\\sqrt{3}}{2}$<\/h2>\n<h2><a href=\"https:\/\/youtube.com\/embed\/JNL6qYoWwSw\">Vid\u00e9o 11 :<\/a> \u00a0$\\text{R\u00e9soudre dans}~~ \\mathbb{R} ~~\\text{l&rsquo;\\&rsquo;equation}~~\\sin{x} = \\sin{\\dfrac{7\\pi}{10}}$<\/h2>\n<h2 style=\"text-align: center;\"><strong>Ce qu&rsquo;il faut savoir faire pour l&rsquo;\u00e9valuation :<\/strong><\/h2>\n<h2><span style=\"color: #800000;\"><strong>Exercice 1 : Se rep\u00e9rer sur cercle trigonom\u00e9trique :<\/strong><\/span><\/h2>\n<p><a href=\"https:\/\/youtube.com\/embed\/NiMeh6bVss4\"><img loading=\"lazy\" decoding=\"async\" class=\"wp-image-6747 alignleft\" src=\"http:\/\/mathsguyon.fr\/wp-content\/uploads\/2020\/02\/penta1.png\" alt=\"\" width=\"634\" height=\"312\" srcset=\"https:\/\/mathsguyon.fr\/wp-content\/uploads\/2020\/02\/penta1.png 1210w, https:\/\/mathsguyon.fr\/wp-content\/uploads\/2020\/02\/penta1-300x148.png 300w, https:\/\/mathsguyon.fr\/wp-content\/uploads\/2020\/02\/penta1-1024x504.png 1024w, https:\/\/mathsguyon.fr\/wp-content\/uploads\/2020\/02\/penta1-768x378.png 768w\" sizes=\"auto, (max-width: 634px) 100vw, 634px\" \/><\/a><\/p>\n<h2 style=\"text-align: center;\"><a href=\"https:\/\/youtube.com\/embed\/NiMeh6bVss4\">Correction en vid\u00e9o<\/a><\/h2>\n<h2><strong><span style=\"color: #800000;\">D\u00e9terminer une mesure principale :<\/span><\/strong><\/h2>\n<p><img loading=\"lazy\" decoding=\"async\" class=\"size-full wp-image-6749 aligncenter\" src=\"http:\/\/mathsguyon.fr\/wp-content\/uploads\/2020\/02\/mesprin.png\" alt=\"\" width=\"1060\" height=\"57\" srcset=\"https:\/\/mathsguyon.fr\/wp-content\/uploads\/2020\/02\/mesprin.png 1060w, https:\/\/mathsguyon.fr\/wp-content\/uploads\/2020\/02\/mesprin-300x16.png 300w, https:\/\/mathsguyon.fr\/wp-content\/uploads\/2020\/02\/mesprin-1024x55.png 1024w, https:\/\/mathsguyon.fr\/wp-content\/uploads\/2020\/02\/mesprin-768x41.png 768w\" sizes=\"auto, (max-width: 1060px) 100vw, 1060px\" \/><\/p>\n<h2 style=\"text-align: center;\"><a href=\"https:\/\/youtube.com\/embed\/gTkKntSu6jI\">Correction en vid\u00e9o<\/a><\/h2>\n","protected":false},"excerpt":{"rendered":"<p>Cours\u00a0\u00a0\u00a0\u00a0 Plan de Travail avec correction Ce qu&rsquo;il faut savoir faire en trigonom\u00e9trie pour l&rsquo;\u00e9valuation !! Les vid\u00e9os de cours : Vid\u00e9o 1 :\u00a0 Le cercle trigonom\u00e9trique Vid\u00e9o 2 : Le radian Vid\u00e9o 3 : Cosinus et Sinus Vid\u00e9o 4 &hellip; <a href=\"https:\/\/mathsguyon.fr\/?page_id=6630\">Continuer la lecture <span class=\"meta-nav\">&rarr;<\/span><\/a><\/p>\n","protected":false},"author":1,"featured_media":0,"parent":0,"menu_order":0,"comment_status":"closed","ping_status":"closed","template":"","meta":{"footnotes":""},"class_list":["post-6630","page","type-page","status-publish","hentry"],"_links":{"self":[{"href":"https:\/\/mathsguyon.fr\/index.php?rest_route=\/wp\/v2\/pages\/6630","targetHints":{"allow":["GET"]}}],"collection":[{"href":"https:\/\/mathsguyon.fr\/index.php?rest_route=\/wp\/v2\/pages"}],"about":[{"href":"https:\/\/mathsguyon.fr\/index.php?rest_route=\/wp\/v2\/types\/page"}],"author":[{"embeddable":true,"href":"https:\/\/mathsguyon.fr\/index.php?rest_route=\/wp\/v2\/users\/1"}],"replies":[{"embeddable":true,"href":"https:\/\/mathsguyon.fr\/index.php?rest_route=%2Fwp%2Fv2%2Fcomments&post=6630"}],"version-history":[{"count":43,"href":"https:\/\/mathsguyon.fr\/index.php?rest_route=\/wp\/v2\/pages\/6630\/revisions"}],"predecessor-version":[{"id":9505,"href":"https:\/\/mathsguyon.fr\/index.php?rest_route=\/wp\/v2\/pages\/6630\/revisions\/9505"}],"wp:attachment":[{"href":"https:\/\/mathsguyon.fr\/index.php?rest_route=%2Fwp%2Fv2%2Fmedia&parent=6630"}],"curies":[{"name":"wp","href":"https:\/\/api.w.org\/{rel}","templated":true}]}}