{"id":6625,"date":"2019-12-09T15:26:54","date_gmt":"2019-12-09T14:26:54","guid":{"rendered":"http:\/\/mathsguyon.fr\/?page_id=6625"},"modified":"2025-05-27T06:20:10","modified_gmt":"2025-05-27T05:20:10","slug":"produit-scalaire","status":"publish","type":"page","link":"https:\/\/mathsguyon.fr\/?page_id=6625","title":{"rendered":"Produit scalaire"},"content":{"rendered":"<h2 style=\"text-align: center;\"><a href=\"https:\/\/www.dropbox.com\/scl\/fi\/j6zabmnixmi3clh9ji6jk\/Cours_produit_scalaire_2024.pdf?rlkey=knyalbgc4f7dr8ywhlh70ode0&amp;dl=0\" target=\"_blank\" rel=\"noopener\">Cours<\/a> \u00a0\u00a0\u00a0 <a href=\"_wp_link_placeholder\" data-wplink-edit=\"true\">Plan de Travail<\/a><\/h2>\n<h1 style=\"text-align: center;\">Les vid\u00e9os de cours :<\/h1>\n<h2>En cas de besoin, rappels de <a href=\"http:\/\/mathsguyon.fr\/?page_id=2459\">cours de seconde<\/a>.<\/h2>\n<hr \/>\n<h2 style=\"text-align: center;\">QCM de validation : <a href=\"https:\/\/link.dgpad.net\/cU65\">Identit\u00e9<\/a> &#8211; <a href=\"https:\/\/link.dgpad.net\/rmnk\">Anonyme<\/a><\/h2>\n<hr \/>\n<h2 style=\"text-align: left;\"><span style=\"color: #800000;\"><a href=\"https:\/\/youtube.com\/embed\/WeK4N78BsV0\">Vid\u00e9o 1<\/a> : Produit scalaire et norme<\/span><\/h2>\n<h2 style=\"text-align: center;\">QCM de validation : <a href=\"https:\/\/link.dgpad.net\/L6AW\">Identifi\u00e9<\/a> &#8212; <a href=\"https:\/\/link.dgpad.net\/L5iz\">Anonyme<\/a><\/h2>\n<hr \/>\n<h2><span style=\"color: #800000;\"><a href=\"https:\/\/youtube.com\/embed\/GM4VKZ7GtX0\">Vid\u00e9o 2<\/a> : Produit scalaire et projet\u00e9<\/span><\/h2>\n<h2 style=\"text-align: center;\">QCM de validation : <a href=\"https:\/\/link.dgpad.net\/D9dM\">Identifi\u00e9<\/a> &#8212; <a href=\"https:\/\/link.dgpad.net\/HJSu\">Anonyme<\/a><\/h2>\n<hr \/>\n<h2><span style=\"color: #800000;\"><a href=\"https:\/\/youtube.com\/embed\/PHgtyqweR8A\">Vid\u00e9o 3<\/a> :Produit scalaire et vecteurs orthogonaux<br \/>\n<\/span><\/h2>\n<h2 style=\"text-align: center;\">QCM de validation : <a href=\"https:\/\/link.dgpad.net\/DAh4\">Identifi\u00e9<\/a> &#8212; <a href=\"https:\/\/link.dgpad.net\/5UWS\">Anonyme<\/a><\/h2>\n<hr \/>\n<h2><span style=\"color: #800000;\"><a href=\"https:\/\/youtube.com\/embed\/jO6K3xUQsAs\">Vid\u00e9o 4<\/a> : Propri\u00e9t\u00e9s alg\u00e9briques du produit scalaire<\/span><\/h2>\n<h2 style=\"text-align: center;\">QCM de validation : <a href=\"https:\/\/link.dgpad.net\/qqgK\">Identifi\u00e9<\/a> &#8212; <a href=\"https:\/\/link.dgpad.net\/GPZA\">Anonyme<\/a><\/h2>\n<hr \/>\n<h2><span style=\"color: #800000;\"><a href=\"https:\/\/youtube.com\/embed\/9LLu7iDFUKU\">Vid\u00e9o 5<\/a> : <\/span>Egalit\u00e9 $$\\vec{u} \\cdot \\vec {v} = \\frac{1}{2}\\left(\\|\\vec{u} + \\vec {v}\\|^2-\\|\\vec {u}\\|^2 &#8211; \\|\\vec {v}\\|^2\\right)$$<\/h2>\n<hr \/>\n<h2><span style=\"color: #800000;\"><a href=\"https:\/\/youtube.com\/embed\/MqJm83yx7tY\">Vid\u00e9o 6<\/a> : Produit scalaire et coordonn\u00e9es<\/span><\/h2>\n<h2 style=\"text-align: center;\">QCM de validation : Identifi\u00e9 &#8212; Anonyme<\/h2>\n<hr \/>\n<h2><span style=\"color: #800000;\"><a href=\"https:\/\/youtube.com\/embed\/omvF9I8g6x8\">Vid\u00e9o 7<\/a> : Applications pour d\u00e9terminer la mesure d&rsquo;un angle<\/span><\/h2>\n<h2><span style=\"color: #800000;\"><a href=\"https:\/\/youtube.com\/embed\/vsYEzAdR5oA\">Vid\u00e9o 8<\/a> : Formule d&rsquo;Al-Kashi (d\u00e9monstration fondamentale)<br \/>\n<\/span><\/h2>\n<h2 style=\"text-align: center;\">QCM de validation : <a href=\"https:\/\/link.dgpad.net\/b9aN\">Identifi\u00e9<\/a> &#8212; Anonyme<\/h2>\n<hr \/>\n<h2><span style=\"color: #800000;\"><a href=\"https:\/\/youtube.com\/embed\/yt749i1Hl6E\">Vid\u00e9o 9<\/a> : Application formule d&rsquo;Al Kashi<\/span><\/h2>\n<hr \/>\n<h2><span style=\"color: #800000;\"><a href=\"https:\/\/youtube.com\/embed\/C02QcN0yIWo\">Vid\u00e9o 10<\/a> : Ligne de niveaux avec le milieu<\/span><\/h2>\n<h2 style=\"text-align: center;\">QCM de validation : Identifi\u00e9 &#8212; Anonyme<\/h2>\n<hr \/>\n<h2><span style=\"color: #800000;\"><a href=\"https:\/\/youtube.com\/embed\/XAh0Wai6ZyI\">Vid\u00e9o 11<\/a> : Application ligne de niveau avec milieu<\/span><\/h2>\n<hr \/>\n<h2><span style=\"color: #800000;\">Vid\u00e9o 12 : Ligne de niveaux avec le cercle<\/span><\/h2>\n<h2 style=\"text-align: center;\">QCM de validation : Identifi\u00e9 &#8212; Anonyme<\/h2>\n<hr \/>\n<h2>Vid\u00e9o 13 : Application\u00a0 : Ligne de niveaux avec le cercle<\/h2>\n<hr \/>\n<h2><span style=\"color: #800000;\">Vid\u00e9o 14 : \u00c9quation cart\u00e9sienne de cercle<\/span><\/h2>\n<h2 style=\"text-align: center;\">QCM de validation : Identifi\u00e9 &#8212; Anonyme<\/h2>\n<hr \/>\n<h2><span style=\"color: #800000;\">Vid\u00e9o 15 : Vecteur normal d&rsquo;une droite<\/span><\/h2>\n<h2 style=\"text-align: center;\">QCM de validation : <a href=\"https:\/\/link.dgpad.net\/iR3t\">Identifi\u00e9<\/a> &#8212; <a href=\"https:\/\/link.dgpad.net\/UoPW\">Anonyme<\/a><\/h2>\n","protected":false},"excerpt":{"rendered":"<p>Cours \u00a0\u00a0\u00a0 Plan de Travail Les vid\u00e9os de cours : En cas de besoin, rappels de cours de seconde. QCM de validation : Identit\u00e9 &#8211; Anonyme Vid\u00e9o 1 : Produit scalaire et norme QCM de validation : Identifi\u00e9 &#8212; Anonyme &hellip; <a href=\"https:\/\/mathsguyon.fr\/?page_id=6625\">Continuer la lecture <span class=\"meta-nav\">&rarr;<\/span><\/a><\/p>\n","protected":false},"author":1,"featured_media":0,"parent":0,"menu_order":0,"comment_status":"closed","ping_status":"closed","template":"","meta":{"footnotes":""},"class_list":["post-6625","page","type-page","status-publish","hentry"],"_links":{"self":[{"href":"https:\/\/mathsguyon.fr\/index.php?rest_route=\/wp\/v2\/pages\/6625","targetHints":{"allow":["GET"]}}],"collection":[{"href":"https:\/\/mathsguyon.fr\/index.php?rest_route=\/wp\/v2\/pages"}],"about":[{"href":"https:\/\/mathsguyon.fr\/index.php?rest_route=\/wp\/v2\/types\/page"}],"author":[{"embeddable":true,"href":"https:\/\/mathsguyon.fr\/index.php?rest_route=\/wp\/v2\/users\/1"}],"replies":[{"embeddable":true,"href":"https:\/\/mathsguyon.fr\/index.php?rest_route=%2Fwp%2Fv2%2Fcomments&post=6625"}],"version-history":[{"count":42,"href":"https:\/\/mathsguyon.fr\/index.php?rest_route=\/wp\/v2\/pages\/6625\/revisions"}],"predecessor-version":[{"id":10357,"href":"https:\/\/mathsguyon.fr\/index.php?rest_route=\/wp\/v2\/pages\/6625\/revisions\/10357"}],"wp:attachment":[{"href":"https:\/\/mathsguyon.fr\/index.php?rest_route=%2Fwp%2Fv2%2Fmedia&parent=6625"}],"curies":[{"name":"wp","href":"https:\/\/api.w.org\/{rel}","templated":true}]}}