{"id":6403,"date":"2019-11-08T10:13:02","date_gmt":"2019-11-08T09:13:02","guid":{"rendered":"http:\/\/mathsguyon.fr\/?page_id=6403"},"modified":"2023-11-28T12:03:32","modified_gmt":"2023-11-28T11:03:32","slug":"derivation","status":"publish","type":"page","link":"https:\/\/mathsguyon.fr\/?page_id=6403","title":{"rendered":"D\u00e9rivation"},"content":{"rendered":"<h2 style=\"text-align: center;\"><a href=\"http:\/\/mathsguyon.fr\/wp-content\/uploads\/2023\/11\/Cours_derivation_2023.pdf\">Cours<\/a> \u00a0\u00a0 \u00a0\u00a0 \u00a0<a href=\"http:\/\/mathsguyon.fr\/wp-content\/uploads\/2023\/11\/PDT_2023.pdf\">Plan De Travail<\/a><\/h2>\n<h1 style=\"text-align: center;\"><span style=\"color: #800000;\">Vid\u00e9os de cours :<\/span><\/h1>\n<h2><a href=\"https:\/\/youtube.com\/embed\/6meoY5gjlIA\">Vid\u00e9o 1 :<\/a> Taux de variation<\/h2>\n<h2><a href=\"https:\/\/youtube.com\/embed\/y7NVzthNsOY\">Vid\u00e9o 2 :<\/a> Notion de nombre d\u00e9riv\u00e9<\/h2>\n<h2><a href=\"https:\/\/youtube.com\/embed\/PJGVGZ4Gy2A\">Vid\u00e9o 3<\/a> : D\u00e9finition du nombre d\u00e9riv\u00e9e<\/h2>\n<h2><a href=\"https:\/\/youtube.com\/embed\/nK7FljLK9UI\">Vid\u00e9o 4 :<\/a> \\( \\text{Soit} \\quad f:x \\mapsto x^2 ~\\text{d\u00e9finie sur }\\mathbb{R} \\text{. Calculer} \\quad f'(2)\\)<\/h2>\n<h2><a href=\"https:\/\/youtube.com\/embed\/4eX9QFOQJi8\">Vid\u00e9o 5 :<\/a> \\( \\text{Soit}\\quad g : x \\mapsto \\frac{1}{x} ~\\text{d\u00e9finie sur }\\mathbb{R} \\text{. Calculer} ~g'(-1)\\)<\/h2>\n<h2><a href=\"https:\/\/youtube.com\/embed\/b5K0LkxuV1M\">Vid\u00e9o 6 :<\/a> \\(\\text{Soit} h\\quad :x\\mapsto \\sqrt{x} ~\\text{d\u00e9finie sur }\\mathbb{R} \\text{. Calculer }~h'(3)\\)<\/h2>\n<p><center><iframe loading=\"lazy\" src=\"https:\/\/coopmaths.fr\/mathalea.html?ex=1AN10-1,s=1,n=1&amp;serie=2fvA&amp;z=1&amp;v=e\" width=\"660\" height=\"215\" frameborder=\"0\"><span style=\"display: inline-block; width: 0px; overflow: hidden; line-height: 0;\" data-mce-type=\"bookmark\" class=\"mce_SELRES_start\">\ufeff<\/span><br \/>\n<\/iframe><\/center><\/p>\n<h2>D\u00e9termination du nombre d\u00e9riv\u00e9 \u00e0 la calculatrice :\u00a0 \u00a0 \u00a0\u00a0\u00a0\u00a0\u00a0\u00a0 <a href=\"https:\/\/youtube.com\/hVsRiS5sRkI\">Numworks\u00a0<\/a> \u00a0\u00a0;\u00a0<a href=\"https:\/\/youtube.com\/embed\/0CpbsqI65z0\">Casio<\/a><\/h2>\n<h2><a href=\"https:\/\/youtube.com\/embed\/ULQvmchF17U\">Vid\u00e9o 7 (D\u00e9monstration fondamentale):<\/a> $\\text{Equation de tangente}$<\/h2>\n<h2><a href=\"https:\/\/youtube.com\/embed\/K6qR3-jwVJI\">Vid\u00e9o 8 (D\u00e9monstration fondamentale) :<\/a> $\\text{La fonction} f:x \\mapsto \\sqrt x ~\\text{n&rsquo;est pas d\u00e9rivable en}~0$<\/h2>\n<h2><a href=\"https:\/\/youtube.com\/embed\/S-hMuZmroZg\">Vid\u00e9o 9 :<\/a> $ \\text{Soit }f:x \\mapsto x^2 \\text{d\u00e9finie sur }~\\mathbb{R}~~\\text{. Calculer l&rsquo;\u00e9quation}$<\/h2>\n<h2>$\\text{ de la tangente \u00e0}~\\mathcal{C}~\\text{au point d&rsquo;abscisse}~x_0 =2$.<\/h2>\n<hr \/>\n<h1 style=\"text-align: center;\"><span style=\"color: #800000;\"><strong>Exercices mathal\u00e9a :<\/strong><\/span><\/h1>\n<h2><span style=\"color: #000000;\"><strong>D\u00e9termination d&rsquo;une \u00e9quation de tangente en utilisant la formule de cours :<\/strong><\/span><\/h2>\n<p><center><iframe loading=\"lazy\" src=\"https:\/\/coopmaths.fr\/mathalea.html?ex=1AN11,s=1,n=1&amp;serie=2fvA&amp;z=1&amp;v=e\" width=\"660\" height=\"280\" frameborder=\"0\"><span style=\"display: inline-block; width: 0px; overflow: hidden; line-height: 0;\" data-mce-type=\"bookmark\" class=\"mce_SELRES_start\">\ufeff<\/span><span style=\"display: inline-block; width: 0px; overflow: hidden; line-height: 0;\" data-mce-type=\"bookmark\" class=\"mce_SELRES_start\">\ufeff<\/span><span style=\"display: inline-block; width: 0px; overflow: hidden; line-height: 0;\" data-mce-type=\"bookmark\" class=\"mce_SELRES_start\">\ufeff<\/span><br \/>\n<\/iframe><\/center><\/p>\n<h2><strong>D\u00e9termination d&rsquo;une \u00e9quation de tangente sans utiliser la formule de cours :<\/strong><\/h2>\n<p><center><iframe loading=\"lazy\" src=\"https:\/\/coopmaths.fr\/mathalea.html?ex=1AN11,s=2,n=1&amp;serie=2fvA&amp;z=1&amp;v=e\" width=\"660\" height=\"280\" frameborder=\"0\"><span style=\"display: inline-block; width: 0px; overflow: hidden; line-height: 0;\" data-mce-type=\"bookmark\" class=\"mce_SELRES_start\">\ufeff<\/span><span style=\"display: inline-block; width: 0px; overflow: hidden; line-height: 0;\" data-mce-type=\"bookmark\" class=\"mce_SELRES_start\">\ufeff<\/span><br \/>\n<\/iframe><\/center><\/p>\n<h2><a href=\"https:\/\/youtube.com\/embed\/L-YXhTSLlxs\">Vid\u00e9o 10<\/a> : $\\text{Application graphique}$<\/h2>\n<h2><\/h2>\n","protected":false},"excerpt":{"rendered":"<p>Cours \u00a0\u00a0 \u00a0\u00a0 \u00a0Plan De Travail Vid\u00e9os de cours : Vid\u00e9o 1 : Taux de variation Vid\u00e9o 2 : Notion de nombre d\u00e9riv\u00e9 Vid\u00e9o 3 : D\u00e9finition du nombre d\u00e9riv\u00e9e Vid\u00e9o 4 : \\( \\text{Soit} \\quad f:x \\mapsto x^2 ~\\text{d\u00e9finie &hellip; <a href=\"https:\/\/mathsguyon.fr\/?page_id=6403\">Continuer la lecture <span class=\"meta-nav\">&rarr;<\/span><\/a><\/p>\n","protected":false},"author":1,"featured_media":0,"parent":0,"menu_order":0,"comment_status":"closed","ping_status":"closed","template":"","meta":{"footnotes":""},"class_list":["post-6403","page","type-page","status-publish","hentry"],"_links":{"self":[{"href":"https:\/\/mathsguyon.fr\/index.php?rest_route=\/wp\/v2\/pages\/6403","targetHints":{"allow":["GET"]}}],"collection":[{"href":"https:\/\/mathsguyon.fr\/index.php?rest_route=\/wp\/v2\/pages"}],"about":[{"href":"https:\/\/mathsguyon.fr\/index.php?rest_route=\/wp\/v2\/types\/page"}],"author":[{"embeddable":true,"href":"https:\/\/mathsguyon.fr\/index.php?rest_route=\/wp\/v2\/users\/1"}],"replies":[{"embeddable":true,"href":"https:\/\/mathsguyon.fr\/index.php?rest_route=%2Fwp%2Fv2%2Fcomments&post=6403"}],"version-history":[{"count":157,"href":"https:\/\/mathsguyon.fr\/index.php?rest_route=\/wp\/v2\/pages\/6403\/revisions"}],"predecessor-version":[{"id":9405,"href":"https:\/\/mathsguyon.fr\/index.php?rest_route=\/wp\/v2\/pages\/6403\/revisions\/9405"}],"wp:attachment":[{"href":"https:\/\/mathsguyon.fr\/index.php?rest_route=%2Fwp%2Fv2%2Fmedia&parent=6403"}],"curies":[{"name":"wp","href":"https:\/\/api.w.org\/{rel}","templated":true}]}}