{"id":6282,"date":"2019-10-13T10:35:53","date_gmt":"2019-10-13T09:35:53","guid":{"rendered":"http:\/\/mathsguyon.fr\/?page_id=6282"},"modified":"2019-11-01T18:56:44","modified_gmt":"2019-11-01T17:56:44","slug":"devoir-surveilles","status":"publish","type":"page","link":"https:\/\/mathsguyon.fr\/?page_id=6282","title":{"rendered":"Devoir Surveill\u00e9s"},"content":{"rendered":"<h1 style=\"text-align: center;\"><strong>Devoirs surveill\u00e9s Terminale ES-L<\/strong><\/h1>\n<h2><strong><span style=\"color: #800000;\">Devoir n\u00b01 :<\/span><\/strong><\/h2>\n<h2>Loi binomiale, d\u00e9rivabilit\u00e9, lecture graphique, \u00e9tude de fonctions : <a href=\"http:\/\/mathsguyon.fr\/wp-content\/uploads\/2019\/10\/DS-bino_der.pdf\">Sujet<\/a> &#8211; <a href=\"http:\/\/mathsguyon.fr\/wp-content\/uploads\/2019\/10\/DS-bino_corr.pdf\">Correction<\/a> &#8211; <a href=\"https:\/\/drive.google.com\/drive\/folders\/1F3WxEJIFfKgFdpuVAlE3_X1KwNURrOO6?usp=sharing\">Podcast<\/a><\/h2>\n<h2><strong><span style=\"color: #800000;\">Rem\u00e9diation d\u00e9rivabilit\u00e9 : <\/span><\/strong><\/h2>\n<h2><span style=\"color: #000000;\">D<\/span>\u00e9rivabilit\u00e9, lecture graphique : <a href=\"http:\/\/mathsguyon.fr\/wp-content\/uploads\/2019\/10\/rem\u00e9diation1.pdf\">Sujet<\/a> &#8211; <a href=\"http:\/\/mathsguyon.fr\/wp-content\/uploads\/2019\/10\/rem\u00e9diation1_corr-1.pdf\">Correction<\/a> &#8211; <a href=\"https:\/\/www.dropbox.com\/sh\/8qqfayio8xsm5vq\/AACBwGoB4KP20CAyRiPiUJgya?dl=0\">Podcast<\/a><\/h2>\n<h2><span style=\"color: #800000;\"><strong>Devoir n\u00b02 :<\/strong><\/span><\/h2>\n<h2>\u00c9valuation suites g\u00e9om\u00e9triques : <a href=\"http:\/\/mathsguyon.fr\/wp-content\/uploads\/2019\/11\/DS_suites.pdf\">Sujet<\/a>&#8211;<strong><a href=\"http:\/\/mathsguyon.fr\/wp-content\/uploads\/2019\/11\/DS_suites_corr-1.pdf\">Correction\u00a0<\/a><\/strong>&#8211; <a href=\"https:\/\/www.dropbox.com\/sh\/phkbyz8sg8yqypl\/AABtex9VpvL2uOYZ31evZw9Ja?dl=0\">Podcast<\/a><\/h2>\n<h2><span style=\"color: #800000;\"><strong>Devoir n\u00b03 :<\/strong><\/span><\/h2>\n<h2>Sujet de 2 heures : Loi binomiale &#8211; Suites &#8211; TVI &#8211; D\u00e9rivabilit\u00e9 : Sujet &#8211; Correction<\/h2>\n","protected":false},"excerpt":{"rendered":"<p>Devoirs surveill\u00e9s Terminale ES-L Devoir n\u00b01 : Loi binomiale, d\u00e9rivabilit\u00e9, lecture graphique, \u00e9tude de fonctions : Sujet &#8211; Correction &#8211; Podcast Rem\u00e9diation d\u00e9rivabilit\u00e9 : D\u00e9rivabilit\u00e9, lecture graphique : Sujet &#8211; Correction &#8211; Podcast Devoir n\u00b02 : \u00c9valuation suites g\u00e9om\u00e9triques : &hellip; <a href=\"https:\/\/mathsguyon.fr\/?page_id=6282\">Continuer la lecture <span class=\"meta-nav\">&rarr;<\/span><\/a><\/p>\n","protected":false},"author":1,"featured_media":0,"parent":0,"menu_order":0,"comment_status":"closed","ping_status":"closed","template":"","meta":{"footnotes":""},"class_list":["post-6282","page","type-page","status-publish","hentry"],"_links":{"self":[{"href":"https:\/\/mathsguyon.fr\/index.php?rest_route=\/wp\/v2\/pages\/6282","targetHints":{"allow":["GET"]}}],"collection":[{"href":"https:\/\/mathsguyon.fr\/index.php?rest_route=\/wp\/v2\/pages"}],"about":[{"href":"https:\/\/mathsguyon.fr\/index.php?rest_route=\/wp\/v2\/types\/page"}],"author":[{"embeddable":true,"href":"https:\/\/mathsguyon.fr\/index.php?rest_route=\/wp\/v2\/users\/1"}],"replies":[{"embeddable":true,"href":"https:\/\/mathsguyon.fr\/index.php?rest_route=%2Fwp%2Fv2%2Fcomments&post=6282"}],"version-history":[{"count":15,"href":"https:\/\/mathsguyon.fr\/index.php?rest_route=\/wp\/v2\/pages\/6282\/revisions"}],"predecessor-version":[{"id":6345,"href":"https:\/\/mathsguyon.fr\/index.php?rest_route=\/wp\/v2\/pages\/6282\/revisions\/6345"}],"wp:attachment":[{"href":"https:\/\/mathsguyon.fr\/index.php?rest_route=%2Fwp%2Fv2%2Fmedia&parent=6282"}],"curies":[{"name":"wp","href":"https:\/\/api.w.org\/{rel}","templated":true}]}}