{"id":6230,"date":"2019-10-06T10:21:58","date_gmt":"2019-10-06T09:21:58","guid":{"rendered":"http:\/\/mathsguyon.fr\/?page_id=6230"},"modified":"2024-08-25T23:16:47","modified_gmt":"2024-08-25T22:16:47","slug":"equations-et-inequations-du-second-degre","status":"publish","type":"page","link":"https:\/\/mathsguyon.fr\/?page_id=6230","title":{"rendered":"\u00c9quations du second degr\u00e9"},"content":{"rendered":"<h2 style=\"text-align: center;\"><a href=\"http:\/\/mathsguyon.fr\/wp-content\/uploads\/2024\/08\/cours_equations2024-1.pdf\">Cours en pdf<\/a>\u00a0\u00a0\u00a0\u00a0\u00a0<a href=\"http:\/\/mathsguyon.fr\/wp-content\/uploads\/2024\/08\/PDT_equations_second_degre_EC.pdf\">Plan de travail avec corrections <\/a><\/h2>\n<h1 style=\"text-align: center;\"><span style=\"color: #800000;\"><strong>Vid\u00e9os de cours :<\/strong><\/span><\/h1>\n<h2 style=\"text-align: center;\"><a href=\"https:\/\/doctools.dgpad.net\/connect.php?datas=eyJiYXNlaWQiOiIxZ21lcmE3bGJTZm0xOVMtTm9QNmRfWk5JS2hXY0o3dWhydjNlX1BaWDViUSIsImRlX2Jhc2UiOiIxTVVxT25iRDhFUzdOanRhWnhtN3g1NDdUNElpemJrcmxKdHpCTkRaN25xYyIsImlkIjoiMVJjQXI5LXpld2tLRVh2bGdUNmNiTVRJMFk5eF9NWTc5MmtUU3hSNWliY2MiLCJ1c2VycyI6IkFub255bWUifQ==\">QCM n\u00b01<\/a><\/h2>\n<h2><a href=\"https:\/\/youtube.com\/embed\/gasxtTJ0UEE?rel=0\">Vid\u00e9o 1 :<\/a> D\u00e9couverte de la forme canonique<\/h2>\n<h2 style=\"text-align: center;\"><a href=\"https:\/\/doctools.dgpad.net\/connect.php?datas=eyJiYXNlaWQiOiIxZ21lcmE3bGJTZm0xOVMtTm9QNmRfWk5JS2hXY0o3dWhydjNlX1BaWDViUSIsImRlX2Jhc2UiOiIxTVVxT25iRDhFUzdOanRhWnhtN3g1NDdUNElpemJrcmxKdHpCTkRaN25xYyIsImlkIjoiMXFPeWgtUEIyNXpsdVdaN0c3SHNTWDNoMTJrdjlTUmREM0ktc0g3dmV6aG8iLCJ1c2VycyI6IkFub255bWUifQ==\">QCM n\u00b02<\/a><\/h2>\n<h2><a href=\"https:\/\/youtube.com\/embed\/VT3y-X-NIUA?rel=0\">Vid\u00e9o 2 :<\/a> R\u00e9soudre une \u00e9quation du second degr\u00e9 avec la forme canonique<\/h2>\n<h2 style=\"text-align: center;\"><a href=\"https:\/\/doctools.dgpad.net\/connect.php?datas=eyJiYXNlaWQiOiIxZ21lcmE3bGJTZm0xOVMtTm9QNmRfWk5JS2hXY0o3dWhydjNlX1BaWDViUSIsImRlX2Jhc2UiOiIxTVVxT25iRDhFUzdOanRhWnhtN3g1NDdUNElpemJrcmxKdHpCTkRaN25xYyIsImlkIjoiMTdpUGV2YW40ejJPWEk1T1RhUjlYUnVIWEUwNWU1dHc0WXhIRS16OXdSREkiLCJ1c2VycyI6IkFub255bWUifQ==\">QCM n\u00b03<\/a><\/h2>\n<h2><a href=\"https:\/\/youtube.com\/embed\/UeNnwpr6VcU\">Vid\u00e9o 3<\/a> : M\u00e9thode g\u00e9n\u00e9rale<\/h2>\n<h2 style=\"text-align: center;\"><a href=\"https:\/\/doctools.dgpad.net\/connect.php?datas=eyJiYXNlaWQiOiIxZ21lcmE3bGJTZm0xOVMtTm9QNmRfWk5JS2hXY0o3dWhydjNlX1BaWDViUSIsImRlX2Jhc2UiOiIxTVVxT25iRDhFUzdOanRhWnhtN3g1NDdUNElpemJrcmxKdHpCTkRaN25xYyIsImlkIjoiMWN6R240TDRDNXBsZlQzQXQ1cnppS0gxWENIVDdnUm9VVlR1cVdlcHJLLTQiLCJ1c2VycyI6IkFub255bWUifQ==\">QCM n\u00b04<\/a><\/h2>\n<h2><a href=\"https:\/\/youtube.com\/embed\/5U12CpI-3Yg\">Vid\u00e9o 4<\/a> : R\u00e9soudre dans \\(\\mathbb{R}\\) , l&rsquo;\u00e9quation<\/h2>\n<h2>\\(2x^{2}+3x-4=0\\)<\/h2>\n<h2><a href=\"https:\/\/youtube.com\/embed\/QddMW0LJxuM\">Vid\u00e9o 5<\/a> : R\u00e9soudre dans \\(\\mathbb{R}\\), l&rsquo;\u00e9quation \\(x^{2}+x+1=0\\)<\/h2>\n<h2><a href=\"https:\/\/youtube.com\/embed\/kS3jZl3TW0M\">Vid\u00e9o 6<\/a> : R\u00e9soudre dans \\(\\mathbb{R}\\), l&rsquo;\u00e9quation \\(6x^2-3=7x\\)<\/h2>\n<h2><a href=\"https:\/\/youtube.com\/embed\/HxI0lhYbxeU\">Vid\u00e9o 7<\/a> : Somme et produit de racines<\/h2>\n<h2><a href=\"https:\/\/youtubecom\/embed\/6ugeNy21GQA\">Vid\u00e9o 8<\/a> : Existe-t-il des nombres r\u00e9els dont la somme vaut 4 et le produit 13 ?<\/h2>\n<h2><a href=\"https:\/\/youtube.com\/embed\/X6ajNuC16og\">Vid\u00e9o 9<\/a> : Changement de variables :<\/h2>\n<h2>R\u00e9soudre dans \\(\\mathbb{R}\\) , \\(-2x^{4}+9x^{2}-4=0\\)<\/h2>\n<h2><a href=\"https:\/\/youtube.com\/embed\/ibVPZllnuic\">Vid\u00e9o 10<\/a> : Changement de variables :<\/h2>\n<h2>R\u00e9soudre dans \\(\\mathbb{R}\\) ,\\(-2x+9\\sqrt{x}-4=0\\)<\/h2>\n<h2><a href=\"https:\/\/youtube.com\/embed\/aUKu8nOM4zM\">Vid\u00e9o 11<\/a> : Changement de variables :<\/h2>\n<h2>R\u00e9soudre dans \\(\\mathbb{R}\\) , \\(-\\frac{2}{x^{2}}+\\frac{9}{x}-4=0\\)<\/h2>\n","protected":false},"excerpt":{"rendered":"<p>Cours en pdf\u00a0\u00a0\u00a0\u00a0\u00a0Plan de travail avec corrections Vid\u00e9os de cours : QCM n\u00b01 Vid\u00e9o 1 : D\u00e9couverte de la forme canonique QCM n\u00b02 Vid\u00e9o 2 : R\u00e9soudre une \u00e9quation du second degr\u00e9 avec la forme canonique QCM n\u00b03 Vid\u00e9o 3 &hellip; <a href=\"https:\/\/mathsguyon.fr\/?page_id=6230\">Continuer la lecture <span class=\"meta-nav\">&rarr;<\/span><\/a><\/p>\n","protected":false},"author":1,"featured_media":0,"parent":0,"menu_order":0,"comment_status":"closed","ping_status":"closed","template":"","meta":{"footnotes":""},"class_list":["post-6230","page","type-page","status-publish","hentry"],"_links":{"self":[{"href":"https:\/\/mathsguyon.fr\/index.php?rest_route=\/wp\/v2\/pages\/6230","targetHints":{"allow":["GET"]}}],"collection":[{"href":"https:\/\/mathsguyon.fr\/index.php?rest_route=\/wp\/v2\/pages"}],"about":[{"href":"https:\/\/mathsguyon.fr\/index.php?rest_route=\/wp\/v2\/types\/page"}],"author":[{"embeddable":true,"href":"https:\/\/mathsguyon.fr\/index.php?rest_route=\/wp\/v2\/users\/1"}],"replies":[{"embeddable":true,"href":"https:\/\/mathsguyon.fr\/index.php?rest_route=%2Fwp%2Fv2%2Fcomments&post=6230"}],"version-history":[{"count":122,"href":"https:\/\/mathsguyon.fr\/index.php?rest_route=\/wp\/v2\/pages\/6230\/revisions"}],"predecessor-version":[{"id":9819,"href":"https:\/\/mathsguyon.fr\/index.php?rest_route=\/wp\/v2\/pages\/6230\/revisions\/9819"}],"wp:attachment":[{"href":"https:\/\/mathsguyon.fr\/index.php?rest_route=%2Fwp%2Fv2%2Fmedia&parent=6230"}],"curies":[{"name":"wp","href":"https:\/\/api.w.org\/{rel}","templated":true}]}}