{"id":6040,"date":"2019-09-04T20:59:10","date_gmt":"2019-09-04T19:59:10","guid":{"rendered":"http:\/\/mathsguyon.fr\/?page_id=6040"},"modified":"2024-10-06T16:59:38","modified_gmt":"2024-10-06T15:59:38","slug":"generalites-sur-les-fonctions","status":"publish","type":"page","link":"https:\/\/mathsguyon.fr\/?page_id=6040","title":{"rendered":"G\u00e9n\u00e9ralit\u00e9s sur les fonctions"},"content":{"rendered":"<h1 style=\"text-align: center;\"><a href=\"http:\/\/mathsguyon.fr\/wp-content\/uploads\/2024\/10\/2.-fonctions-affines-rappels_2024.pdf\">Cours en pdf\u00a0\u00a0<\/a>\u00a0\u00a0\u00a0\u00a0\u00a0\u00a0\u00a0 <a href=\"http:\/\/mathsguyon.fr\/wp-content\/uploads\/2023\/09\/PDT_fonctions-rappels.pdf\">Plan de travail en pdf<\/a><\/h1>\n<h1 style=\"text-align: center;\"><span style=\"color: #800000;\">Les vid\u00e9os :<\/span><\/h1>\n<h2><a href=\"https:\/\/youtube.com\/embed\/I2Mob44yf5s\">Vid\u00e9o 1<\/a> : D\u00e9finition et les bases<\/h2>\n<h2><a href=\"https:\/\/youtube.com\/embed\/dvW7MbUh73I\">Vid\u00e9o 2<\/a> : Variations de fonctions +\u00a0<a href=\"https:\/\/link.dgpad.net\/MM5v\">QCM n\u00b01<\/a> \u00a0\u00a0\u00a0\u00a0(<a href=\"https:\/\/link.dgpad.net\/YczL\">anonyme<\/a>)<\/h2>\n<h2><a href=\"https:\/\/youtube.com\/embed\/T200Qg3VkU4\">Vid\u00e9o 3<\/a> : Fonctions affines + <a href=\"https:\/\/link.dgpad.net\/2FGr\">QCM n\u00b02<\/a> \u00a0 (<a href=\"https:\/\/link.dgpad.net\/4Q1K\">Anonyme<\/a>)<\/h2>\n<h2><a href=\"https:\/\/youtube.com\/embed\/ECDfGk5mQEI\">Vid\u00e9o 4 :<\/a> La fonction carr\u00e9 + <a href=\"https:\/\/link.dgpad.net\/kokP\">QCM n\u00b03<\/a> \u00a0 (<a href=\"https:\/\/link.dgpad.net\/EFF8\">Anonyme<\/a>)<\/h2>\n<h2><a href=\"https:\/\/youtube.com\/embed\/OgJdVjmTLtU\">M\u00e9thode 3 de cours\u00a0 :<\/a> R\u00e9soudre dans $\\mathbb{R}$ l&rsquo;in\u00e9quation $\\left( 2x+3 \\right)^2 \\leqslant \\left( 3x-1 \\right)^2$<\/h2>\n<hr \/>\n<h2><a href=\"https:\/\/youtube.com\/embed\/hgqrU76VZDs\">Vid\u00e9o 5 :<\/a> R\u00e9soudre dans $\\mathbb{R}$ l&rsquo;in\u00e9quation $\\dfrac{2x+7}{3x+2} \\geqslant 2$<\/h2>\n<h2><a href=\"https:\/\/youtube.com\/embed\/IIETRmSjbkw\">Vid\u00e9o 6<\/a> : La fonction inverse<\/h2>\n<h2><a href=\"https:\/\/youtube.com\/embed\/BLFG9dK5-w8\">Vid\u00e9o 7 :<\/a> La fonction racine carr\u00e9e<\/h2>\n<h2><a href=\"https:\/\/youtube.com\/embed\/akx9XXu_Ffo\">Vid\u00e9o 8 :<\/a>R\u00e9soudre dans $\\mathbb{R} $ l&rsquo;\u00e9quation $\\sqrt {x &#8211; 1} = 2$<\/h2>\n<h2><a href=\"https:\/\/youtube.com\/embed\/g5uUMuUMzeU\">Vid\u00e9o 9 :<\/a>R\u00e9soudre dans $\\mathbb{R}$ l&rsquo;in\u00e9quation $\\sqrt{x} \\geq10^{ &#8211; 3}$.<\/h2>\n<h3 style=\"text-align: center;\"><span style=\"color: #800000;\">Compl\u00e9ment racine carr\u00e9e\u00a0 :\u00a0 <a style=\"color: #800000;\" href=\"https:\/\/youtube.com\/embed\/72KP49f9CvM\">Rendre un d\u00e9nominateur entier<\/a>\u00a0 et <a style=\"color: #800000;\" href=\"https:\/\/youtube.com\/embed\/RvMLMs3RVuY\">Quantit\u00e9 conjugu\u00e9e<\/a><\/span><\/h3>\n<h2><a href=\"https:\/\/youtube.com\/embed\/VYU_MC2HgOM\">Vid\u00e9o 10<\/a> : La fonction cube<\/h2>\n<h2><a href=\"https:\/\/youtube.com\/embed\/9fuh0G_OHJY\">Vid\u00e9o 11 :<\/a> Fonction paire et impaire<\/h2>\n<h2><a href=\"https:\/\/youtube.com\/embed\/FMgx4QTSH54\">Vid\u00e9o 12<\/a> : Position relative des courbes d&rsquo;\u00e9quations $y=x$ , $y=\\sqrt x$, $y=x^{2}$ et $y=x^{3}$<\/h2>\n<h2><a href=\"https:\/\/youtube.com\/embed\/FFiFcMzY5YM\">Vid\u00e9o 13 :<\/a> Valeur absolue : approche g\u00e9om\u00e9trique<\/h2>\n<h2><a href=\"https:\/\/youtube.com\/embed\/uODLMBotT1g\">Vid\u00e9o 1<\/a>4 : Valeur absolue : approche alg\u00e9brique<\/h2>\n<h2><a href=\"https:\/\/youtube.com\/embed\/3oVcYGtvYD0\">Vid\u00e9o 1<\/a>5 : Valeur absolue et distance<\/h2>\n<h2><a href=\"https:\/\/youtube.com\/embed\/LpiXDZfs5po\">Vid\u00e9o 16<\/a> : Fonction valeur absolue<\/h2>\n","protected":false},"excerpt":{"rendered":"<p>Cours en pdf\u00a0\u00a0\u00a0\u00a0\u00a0\u00a0\u00a0\u00a0\u00a0 Plan de travail en pdf Les vid\u00e9os : Vid\u00e9o 1 : D\u00e9finition et les bases Vid\u00e9o 2 : Variations de fonctions +\u00a0QCM n\u00b01 \u00a0\u00a0\u00a0\u00a0(anonyme) Vid\u00e9o 3 : Fonctions affines + QCM n\u00b02 \u00a0 (Anonyme) Vid\u00e9o 4 : &hellip; <a href=\"https:\/\/mathsguyon.fr\/?page_id=6040\">Continuer la lecture <span class=\"meta-nav\">&rarr;<\/span><\/a><\/p>\n","protected":false},"author":1,"featured_media":0,"parent":1104,"menu_order":0,"comment_status":"closed","ping_status":"closed","template":"","meta":{"footnotes":""},"class_list":["post-6040","page","type-page","status-publish","hentry"],"_links":{"self":[{"href":"https:\/\/mathsguyon.fr\/index.php?rest_route=\/wp\/v2\/pages\/6040","targetHints":{"allow":["GET"]}}],"collection":[{"href":"https:\/\/mathsguyon.fr\/index.php?rest_route=\/wp\/v2\/pages"}],"about":[{"href":"https:\/\/mathsguyon.fr\/index.php?rest_route=\/wp\/v2\/types\/page"}],"author":[{"embeddable":true,"href":"https:\/\/mathsguyon.fr\/index.php?rest_route=\/wp\/v2\/users\/1"}],"replies":[{"embeddable":true,"href":"https:\/\/mathsguyon.fr\/index.php?rest_route=%2Fwp%2Fv2%2Fcomments&post=6040"}],"version-history":[{"count":59,"href":"https:\/\/mathsguyon.fr\/index.php?rest_route=\/wp\/v2\/pages\/6040\/revisions"}],"predecessor-version":[{"id":10023,"href":"https:\/\/mathsguyon.fr\/index.php?rest_route=\/wp\/v2\/pages\/6040\/revisions\/10023"}],"up":[{"embeddable":true,"href":"https:\/\/mathsguyon.fr\/index.php?rest_route=\/wp\/v2\/pages\/1104"}],"wp:attachment":[{"href":"https:\/\/mathsguyon.fr\/index.php?rest_route=%2Fwp%2Fv2%2Fmedia&parent=6040"}],"curies":[{"name":"wp","href":"https:\/\/api.w.org\/{rel}","templated":true}]}}