{"id":6011,"date":"2019-09-02T08:45:13","date_gmt":"2019-09-02T07:45:13","guid":{"rendered":"http:\/\/mathsguyon.fr\/?page_id=6011"},"modified":"2023-11-22T18:53:57","modified_gmt":"2023-11-22T17:53:57","slug":"valeur-absolue","status":"publish","type":"page","link":"https:\/\/mathsguyon.fr\/?page_id=6011","title":{"rendered":"Valeur absolue"},"content":{"rendered":"<h1 style=\"text-align: center;\"><span style=\"color: #800000;\"><a href=\"http:\/\/mathsguyon.fr\/wp-content\/uploads\/2023\/11\/Valeur_absolue_2023.pdf\">Cours<\/a>\u00a0\u00a0\u00a0\u00a0<\/span><span style=\"color: #800000;\"><a href=\"http:\/\/mathsguyon.fr\/wp-content\/uploads\/2023\/11\/PDT_Valeur_absolue_2023.pdf\">Plan de travail<\/a><\/span><\/h1>\n<h1 style=\"text-align: center;\"><span style=\"color: #800000;\">Vid\u00e9os<\/span><\/h1>\n<h2><a href=\"https:\/\/youtube.com\/embed\/n1QOaTPCs0U\">Vid\u00e9o 1 :<\/a> Valeur absolue : approche g\u00e9om\u00e9trique<\/h2>\n<p style=\"text-align: center;\"><span style=\"color: #ac0909;\"><b>QCM 1 : <\/b><\/span><a href=\"https:\/\/link.dgpad.net\/Laf6\" target=\"_blank\" rel=\"noopener\"><b><span style=\"color: blue; font-size: x-large;\">Identifi\u00e9<\/span><\/b><\/a><b><span style=\"color: blue; font-size: x-large;\"> \u00a0 &#8211;\u00a0<\/span><\/b><a href=\"https:\/\/link.dgpad.net\/5uQQ\" target=\"_blank\" rel=\"noopener\"> <b><span style=\"color: blue; font-size: x-large;\"> Acc\u00e8s avec identifiants <\/span><\/b><\/a><\/p>\n<h2><a href=\"https:\/\/youtube.com\/embed\/BoZDHez3vuc\">Vid\u00e9o 2<\/a> : Valeur absolue : approche alg\u00e9brique<\/h2>\n<p style=\"text-align: center;\"><span style=\"color: #ac0909;\"><b>Pour s&rsquo;\u00e9valuer :<\/b><\/span><br \/>\n<a href=\"https:\/\/link.dgpad.net\/QRCQ\" target=\"_blank\" rel=\"noopener\"> <b><span style=\"color: blue; font-size: x-large;\"> Acc\u00e8s sans identifiants <\/span><\/b><\/a><br \/>\n<span id=\"MathJax-Element-59-Frame\" class=\"mjx-chtml MathJax_CHTML\" tabindex=\"0\" role=\"presentation\" data-mathml=\"&lt;math xmlns=&quot;http:\/\/www.w3.org\/1998\/Math\/MathML&quot;&gt;&lt;mspace width=&quot;1em&quot; \/&gt;&lt;\/math&gt;\"><span id=\"MJXc-Node-423\" class=\"mjx-math\" aria-hidden=\"true\"><span id=\"MJXc-Node-424\" class=\"mjx-mrow\"><span id=\"MJXc-Node-425\" class=\"mjx-mspace\"><\/span><\/span><\/span><\/span><a href=\"https:\/\/link.dgpad.net\/nPNf\" target=\"_blank\" rel=\"noopener\"> <b><span style=\"color: blue; font-size: x-large;\"> Acc\u00e8s avec identifiants <\/span><\/b><\/a><\/p>\n<p><iframe loading=\"lazy\" src=\"https:\/\/coopmaths.fr\/mathalea.html?ex=2N15-1,s=1,n=5&amp;serie=ICSq&amp;v=e\" width=\"660\" height=\"415\" frameborder=\"0\"><br \/>\n<\/iframe><\/p>\n<h2><a href=\"https:\/\/youtube.com\/embed\/D4b6_i2BKw0\">Vid\u00e9o 3<\/a> : Valeur absolue et distance<\/h2>\n<p style=\"text-align: center;\"><span style=\"color: #ac0909;\"><b>Pour s&rsquo;\u00e9valuer :<\/b><\/span><br \/>\n<a href=\"https:\/\/link.dgpad.net\/RdHE\" target=\"_blank\" rel=\"noopener\"> <b><span style=\"color: blue; font-size: x-large;\"> Acc\u00e8s sans identifiants <\/span><\/b><\/a><br \/>\n<span id=\"MathJax-Element-76-Frame\" class=\"mjx-chtml MathJax_CHTML\" tabindex=\"0\" role=\"presentation\" data-mathml=\"&lt;math xmlns=&quot;http:\/\/www.w3.org\/1998\/Math\/MathML&quot;&gt;&lt;mspace width=&quot;1em&quot; \/&gt;&lt;\/math&gt;\"><span id=\"MJXc-Node-553\" class=\"mjx-math\" aria-hidden=\"true\"><span id=\"MJXc-Node-554\" class=\"mjx-mrow\"><span id=\"MJXc-Node-555\" class=\"mjx-mspace\"><\/span><\/span><\/span><\/span><a href=\"https:\/\/link.dgpad.net\/wJy3\" target=\"_blank\" rel=\"noopener\"> <b><span style=\"color: blue; font-size: x-large;\"> Acc\u00e8s avec identifiants <\/span><\/b><\/a><\/p>\n<h2><a href=\"https:\/\/youtube.com\/embed\/U4mWbP-9A2k\">Vid\u00e9o 4<\/a> : R\u00e9solution alg\u00e9brique d&rsquo;\u00e9quations<\/h2>\n<p style=\"text-align: center;\"><span style=\"color: #ac0909;\"><b>Pour s&rsquo;\u00e9valuer :<\/b><\/span><br \/>\n<a href=\"https:\/\/link.dgpad.net\/nqus\" target=\"_blank\" rel=\"noopener\"> <b><span style=\"color: blue; font-size: x-large;\"> Acc\u00e8s sans identifiants <\/span><\/b><\/a><br \/>\n<span id=\"MathJax-Element-88-Frame\" class=\"mjx-chtml MathJax_CHTML\" tabindex=\"0\" role=\"presentation\" data-mathml=\"&lt;math xmlns=&quot;http:\/\/www.w3.org\/1998\/Math\/MathML&quot;&gt;&lt;mspace width=&quot;1em&quot; \/&gt;&lt;\/math&gt;\"><span id=\"MJXc-Node-682\" class=\"mjx-math\" aria-hidden=\"true\"><span id=\"MJXc-Node-683\" class=\"mjx-mrow\"><span id=\"MJXc-Node-684\" class=\"mjx-mspace\"><\/span><\/span><\/span><\/span><a href=\"https:\/\/link.dgpad.net\/AmZ5\" target=\"_blank\" rel=\"noopener\"> <b><span style=\"color: blue; font-size: x-large;\"> Acc\u00e8s avec identifiants <\/span><\/b><\/a><\/p>\n<p><iframe loading=\"lazy\" src=\"https:\/\/coopmaths.fr\/mathalea.html?ex=2N15-2,s=1,n=2&amp;serie=ICSq&amp;v=e\" width=\"660\" height=\"415\" frameborder=\"0\"><br \/>\n<\/iframe><\/p>\n<p style=\"text-align: center;\">Exercices corrig\u00e9s en fin de <a href=\"https:\/\/mathsguyon.fr\/test\/index.php?l=fr&amp;n=2e&amp;c=Valeur_absolue\">cours en ligne<\/a><\/p>\n","protected":false},"excerpt":{"rendered":"<p>Cours\u00a0\u00a0\u00a0\u00a0Plan de travail Vid\u00e9os Vid\u00e9o 1 : Valeur absolue : approche g\u00e9om\u00e9trique QCM 1 : Identifi\u00e9 \u00a0 &#8211;\u00a0 Acc\u00e8s avec identifiants Vid\u00e9o 2 : Valeur absolue : approche alg\u00e9brique Pour s&rsquo;\u00e9valuer : Acc\u00e8s sans identifiants Acc\u00e8s avec identifiants Vid\u00e9o 3 &hellip; <a href=\"https:\/\/mathsguyon.fr\/?page_id=6011\">Continuer la lecture <span class=\"meta-nav\">&rarr;<\/span><\/a><\/p>\n","protected":false},"author":1,"featured_media":0,"parent":0,"menu_order":0,"comment_status":"closed","ping_status":"closed","template":"","meta":{"footnotes":""},"class_list":["post-6011","page","type-page","status-publish","hentry"],"_links":{"self":[{"href":"https:\/\/mathsguyon.fr\/index.php?rest_route=\/wp\/v2\/pages\/6011","targetHints":{"allow":["GET"]}}],"collection":[{"href":"https:\/\/mathsguyon.fr\/index.php?rest_route=\/wp\/v2\/pages"}],"about":[{"href":"https:\/\/mathsguyon.fr\/index.php?rest_route=\/wp\/v2\/types\/page"}],"author":[{"embeddable":true,"href":"https:\/\/mathsguyon.fr\/index.php?rest_route=\/wp\/v2\/users\/1"}],"replies":[{"embeddable":true,"href":"https:\/\/mathsguyon.fr\/index.php?rest_route=%2Fwp%2Fv2%2Fcomments&post=6011"}],"version-history":[{"count":18,"href":"https:\/\/mathsguyon.fr\/index.php?rest_route=\/wp\/v2\/pages\/6011\/revisions"}],"predecessor-version":[{"id":9401,"href":"https:\/\/mathsguyon.fr\/index.php?rest_route=\/wp\/v2\/pages\/6011\/revisions\/9401"}],"wp:attachment":[{"href":"https:\/\/mathsguyon.fr\/index.php?rest_route=%2Fwp%2Fv2%2Fmedia&parent=6011"}],"curies":[{"name":"wp","href":"https:\/\/api.w.org\/{rel}","templated":true}]}}