{"id":5931,"date":"2019-07-05T07:15:16","date_gmt":"2019-07-05T06:15:16","guid":{"rendered":"http:\/\/mathsguyon.fr\/?page_id=5931"},"modified":"2025-09-19T11:53:05","modified_gmt":"2025-09-19T10:53:05","slug":"ensembles-de-nombres","status":"publish","type":"page","link":"https:\/\/mathsguyon.fr\/?page_id=5931","title":{"rendered":"Rappels Puissances"},"content":{"rendered":"<h1 style=\"text-align: center;\"><a href=\"http:\/\/mathsguyon.fr\/wp-content\/uploads\/2024\/09\/cours_puissances2024.pdf\">Cours en pdf<\/a> \u00a0\u00a0\u00a0\u00a0\u00a0\u00a0 <a href=\"http:\/\/mathsguyon.fr\/wp-content\/uploads\/2023\/09\/PDT_puissances_2023.pdf\">Plan de Travail<\/a><\/h1>\n<h1 style=\"text-align: center;\"><strong><span style=\"color: #800000;\">Vid\u00e9os de cours :<\/span><\/strong><\/h1>\n<h2><strong><a href=\"https:\/\/youtube.com\/embed\/sO0yb9V-hvo\">Vid\u00e9o 1<\/a> :<\/strong> D\u00e9finitions puissances<\/h2>\n<h2><strong><a href=\"https:\/\/youtube.com\/embed\/pQcT2uTN4sM\">Vid\u00e9o 2<\/a> :<\/strong> Propri\u00e9t\u00e9s puissances<\/h2>\n<h2><a href=\"https:\/\/youtube.com\/embed\/YDckOLsQa34\"><strong>Vid\u00e9o 3 :<\/strong><\/a> Applications : Calculer<\/h2>\n<p>$$\\textbf{A}=2^{3} \\times 2^{4}~~;~~\\textbf{B}=10^{3} \\times 10^{-4}~~;~~\\textbf{C}=x^{2} \\times x^{3}~~;~~\\textbf{D}=\\left(2^{3}\\right)^{4}$$<\/p>\n<h2><a href=\"https:\/\/youtube.com\/embed\/DYAlmFHeKmE\"><strong>Vid\u00e9o 4 :<\/strong><\/a> Applications : Calculer<\/h2>\n<p>$$\\textbf{E}=\\left(10^{3}\\right)^{-4}~~;~~\\textbf{F}=\\left(x^{2}\\right)^{3}~~;~~\\textbf{H}=\\dfrac{10^{3}}{10^{-2}}~~;~~\\textbf{I}=\\dfrac{x^{3}}{x^{1}}$$<\/p>\n<h2><strong><a href=\"https:\/\/youtube.com\/embed\/mz82a9g_7oY\">Vid\u00e9o 5<\/a> :<\/strong> Applications : Calculer<\/h2>\n<p>$$\\textbf{J}=(5 \\times 3)^{2}~~;~~\\textbf{K}=5^{5} \\times 2^{5}~~;~~\\textbf{L}=(3 x)^{2}~~;~~\\textbf{M}=(-2 x)^{3}$$<\/p>\n<h2><strong><a href=\"https:\/\/youtube.com\/embed\/1c20aLKvjnU\">Vid\u00e9o 6 :<\/a><\/strong>Notation scientifique<\/h2>\n<h1 style=\"text-align: center;\"><\/h1>\n","protected":false},"excerpt":{"rendered":"<p>Cours en pdf \u00a0\u00a0\u00a0\u00a0\u00a0\u00a0 Plan de Travail Vid\u00e9os de cours : Vid\u00e9o 1 : D\u00e9finitions puissances Vid\u00e9o 2 : Propri\u00e9t\u00e9s puissances Vid\u00e9o 3 : Applications : Calculer $$\\textbf{A}=2^{3} \\times 2^{4}~~;~~\\textbf{B}=10^{3} \\times 10^{-4}~~;~~\\textbf{C}=x^{2} \\times x^{3}~~;~~\\textbf{D}=\\left(2^{3}\\right)^{4}$$ Vid\u00e9o 4 : Applications : Calculer &hellip; <a href=\"https:\/\/mathsguyon.fr\/?page_id=5931\">Continuer la lecture <span class=\"meta-nav\">&rarr;<\/span><\/a><\/p>\n","protected":false},"author":1,"featured_media":0,"parent":21,"menu_order":0,"comment_status":"closed","ping_status":"closed","template":"","meta":{"footnotes":""},"class_list":["post-5931","page","type-page","status-publish","hentry"],"_links":{"self":[{"href":"https:\/\/mathsguyon.fr\/index.php?rest_route=\/wp\/v2\/pages\/5931","targetHints":{"allow":["GET"]}}],"collection":[{"href":"https:\/\/mathsguyon.fr\/index.php?rest_route=\/wp\/v2\/pages"}],"about":[{"href":"https:\/\/mathsguyon.fr\/index.php?rest_route=\/wp\/v2\/types\/page"}],"author":[{"embeddable":true,"href":"https:\/\/mathsguyon.fr\/index.php?rest_route=\/wp\/v2\/users\/1"}],"replies":[{"embeddable":true,"href":"https:\/\/mathsguyon.fr\/index.php?rest_route=%2Fwp%2Fv2%2Fcomments&post=5931"}],"version-history":[{"count":52,"href":"https:\/\/mathsguyon.fr\/index.php?rest_route=\/wp\/v2\/pages\/5931\/revisions"}],"predecessor-version":[{"id":10365,"href":"https:\/\/mathsguyon.fr\/index.php?rest_route=\/wp\/v2\/pages\/5931\/revisions\/10365"}],"up":[{"embeddable":true,"href":"https:\/\/mathsguyon.fr\/index.php?rest_route=\/wp\/v2\/pages\/21"}],"wp:attachment":[{"href":"https:\/\/mathsguyon.fr\/index.php?rest_route=%2Fwp%2Fv2%2Fmedia&parent=5931"}],"curies":[{"name":"wp","href":"https:\/\/api.w.org\/{rel}","templated":true}]}}