{"id":5810,"date":"2019-06-02T10:32:58","date_gmt":"2019-06-02T09:32:58","guid":{"rendered":"http:\/\/mathsguyon.fr\/?page_id=5810"},"modified":"2019-06-05T15:44:45","modified_gmt":"2019-06-05T14:44:45","slug":"intervalles-fluctuation-et-confiance","status":"publish","type":"page","link":"https:\/\/mathsguyon.fr\/?page_id=5810","title":{"rendered":"Intervalles fluctuation et confiance"},"content":{"rendered":"<h2 style=\"text-align: center;\"><a href=\"http:\/\/mathsguyon.fr\/wp-content\/uploads\/2019\/06\/tes-2017-2018-fluctuation-confiance_trou.pdf\">Le cours \u00e0 trou <\/a>\u00a0\u00a0\u00a0\u00a0\u00a0\u00a0\u00a0\u00a0\u00a0\u00a0\u00a0\u00a0\u00a0\u00a0\u00a0\u00a0\u00a0\u00a0\u00a0 <a href=\"http:\/\/mathsguyon.fr\/wp-content\/uploads\/2019\/06\/tes-2017-2018-fluctuation-confiance.pdf\">Le cours compl\u00e9t\u00e9<\/a><\/h2>\n<h2 style=\"text-align: center;\"><a href=\"http:\/\/mathsguyon.fr\/wp-content\/uploads\/2019\/06\/PDT_fluctuation.pdf\">Plan De Travail<\/a><\/h2>\n<h1 style=\"text-align: center;\"><span style=\"color: #800000;\">Les vid\u00e9os de cours :<\/span><\/h1>\n<h2><a href=\"https:\/\/youtube.com\/embed\/4XX0evxz93s\">Vid\u00e9o 1 :<\/a> Introduction au chapitre<\/h2>\n<h2><a href=\"https:\/\/youtube.com\/embed\/-MMi1P6gBVA\">Vid\u00e9o 2 :<\/a> Intervalle de fluctuation<\/h2>\n<h2><a href=\"https:\/\/youtube.com\/embed\/ZQAbHpx3IY4\">Vid\u00e9o 3 :<\/a> Intervalle de fluctuation (exercice corrig\u00e9)<\/h2>\n<h2><a href=\"https:\/\/youtube.com\/embed\/ULJO6d9sRwE\">Vid\u00e9o 4 :<\/a> Intervalle de confiance<\/h2>\n<h2><a href=\"https:\/\/youtube.com\/embed\/ZQelzRfkWmQ\">Vid\u00e9o 5<\/a> : Intervalle de confiance : D\u00e9terminer l&rsquo;intervalle (exercice corrig\u00e9)<\/h2>\n<h2><a href=\"https:\/\/youtube.com\/embed\/JW1KhkhZp90\">Vid\u00e9o 6 :<\/a> Intervalle de confiance : D\u00e9terminer la taille de l&rsquo;\u00e9chantillon\u00a0 \u00e0 partir de l&rsquo;amplitude d&rsquo;un intervalle de confiance(exercice corrig\u00e9)<\/h2>\n<h2><a href=\"https:\/\/youtube.com\/embed\/ZHK2l_hO5RM\">Vid\u00e9o 7<\/a> : Intervalle de confiance : D\u00e9terminer la taille de l&rsquo;\u00e9chantillon \u00e0 partir d&rsquo;une fr\u00e9quence et de la proportion.(exercice corrig\u00e9)<\/h2>\n","protected":false},"excerpt":{"rendered":"<p>Le cours \u00e0 trou \u00a0\u00a0\u00a0\u00a0\u00a0\u00a0\u00a0\u00a0\u00a0\u00a0\u00a0\u00a0\u00a0\u00a0\u00a0\u00a0\u00a0\u00a0\u00a0 Le cours compl\u00e9t\u00e9 Plan De Travail Les vid\u00e9os de cours : Vid\u00e9o 1 : Introduction au chapitre Vid\u00e9o 2 : Intervalle de fluctuation Vid\u00e9o 3 : Intervalle de fluctuation (exercice corrig\u00e9) Vid\u00e9o 4 : Intervalle &hellip; <a href=\"https:\/\/mathsguyon.fr\/?page_id=5810\">Continuer la lecture <span class=\"meta-nav\">&rarr;<\/span><\/a><\/p>\n","protected":false},"author":1,"featured_media":0,"parent":0,"menu_order":0,"comment_status":"closed","ping_status":"closed","template":"","meta":{"footnotes":""},"class_list":["post-5810","page","type-page","status-publish","hentry"],"_links":{"self":[{"href":"https:\/\/mathsguyon.fr\/index.php?rest_route=\/wp\/v2\/pages\/5810","targetHints":{"allow":["GET"]}}],"collection":[{"href":"https:\/\/mathsguyon.fr\/index.php?rest_route=\/wp\/v2\/pages"}],"about":[{"href":"https:\/\/mathsguyon.fr\/index.php?rest_route=\/wp\/v2\/types\/page"}],"author":[{"embeddable":true,"href":"https:\/\/mathsguyon.fr\/index.php?rest_route=\/wp\/v2\/users\/1"}],"replies":[{"embeddable":true,"href":"https:\/\/mathsguyon.fr\/index.php?rest_route=%2Fwp%2Fv2%2Fcomments&post=5810"}],"version-history":[{"count":10,"href":"https:\/\/mathsguyon.fr\/index.php?rest_route=\/wp\/v2\/pages\/5810\/revisions"}],"predecessor-version":[{"id":5828,"href":"https:\/\/mathsguyon.fr\/index.php?rest_route=\/wp\/v2\/pages\/5810\/revisions\/5828"}],"wp:attachment":[{"href":"https:\/\/mathsguyon.fr\/index.php?rest_route=%2Fwp%2Fv2%2Fmedia&parent=5810"}],"curies":[{"name":"wp","href":"https:\/\/api.w.org\/{rel}","templated":true}]}}