{"id":5576,"date":"2019-03-25T23:15:53","date_gmt":"2019-03-25T22:15:53","guid":{"rendered":"http:\/\/mathsguyon.fr\/?page_id=5576"},"modified":"2020-04-28T09:28:21","modified_gmt":"2020-04-28T08:28:21","slug":"lois-de-probabilite-a-densite","status":"publish","type":"page","link":"https:\/\/mathsguyon.fr\/?page_id=5576","title":{"rendered":"Lois de probabilit\u00e9 \u00e0 densit\u00e9"},"content":{"rendered":"<h2 style=\"text-align: center;\"><a href=\"http:\/\/mathsguyon.fr\/wp-content\/uploads\/2019\/05\/cours2019_densite_2_trou.pdf\">Le cours \u00e0 trou<\/a> \u00a0\u00a0\u00a0\u00a0\u00a0\u00a0\u00a0\u00a0\u00a0\u00a0 <a href=\"http:\/\/mathsguyon.fr\/wp-content\/uploads\/2019\/05\/cours2019_densite_2_complet.pdf\">Le cours compl\u00e9t\u00e9<\/a><\/h2>\n<h2 style=\"text-align: center;\"><a href=\"http:\/\/mathsguyon.fr\/wp-content\/uploads\/2020\/04\/TES_densite_PDT.pdf\">Plan de Travail<\/a><\/h2>\n<p>&nbsp;<\/p>\n<h2><a href=\"https:\/\/youtube.com\/embed\/lSM-vHOzJmo\">Vid\u00e9o 1<\/a> : Variable al\u00e9atoire continue<\/h2>\n<h2><a href=\"https:\/\/youtube.com\/embed\/m3Oe00BcrJQ\">Vid\u00e9o 2<\/a> : Fonction de densit\u00e9<\/h2>\n<h2><a href=\"https:\/\/youtube.com\/embed\/yAJZwYSaMi4\">Vid\u00e9o 3<\/a> : Loi de probabilit\u00e9s<\/h2>\n<h2><a href=\"https:\/\/youtube.com\/embed\/j7ErNBgp6PU\">Vid\u00e9o 4<\/a> : Esp\u00e9rance math\u00e9matique<\/h2>\n<h2><a href=\"https:\/\/youtube.com\/embed\/F_E_yzC1lpY\">Vid\u00e9o 5<\/a> : Loi uniforme<\/h2>\n<h2><a href=\"https:\/\/youtube.com\/embed\/iO4fSh9uUtI\">Vid\u00e9o 6<\/a> : Esp\u00e9rance de la loi uniforme<\/h2>\n<h2><a href=\"https:\/\/youtube.com\/embed\/cw3eaeurrf4\">Vid\u00e9o 7 :<\/a> Application loi uniforme<\/h2>\n<h2><a href=\"https:\/\/youtube.com\/embed\/73FzwACoy08\">Vid\u00e9o 8 :<\/a> Approximation de la loi normale<\/h2>\n<h2><a href=\"https:\/\/youtube.com\/embed\/FnjCo7hvkRs\">Vid\u00e9o 9 :<\/a> Loi normale centr\u00e9e r\u00e9duite<\/h2>\n<h2><a href=\"https:\/\/youtube.com\/embed\/811c9HVOg6s\">Vid\u00e9o 10 :<\/a> Propri\u00e9t\u00e9s graphiques de la loi normale centr\u00e9e r\u00e9duite<\/h2>\n<h2><a href=\"https:\/\/youtube.com\/embed\/m45OeBXT7oU\">Vid\u00e9o 11 :<\/a> Calculs basiques avec la loi normale centr\u00e9e r\u00e9duite<\/h2>\n<h2><a href=\"https:\/\/youtube.com\/embed\/Tl5zPuq6OJo\">Vid\u00e9o 12<\/a> : Approche de la loi normale<\/h2>\n<h2><a href=\"https:\/\/youtube.com\/embed\/Ws6J9d8vqKk\">Vid\u00e9o 13 :<\/a> Intervalle de fluctuation de la loi Normale<\/h2>\n<h2><a href=\"https:\/\/youtube.com\/embed\/yA6VR5YMPK0\">Vid\u00e9o 14<\/a> : Loi Normale et calculatrice (tutoriel Casio)<\/h2>\n<h2><a href=\"https:\/\/youtube.com\/embed\/g1hzikB8haE\">Vid\u00e9o 15 :<\/a> Loi Normale invers\u00e9e (tutoriel Casio)<\/h2>\n<h2 style=\"text-align: center;\"><a href=\"http:\/\/mathsguyon.fr\/?page_id=5756\"><span style=\"color: #800000;\"><strong>Exercices Bac corrig\u00e9s en vid\u00e9os<\/strong><\/span><\/a><\/h2>\n","protected":false},"excerpt":{"rendered":"<p>Le cours \u00e0 trou \u00a0\u00a0\u00a0\u00a0\u00a0\u00a0\u00a0\u00a0\u00a0\u00a0 Le cours compl\u00e9t\u00e9 Plan de Travail &nbsp; Vid\u00e9o 1 : Variable al\u00e9atoire continue Vid\u00e9o 2 : Fonction de densit\u00e9 Vid\u00e9o 3 : Loi de probabilit\u00e9s Vid\u00e9o 4 : Esp\u00e9rance math\u00e9matique Vid\u00e9o 5 : Loi uniforme &hellip; <a href=\"https:\/\/mathsguyon.fr\/?page_id=5576\">Continuer la lecture <span class=\"meta-nav\">&rarr;<\/span><\/a><\/p>\n","protected":false},"author":1,"featured_media":0,"parent":4521,"menu_order":0,"comment_status":"closed","ping_status":"closed","template":"","meta":{"footnotes":""},"class_list":["post-5576","page","type-page","status-publish","hentry"],"_links":{"self":[{"href":"https:\/\/mathsguyon.fr\/index.php?rest_route=\/wp\/v2\/pages\/5576","targetHints":{"allow":["GET"]}}],"collection":[{"href":"https:\/\/mathsguyon.fr\/index.php?rest_route=\/wp\/v2\/pages"}],"about":[{"href":"https:\/\/mathsguyon.fr\/index.php?rest_route=\/wp\/v2\/types\/page"}],"author":[{"embeddable":true,"href":"https:\/\/mathsguyon.fr\/index.php?rest_route=\/wp\/v2\/users\/1"}],"replies":[{"embeddable":true,"href":"https:\/\/mathsguyon.fr\/index.php?rest_route=%2Fwp%2Fv2%2Fcomments&post=5576"}],"version-history":[{"count":21,"href":"https:\/\/mathsguyon.fr\/index.php?rest_route=\/wp\/v2\/pages\/5576\/revisions"}],"predecessor-version":[{"id":7190,"href":"https:\/\/mathsguyon.fr\/index.php?rest_route=\/wp\/v2\/pages\/5576\/revisions\/7190"}],"up":[{"embeddable":true,"href":"https:\/\/mathsguyon.fr\/index.php?rest_route=\/wp\/v2\/pages\/4521"}],"wp:attachment":[{"href":"https:\/\/mathsguyon.fr\/index.php?rest_route=%2Fwp%2Fv2%2Fmedia&parent=5576"}],"curies":[{"name":"wp","href":"https:\/\/api.w.org\/{rel}","templated":true}]}}