{"id":5067,"date":"2019-01-17T09:14:30","date_gmt":"2019-01-17T08:14:30","guid":{"rendered":"http:\/\/mathsguyon.fr\/?page_id=5067"},"modified":"2020-05-24T19:04:31","modified_gmt":"2020-05-24T18:04:31","slug":"la-fonction-exponentielle","status":"publish","type":"page","link":"https:\/\/mathsguyon.fr\/?page_id=5067","title":{"rendered":"La fonction exponentielle"},"content":{"rendered":"\r\n<h4 class=\"wp-block-heading\" style=\"text-align: center;\"><a href=\"http:\/\/mathsguyon.fr\/?page_id=4836\">La page de cours (pdf et vid\u00e9os)<\/a><\/h4>\r\n\r\n\r\n\r\n<h2 class=\"wp-block-heading\" style=\"text-align: center;\"><span style=\"color: #800000;\"><strong>Exercices fondamentaux corrig\u00e9s en vid\u00e9o :<\/strong><\/span><\/h2>\r\n\r\n\r\n\r\n<h2 class=\"wp-block-heading\">Calculer : \\(e^5 \\times e^{-1}~~~et~~~~\\dfrac{e^{-1} \\times e^{4}}{e^2}~~~\\) \u00a0\u00a0 <a href=\"https:\/\/youtube.com\/embed\/_HY_Hl6WGPI\">Correction<\/a><\/h2>\r\n\r\n\r\n\r\n\r\n\r\n<h2 class=\"wp-block-heading\">Calculer : \\((e^{-x} +1)^2 ~~~et ~~ (e^{-x} +e^x)^2\\)\u00a0 <a href=\"https:\/\/youtube.com\/embed\/KNR6_JDB-gw\">Correction<\/a><\/h2>\r\n\r\n\r\n\r\n\r\n\r\n<h2 class=\"wp-block-heading\">R\u00e9soudre dans \\(\\mathbb{R}\\) : \\(e^{-4x} &#8211; 1 = 0~~~\\)\u00a0\u00a0\u00a0 <a href=\"https:\/\/youtube.com\/embed\/R2_zOuqU6Z4\">Correction<\/a><\/h2>\r\n\r\n\r\n\r\n\r\n\r\n<h2 class=\"wp-block-heading\">R\u00e9soudre dans \\(\\mathbb{R}\\) : \\(e^{2x-1}&gt;1\\)\u00a0\u00a0\u00a0\u00a0 <a href=\"https:\/\/youtube.com\/embed\/6w5V3pV696E\">Correction<\/a><\/h2>\r\n\r\n\r\n\r\n\r\n\r\n<h2 class=\"wp-block-heading\">Calculer la d\u00e9riv\u00e9e de \\(f\\) d\u00e9finie sur \\(\\mathbb{R}\\) par : \\(f(x)=(-e^{x}+1)(e^{x}+3)\\)\u00a0\u00a0 <a href=\"https:\/\/youtube.com\/embed\/qU14SBoMiW0\">Correction<\/a><\/h2>\r\n\r\n\r\n\r\n\r\n\r\n<h2 class=\"wp-block-heading\">Calculer la d\u00e9riv\u00e9e de \\(f\\) d\u00e9finie \\(\\mathbb{R}\\) par \\(f(x)=\\dfrac{e^{2x}-1}{e^{2x}+2}\\)\u00a0\u00a0 <a href=\"https:\/\/youtube.com\/embed\/zibj6QJ1g2Y\">Correction<\/a><\/h2>\r\n\r\n\r\n\r\n\r\n\r\n<p><img decoding=\"async\" src=\"http:\/\/i.imgur.com\/wJjHSYp.png\" \/><\/p>\r\n<p><strong>Partie A :<\/strong> <a href=\"https:\/\/youtube.com\/embed\/sRt48KfURPI\">Correction Question 1\u00a0<\/a>\u00a0\u00a0\u00a0\u00a0\u00a0\u00a0\u00a0\u00a0\u00a0\u00a0\u00a0\u00a0\u00a0\u00a0\u00a0\u00a0\u00a0\u00a0\u00a0\u00a0<a href=\"https:\/\/youtube.com\/embed\/VDuMFfyZTxQ\">Correction Question 2<\/a><\/p>\r\n<p><img decoding=\"async\" src=\"http:\/\/i.imgur.com\/ASGFqJZ.png\" \/><\/p>\r\n<p><strong>Partie B : <\/strong><a href=\"https:\/\/youtube.com\/embed\/sRt48KfURPI\">Correction Question 1<\/a> \u00a0\u00a0\u00a0\u00a0\u00a0\u00a0\u00a0\u00a0\u00a0\u00a0\u00a0\u00a0\u00a0\u00a0\u00a0\u00a0\u00a0\u00a0\u00a0 <a href=\"https:\/\/youtube.com\/embed\/G-QXEPZwhZg\">Correction question 2\u00a0<\/a> \u00a0\u00a0\u00a0\u00a0\u00a0\u00a0\u00a0\u00a0 <a href=\"https:\/\/youtube.com\/embed\/Gvy7fB0tlCo\">Correction question<\/a> 3\u00a0\u00a0\u00a0\u00a0 <a href=\"https:\/\/youtube.com\/embed\/ulnvxx54hhs\">Correction question 4<\/a><\/p>\r\n<p><img decoding=\"async\" src=\"http:\/\/i.imgur.com\/X9QrTtS.png\" \/><\/p>\r\n<p><a href=\"https:\/\/youtube.com\/embed\/YJS3yQfOU4c\">Correction Partie C<\/a><\/p>\r\n<p>&nbsp;<\/p>\r\n","protected":false},"excerpt":{"rendered":"<p>La page de cours (pdf et vid\u00e9os) Exercices fondamentaux corrig\u00e9s en vid\u00e9o : Calculer : \\(e^5 \\times e^{-1}~~~et~~~~\\dfrac{e^{-1} \\times e^{4}}{e^2}~~~\\) \u00a0\u00a0 Correction Calculer : \\((e^{-x} +1)^2 ~~~et ~~ (e^{-x} +e^x)^2\\)\u00a0 Correction R\u00e9soudre dans \\(\\mathbb{R}\\) : \\(e^{-4x} &#8211; 1 = 0~~~\\)\u00a0\u00a0\u00a0 &hellip; <a href=\"https:\/\/mathsguyon.fr\/?page_id=5067\">Continuer la lecture <span class=\"meta-nav\">&rarr;<\/span><\/a><\/p>\n","protected":false},"author":1,"featured_media":0,"parent":0,"menu_order":0,"comment_status":"closed","ping_status":"closed","template":"","meta":{"footnotes":""},"class_list":["post-5067","page","type-page","status-publish","hentry"],"_links":{"self":[{"href":"https:\/\/mathsguyon.fr\/index.php?rest_route=\/wp\/v2\/pages\/5067","targetHints":{"allow":["GET"]}}],"collection":[{"href":"https:\/\/mathsguyon.fr\/index.php?rest_route=\/wp\/v2\/pages"}],"about":[{"href":"https:\/\/mathsguyon.fr\/index.php?rest_route=\/wp\/v2\/types\/page"}],"author":[{"embeddable":true,"href":"https:\/\/mathsguyon.fr\/index.php?rest_route=\/wp\/v2\/users\/1"}],"replies":[{"embeddable":true,"href":"https:\/\/mathsguyon.fr\/index.php?rest_route=%2Fwp%2Fv2%2Fcomments&post=5067"}],"version-history":[{"count":77,"href":"https:\/\/mathsguyon.fr\/index.php?rest_route=\/wp\/v2\/pages\/5067\/revisions"}],"predecessor-version":[{"id":7739,"href":"https:\/\/mathsguyon.fr\/index.php?rest_route=\/wp\/v2\/pages\/5067\/revisions\/7739"}],"wp:attachment":[{"href":"https:\/\/mathsguyon.fr\/index.php?rest_route=%2Fwp%2Fv2%2Fmedia&parent=5067"}],"curies":[{"name":"wp","href":"https:\/\/api.w.org\/{rel}","templated":true}]}}