{"id":5064,"date":"2019-01-16T21:57:39","date_gmt":"2019-01-16T20:57:39","guid":{"rendered":"http:\/\/mathsguyon.fr\/?page_id=5064"},"modified":"2020-03-02T21:17:37","modified_gmt":"2020-03-02T20:17:37","slug":"reviser-pour-la-bac","status":"publish","type":"page","link":"https:\/\/mathsguyon.fr\/?page_id=5064","title":{"rendered":"Les fondamentaux pour le bac"},"content":{"rendered":"\r\n<h3 class=\"wp-block-heading\" style=\"text-align: center;\">Cette page regroupe une s\u00e9rie d&rsquo;exercices fondamentaux , corrig\u00e9s en vid\u00e9os,<\/h3>\r\n\r\n\r\n\r\n<h3 class=\"wp-block-heading\" style=\"text-align: center;\">class\u00e9s par chapitre, sur les points essentiels \u00e0 ma\u00eetriser :<\/h3>\r\n<h2>\u00a0<\/h2>\r\n<hr \/>\r\n<h2>\r\n\r\n<\/h2>\r\n<h2><a href=\"http:\/\/mathsguyon.fr\/?page_id=5271\">Les suites arithm\u00e9tico-g\u00e9om\u00e9triques<\/a><\/h2>\r\n<h2>\r\n\r\n<\/h2>\r\n<h2><a href=\"http:\/\/mathsguyon.fr\/?page_id=5834\">Les probabilit\u00e9s conditionnelles<\/a><\/h2>\r\n<h2>\r\n\r\n<\/h2>\r\n<h2><a href=\"http:\/\/mathsguyon.fr\/?page_id=5841\">La convexit\u00e9<\/a><\/h2>\r\n<h2>\r\n\r\n\r\n\r\n<\/h2>\r\n<h2><a href=\"http:\/\/mathsguyon.fr\/?page_id=5067\">La fonction exponentielle<\/a><\/h2>\r\n<h2>\r\n\r\n\r\n\r\n<\/h2>\r\n<h2><a href=\"http:\/\/mathsguyon.fr\/?page_id=5594\">Le calcul int\u00e9gral<\/a><\/h2>\r\n<h2><a href=\"http:\/\/mathsguyon.fr\/?page_id=5756\">Loi normale\/uniforme<\/a><\/h2>\r\n<h2><a href=\"http:\/\/mathsguyon.fr\/wp-content\/uploads\/2019\/03\/DM_f\u00e9vrier_exo1-1.pdf\">Sujet Bac n\u00b01<\/a> : Fonction exponentielle, convexit\u00e9, TVI, mod\u00e9lisation<\/h2>\r\n<h2><a href=\"http:\/\/mathsguyon.fr\/wp-content\/uploads\/2019\/03\/sujet-bac-2-1.pdf\">Sujet bac n\u00b02<\/a>: Fonction exponentielle, logarithme n\u00e9p\u00e9rien, calcul int\u00e9gral et mod\u00e9lisation<\/h2>\r\n<h2><a href=\"http:\/\/mathsguyon.fr\/?page_id=5848\">Sujet bac n\u00b03<\/a> : fonction exponentielle (Am\u00e9rique du Nord mai 2019)<\/h2>\r\n","protected":false},"excerpt":{"rendered":"<p>Cette page regroupe une s\u00e9rie d&rsquo;exercices fondamentaux , corrig\u00e9s en vid\u00e9os, class\u00e9s par chapitre, sur les points essentiels \u00e0 ma\u00eetriser : \u00a0 Les suites arithm\u00e9tico-g\u00e9om\u00e9triques Les probabilit\u00e9s conditionnelles La convexit\u00e9 La fonction exponentielle Le calcul int\u00e9gral Loi normale\/uniforme Sujet Bac &hellip; <a href=\"https:\/\/mathsguyon.fr\/?page_id=5064\">Continuer la lecture <span class=\"meta-nav\">&rarr;<\/span><\/a><\/p>\n","protected":false},"author":1,"featured_media":0,"parent":0,"menu_order":0,"comment_status":"closed","ping_status":"closed","template":"","meta":{"footnotes":""},"class_list":["post-5064","page","type-page","status-publish","hentry"],"_links":{"self":[{"href":"https:\/\/mathsguyon.fr\/index.php?rest_route=\/wp\/v2\/pages\/5064","targetHints":{"allow":["GET"]}}],"collection":[{"href":"https:\/\/mathsguyon.fr\/index.php?rest_route=\/wp\/v2\/pages"}],"about":[{"href":"https:\/\/mathsguyon.fr\/index.php?rest_route=\/wp\/v2\/types\/page"}],"author":[{"embeddable":true,"href":"https:\/\/mathsguyon.fr\/index.php?rest_route=\/wp\/v2\/users\/1"}],"replies":[{"embeddable":true,"href":"https:\/\/mathsguyon.fr\/index.php?rest_route=%2Fwp%2Fv2%2Fcomments&post=5064"}],"version-history":[{"count":30,"href":"https:\/\/mathsguyon.fr\/index.php?rest_route=\/wp\/v2\/pages\/5064\/revisions"}],"predecessor-version":[{"id":6865,"href":"https:\/\/mathsguyon.fr\/index.php?rest_route=\/wp\/v2\/pages\/5064\/revisions\/6865"}],"wp:attachment":[{"href":"https:\/\/mathsguyon.fr\/index.php?rest_route=%2Fwp%2Fv2%2Fmedia&parent=5064"}],"curies":[{"name":"wp","href":"https:\/\/api.w.org\/{rel}","templated":true}]}}