{"id":4961,"date":"2018-12-08T19:31:06","date_gmt":"2018-12-08T18:31:06","guid":{"rendered":"http:\/\/mathsguyon.fr\/?page_id=4961"},"modified":"2019-01-24T08:48:20","modified_gmt":"2019-01-24T07:48:20","slug":"graphes-ponderes","status":"publish","type":"page","link":"https:\/\/mathsguyon.fr\/?page_id=4961","title":{"rendered":"Graphes pond\u00e9r\u00e9s"},"content":{"rendered":"<h2><a href=\"http:\/\/mathsguyon.fr\/wp-content\/uploads\/2018\/12\/tes-2017-2018-dijkstra_trou.pdf\">Cours \u00e0 trou<\/a> \u00a0\u00a0\u00a0\u00a0\u00a0\u00a0\u00a0\u00a0\u00a0\u00a0 <a href=\"http:\/\/mathsguyon.fr\/wp-content\/uploads\/2018\/12\/tes-2017-2018-dijkstra.pdf\">Cours compl\u00e9t\u00e9\u00a0\u00a0<\/a>\u00a0\u00a0\u00a0\u00a0\u00a0\u00a0\u00a0\u00a0\u00a0\u00a0\u00a0\u00a0 <a href=\"http:\/\/mathsguyon.fr\/wp-content\/uploads\/2018\/12\/PDT-dijkstra.pdf\">Plan de Travail<\/a><\/h2>\n<h2 style=\"text-align: center;\"><strong>\u00a0Corrections annales Bac du plan de travail :<\/strong><\/h2>\n<p><a href=\"http:\/\/mathsguyon.fr\/wp-content\/uploads\/2019\/01\/PDT_correction_Pondichery-avril-2017.pdf\">Ex 2 (Pondich\u00e9ry 2017)<\/a> &#8211; <a href=\"https:\/\/www.dropbox.com\/s\/02803k7yztalzie\/PDT_correction_Am_Nord_juin_%202017.pdf?dl=0\">Ex 3 (Am\u00e9rique du Nord 2017)<\/a> &#8211; <a href=\"https:\/\/www.dropbox.com\/s\/sfae1htx7dw12k8\/PDT_correction_polynesie_juin_%202017.pdf?dl=0\">Ex 4 (Polyn\u00e9sie 2017)<\/a><\/p>\n<h1 style=\"text-align: center;\"><span style=\"color: #800000;\">Vid\u00e9os de cours :<\/span><\/h1>\n<h2>\u00a0<\/h2>\n<h2><a href=\"https:\/\/youtube.com\/embed\/jXHf7yAge_E\">Vid\u00e9o 1 :<\/a> Graphes orient\u00e9s<\/h2>\n<h2><a href=\"https:\/\/youtube.com\/embed\/yD4FJMHt0J0\">Vid\u00e9o 2<\/a> : Graphes pond\u00e9r\u00e9s<\/h2>\n<h2><a href=\"https:\/\/youtube.com\/embed\/I1ZfH8S0Ghk\">Vid\u00e9o 3 :<\/a> Algorithme de Dijkstra<\/h2>\n\n\n<p><\/p>\n","protected":false},"excerpt":{"rendered":"<p>Cours \u00e0 trou \u00a0\u00a0\u00a0\u00a0\u00a0\u00a0\u00a0\u00a0\u00a0\u00a0 Cours compl\u00e9t\u00e9\u00a0\u00a0\u00a0\u00a0\u00a0\u00a0\u00a0\u00a0\u00a0\u00a0\u00a0\u00a0\u00a0\u00a0 Plan de Travail \u00a0Corrections annales Bac du plan de travail : Ex 2 (Pondich\u00e9ry 2017) &#8211; Ex 3 (Am\u00e9rique du Nord 2017) &#8211; Ex 4 (Polyn\u00e9sie 2017) Vid\u00e9os de cours : \u00a0 Vid\u00e9o 1 &hellip; <a href=\"https:\/\/mathsguyon.fr\/?page_id=4961\">Continuer la lecture <span class=\"meta-nav\">&rarr;<\/span><\/a><\/p>\n","protected":false},"author":1,"featured_media":0,"parent":0,"menu_order":0,"comment_status":"closed","ping_status":"closed","template":"","meta":{"footnotes":""},"class_list":["post-4961","page","type-page","status-publish","hentry"],"_links":{"self":[{"href":"https:\/\/mathsguyon.fr\/index.php?rest_route=\/wp\/v2\/pages\/4961","targetHints":{"allow":["GET"]}}],"collection":[{"href":"https:\/\/mathsguyon.fr\/index.php?rest_route=\/wp\/v2\/pages"}],"about":[{"href":"https:\/\/mathsguyon.fr\/index.php?rest_route=\/wp\/v2\/types\/page"}],"author":[{"embeddable":true,"href":"https:\/\/mathsguyon.fr\/index.php?rest_route=\/wp\/v2\/users\/1"}],"replies":[{"embeddable":true,"href":"https:\/\/mathsguyon.fr\/index.php?rest_route=%2Fwp%2Fv2%2Fcomments&post=4961"}],"version-history":[{"count":9,"href":"https:\/\/mathsguyon.fr\/index.php?rest_route=\/wp\/v2\/pages\/4961\/revisions"}],"predecessor-version":[{"id":5260,"href":"https:\/\/mathsguyon.fr\/index.php?rest_route=\/wp\/v2\/pages\/4961\/revisions\/5260"}],"wp:attachment":[{"href":"https:\/\/mathsguyon.fr\/index.php?rest_route=%2Fwp%2Fv2%2Fmedia&parent=4961"}],"curies":[{"name":"wp","href":"https:\/\/api.w.org\/{rel}","templated":true}]}}