{"id":4828,"date":"2018-11-01T00:49:10","date_gmt":"2018-10-31T23:49:10","guid":{"rendered":"http:\/\/mathsguyon.fr\/?page_id=4828"},"modified":"2018-11-18T21:26:56","modified_gmt":"2018-11-18T20:26:56","slug":"les-graphes-2","status":"publish","type":"page","link":"https:\/\/mathsguyon.fr\/?page_id=4828","title":{"rendered":"Les Graphes"},"content":{"rendered":"<h2 style=\"text-align: center;\"><a href=\"http:\/\/mathsguyon.fr\/wp-content\/uploads\/2018\/11\/tes-graphes.pdf\">Le cours complet<\/a>\u00a0\u00a0\u00a0\u00a0\u00a0\u00a0\u00a0\u00a0\u00a0\u00a0\u00a0\u00a0\u00a0\u00a0 <a href=\"http:\/\/mathsguyon.fr\/wp-content\/uploads\/2018\/11\/tes-graphes_trou.pdf\">Le cours \u00e0 trou\u00a0<\/a><\/h2>\n<h2 style=\"text-align: center;\"><a href=\"http:\/\/mathsguyon.fr\/wp-content\/uploads\/2018\/11\/tes-graphes_PDT.pdf\">Le Plan De Travail<\/a><\/h2>\n<h1 style=\"text-align: center;\"><span style=\"color: #800000;\">Les Vid\u00e9os de cours :<\/span><\/h1>\n<h2><a href=\"https:\/\/youtube.com\/embed\/UxQIZRJ4IiA\">Vid\u00e9o 1<\/a> : D\u00e9finitions<\/h2>\n<h2><a href=\"https:\/\/youtube.com\/embed\/wqGv_kii6Vk\">Vid\u00e9o 2<\/a> : Graphes cha\u00eenes, cycles et connexit\u00e9<\/h2>\n<h2><a href=\"https:\/\/youtube.com\/embed\/24rdACjL-LI\">Vid\u00e9o 3 :<\/a> Th\u00e9or\u00e8me d&rsquo;Euler<\/h2>\n<h2><a href=\"https:\/\/youtube.com\/embed\/xOreJwdbYw8\">Vid\u00e9o 4<\/a> : Matrice d\u2019adjacence<\/h2>\n<h2><a href=\"https:\/\/youtube.com\/embed\/RJT86TKiRpc\">Vid\u00e9o 5<\/a> :Nombre de cha\u00eenes de longueur $n$<\/h2>\n<p>&nbsp;<\/p>\n","protected":false},"excerpt":{"rendered":"<p>Le cours complet\u00a0\u00a0\u00a0\u00a0\u00a0\u00a0\u00a0\u00a0\u00a0\u00a0\u00a0\u00a0\u00a0\u00a0 Le cours \u00e0 trou\u00a0 Le Plan De Travail Les Vid\u00e9os de cours : Vid\u00e9o 1 : D\u00e9finitions Vid\u00e9o 2 : Graphes cha\u00eenes, cycles et connexit\u00e9 Vid\u00e9o 3 : Th\u00e9or\u00e8me d&rsquo;Euler Vid\u00e9o 4 : Matrice d\u2019adjacence Vid\u00e9o 5 &hellip; <a href=\"https:\/\/mathsguyon.fr\/?page_id=4828\">Continuer la lecture <span class=\"meta-nav\">&rarr;<\/span><\/a><\/p>\n","protected":false},"author":1,"featured_media":0,"parent":3062,"menu_order":0,"comment_status":"closed","ping_status":"closed","template":"","meta":{"footnotes":""},"class_list":["post-4828","page","type-page","status-publish","hentry"],"_links":{"self":[{"href":"https:\/\/mathsguyon.fr\/index.php?rest_route=\/wp\/v2\/pages\/4828","targetHints":{"allow":["GET"]}}],"collection":[{"href":"https:\/\/mathsguyon.fr\/index.php?rest_route=\/wp\/v2\/pages"}],"about":[{"href":"https:\/\/mathsguyon.fr\/index.php?rest_route=\/wp\/v2\/types\/page"}],"author":[{"embeddable":true,"href":"https:\/\/mathsguyon.fr\/index.php?rest_route=\/wp\/v2\/users\/1"}],"replies":[{"embeddable":true,"href":"https:\/\/mathsguyon.fr\/index.php?rest_route=%2Fwp%2Fv2%2Fcomments&post=4828"}],"version-history":[{"count":6,"href":"https:\/\/mathsguyon.fr\/index.php?rest_route=\/wp\/v2\/pages\/4828\/revisions"}],"predecessor-version":[{"id":10310,"href":"https:\/\/mathsguyon.fr\/index.php?rest_route=\/wp\/v2\/pages\/4828\/revisions\/10310"}],"up":[{"embeddable":true,"href":"https:\/\/mathsguyon.fr\/index.php?rest_route=\/wp\/v2\/pages\/3062"}],"wp:attachment":[{"href":"https:\/\/mathsguyon.fr\/index.php?rest_route=%2Fwp%2Fv2%2Fmedia&parent=4828"}],"curies":[{"name":"wp","href":"https:\/\/api.w.org\/{rel}","templated":true}]}}