{"id":4684,"date":"2018-09-27T15:51:23","date_gmt":"2018-09-27T14:51:23","guid":{"rendered":"http:\/\/mathsguyon.fr\/?page_id=4684"},"modified":"2018-11-01T00:43:27","modified_gmt":"2018-10-31T23:43:27","slug":"convexite","status":"publish","type":"page","link":"https:\/\/mathsguyon.fr\/?page_id=4684","title":{"rendered":"Convexit\u00e9"},"content":{"rendered":"<h2 style=\"text-align: center;\"><a href=\"http:\/\/mathsguyon.fr\/wp-content\/uploads\/2018\/10\/convexit\u00e9.pdf\">Le cours \u00e0 trou<\/a>\u00a0\u00a0\u00a0\u00a0\u00a0\u00a0\u00a0\u00a0\u00a0\u00a0\u00a0\u00a0\u00a0\u00a0\u00a0\u00a0\u00a0<a href=\"http:\/\/mathsguyon.fr\/wp-content\/uploads\/2018\/10\/convexit\u00e9_false.pdf\"> Le cours compl\u00e9t\u00e9<\/a><\/h2>\n<h2 style=\"text-align: center;\"><a href=\"http:\/\/mathsguyon.fr\/wp-content\/uploads\/2018\/10\/PDT_convexit\u00e9.pdf\">Le Plan de Travail<\/a><\/h2>\n<p>&nbsp;<\/p>\n<h1 style=\"text-align: center;\"><span style=\"color: #800000;\">Vid\u00e9os de cours :<\/span><\/h1>\n<h2><a href=\"https:\/\/youtube.com\/embed\/KFaKTssUBqI\">Vid\u00e9o 1<\/a> : D\u00e9couverte<\/h2>\n<h2 style=\"text-align: center;\"><a href=\"https:\/\/goo.gl\/forms\/f6otkFzUQIud6cZq1\">QCM n\u00b01<\/a><\/h2>\n<h2><a href=\"https:\/\/youtube.com\/embed\/T0LdcQkMsOU\">Vid\u00e9o 2<\/a> : Convexit\u00e9 et d\u00e9riv\u00e9e seconde<\/h2>\n<h2 style=\"text-align: center;\"><a href=\"https:\/\/goo.gl\/forms\/dF338G2DTInVZX8E3\">QCM n\u00b02<\/a><\/h2>\n<h2><a href=\"https:\/\/youtube.com\/embed\/n5otu8jaAXU\">Vid\u00e9o 3<\/a> : Convexit\u00e9 et extremum<\/h2>\n<h2><a href=\"https:\/\/youtube.com\/embed\/b88prI4LCj0\">Vid\u00e9o 4<\/a> : Convexit\u00e9 des fonctions de r\u00e9f\u00e9rence<\/h2>\n<h2><a href=\"https:\/\/youtube.com\/embed\/UzMwtuSYhds\">Vid\u00e9o 5<\/a> : Point d&rsquo;inflexion<\/h2>\n<h2><a href=\"https:\/\/youtube.com\/embed\/3iBB_bCPblY\">Vid\u00e9o 6 :<\/a> Exercice corrig\u00e9<\/h2>\n","protected":false},"excerpt":{"rendered":"<p>Le cours \u00e0 trou\u00a0\u00a0\u00a0\u00a0\u00a0\u00a0\u00a0\u00a0\u00a0\u00a0\u00a0\u00a0\u00a0\u00a0\u00a0\u00a0\u00a0 Le cours compl\u00e9t\u00e9 Le Plan de Travail &nbsp; Vid\u00e9os de cours : Vid\u00e9o 1 : D\u00e9couverte QCM n\u00b01 Vid\u00e9o 2 : Convexit\u00e9 et d\u00e9riv\u00e9e seconde QCM n\u00b02 Vid\u00e9o 3 : Convexit\u00e9 et extremum Vid\u00e9o 4 : &hellip; <a href=\"https:\/\/mathsguyon.fr\/?page_id=4684\">Continuer la lecture <span class=\"meta-nav\">&rarr;<\/span><\/a><\/p>\n","protected":false},"author":1,"featured_media":0,"parent":4521,"menu_order":0,"comment_status":"closed","ping_status":"closed","template":"","meta":{"footnotes":""},"class_list":["post-4684","page","type-page","status-publish","hentry"],"_links":{"self":[{"href":"https:\/\/mathsguyon.fr\/index.php?rest_route=\/wp\/v2\/pages\/4684","targetHints":{"allow":["GET"]}}],"collection":[{"href":"https:\/\/mathsguyon.fr\/index.php?rest_route=\/wp\/v2\/pages"}],"about":[{"href":"https:\/\/mathsguyon.fr\/index.php?rest_route=\/wp\/v2\/types\/page"}],"author":[{"embeddable":true,"href":"https:\/\/mathsguyon.fr\/index.php?rest_route=\/wp\/v2\/users\/1"}],"replies":[{"embeddable":true,"href":"https:\/\/mathsguyon.fr\/index.php?rest_route=%2Fwp%2Fv2%2Fcomments&post=4684"}],"version-history":[{"count":9,"href":"https:\/\/mathsguyon.fr\/index.php?rest_route=\/wp\/v2\/pages\/4684\/revisions"}],"predecessor-version":[{"id":4826,"href":"https:\/\/mathsguyon.fr\/index.php?rest_route=\/wp\/v2\/pages\/4684\/revisions\/4826"}],"up":[{"embeddable":true,"href":"https:\/\/mathsguyon.fr\/index.php?rest_route=\/wp\/v2\/pages\/4521"}],"wp:attachment":[{"href":"https:\/\/mathsguyon.fr\/index.php?rest_route=%2Fwp%2Fv2%2Fmedia&parent=4684"}],"curies":[{"name":"wp","href":"https:\/\/api.w.org\/{rel}","templated":true}]}}