{"id":467,"date":"2016-05-01T22:33:36","date_gmt":"2016-05-01T21:33:36","guid":{"rendered":"http:\/\/mathsguyon.fr\/?page_id=467"},"modified":"2018-03-04T21:46:41","modified_gmt":"2018-03-04T20:46:41","slug":"annales-brevets-blancs-bellevue","status":"publish","type":"page","link":"https:\/\/mathsguyon.fr\/?page_id=467","title":{"rendered":"Brevets Blancs Bellevue"},"content":{"rendered":"<h1 style=\"text-align: center;\">Annales Brevet Blanc Bellevue :<\/h1>\n<p>&nbsp;<\/p>\n<p><a href=\"http:\/\/mathsguyon.fr\/wp-content\/uploads\/2016\/05\/brevet-blanc-1-2014-version-3_bareme_modif.pdf\">Brevet Blanc n\u00b01 &#8211; janvier 2014<\/a><\/p>\n<p><a href=\"http:\/\/mathsguyon.fr\/wp-content\/uploads\/2016\/05\/BB2_mai_2014-2.pdf\">Brevet Blanc_n\u00b02 &#8211; mai_2014<\/a><\/p>\n<p><a href=\"http:\/\/mathsguyon.fr\/wp-content\/uploads\/2016\/05\/BB-1-Janvier-2015-v3.pdf\">Brevet Blanc n\u00b0 1 &#8211; Janvier 2015<\/a>\u00a0\u00a0\u00a0\u00a0\u00a0 <a href=\"http:\/\/mathsguyon.fr\/wp-content\/uploads\/2016\/05\/BB-1-Janvier-2015_corr.pdf\">correction en pdf<\/a><\/p>\n<p><a href=\"http:\/\/mathsguyon.fr\/wp-content\/uploads\/2016\/05\/BB2_2015.pdf\">Brevet Blanc n\u00b02 &#8211; mai 2015<\/a><\/p>\n<p><a href=\"http:\/\/mathsguyon.fr\/wp-content\/uploads\/2016\/05\/brevet_blanc_1-2016_v1-2.pdf\">Brevet_Blanc_n\u00b01 &#8211; janvier 2016<\/a> \u00a0\u00a0\u00a0\u00a0\u00a0\u00a0\u00a0 <a href=\"http:\/\/mathsguyon.fr\/wp-content\/uploads\/2016\/05\/Brevet_Blanc1_2016_corection.pdf\">correction en pdf<\/a><\/p>\n<p style=\"text-align: left;\"><a href=\"http:\/\/mathsguyon.fr\/wp-content\/uploads\/2016\/05\/BB2_mai_2016versionbis.pdf\">Brevet Blanc n\u00b02 -mai_2016<\/a>\u00a0\u00a0\u00a0\u00a0\u00a0\u00a0\u00a0 <a href=\"http:\/\/mathsguyon.fr\/wp-content\/uploads\/2016\/05\/BB2_mai2016_correction.pdf\">correction (<\/a>erreur d&rsquo;\u00e9nonc\u00e9 dans affirmation 1 de la question 2. Cette question sort du bar\u00e8me.)<\/p>\n<h1><a href=\"http:\/\/mathsguyon.fr\/?page_id=2480\">Brevet Blanc n\u00b0 1 : janvier 2017<\/a><\/h1>\n","protected":false},"excerpt":{"rendered":"<p>Annales Brevet Blanc Bellevue : &nbsp; Brevet Blanc n\u00b01 &#8211; janvier 2014 Brevet Blanc_n\u00b02 &#8211; mai_2014 Brevet Blanc n\u00b0 1 &#8211; Janvier 2015\u00a0\u00a0\u00a0\u00a0\u00a0 correction en pdf Brevet Blanc n\u00b02 &#8211; mai 2015 Brevet_Blanc_n\u00b01 &#8211; janvier 2016 \u00a0\u00a0\u00a0\u00a0\u00a0\u00a0\u00a0 correction en pdf &hellip; <a href=\"https:\/\/mathsguyon.fr\/?page_id=467\">Continuer la lecture <span class=\"meta-nav\">&rarr;<\/span><\/a><\/p>\n","protected":false},"author":1,"featured_media":0,"parent":12,"menu_order":0,"comment_status":"closed","ping_status":"closed","template":"","meta":{"footnotes":""},"class_list":["post-467","page","type-page","status-publish","hentry"],"_links":{"self":[{"href":"https:\/\/mathsguyon.fr\/index.php?rest_route=\/wp\/v2\/pages\/467","targetHints":{"allow":["GET"]}}],"collection":[{"href":"https:\/\/mathsguyon.fr\/index.php?rest_route=\/wp\/v2\/pages"}],"about":[{"href":"https:\/\/mathsguyon.fr\/index.php?rest_route=\/wp\/v2\/types\/page"}],"author":[{"embeddable":true,"href":"https:\/\/mathsguyon.fr\/index.php?rest_route=\/wp\/v2\/users\/1"}],"replies":[{"embeddable":true,"href":"https:\/\/mathsguyon.fr\/index.php?rest_route=%2Fwp%2Fv2%2Fcomments&post=467"}],"version-history":[{"count":15,"href":"https:\/\/mathsguyon.fr\/index.php?rest_route=\/wp\/v2\/pages\/467\/revisions"}],"predecessor-version":[{"id":2487,"href":"https:\/\/mathsguyon.fr\/index.php?rest_route=\/wp\/v2\/pages\/467\/revisions\/2487"}],"up":[{"embeddable":true,"href":"https:\/\/mathsguyon.fr\/index.php?rest_route=\/wp\/v2\/pages\/12"}],"wp:attachment":[{"href":"https:\/\/mathsguyon.fr\/index.php?rest_route=%2Fwp%2Fv2%2Fmedia&parent=467"}],"curies":[{"name":"wp","href":"https:\/\/api.w.org\/{rel}","templated":true}]}}