{"id":4524,"date":"2018-08-24T11:12:35","date_gmt":"2018-08-24T10:12:35","guid":{"rendered":"http:\/\/mathsguyon.fr\/?page_id=4524"},"modified":"2024-11-28T14:03:19","modified_gmt":"2024-11-28T13:03:19","slug":"les-matrices","status":"publish","type":"page","link":"https:\/\/mathsguyon.fr\/?page_id=4524","title":{"rendered":"3. Les matrices"},"content":{"rendered":"\n<h1 class=\"wp-block-heading has-text-align-center\">Le cours<\/h1>\n\n\n\n<p>Merci \u00e0 Jason Lapeyronie et Pierre Cauchois pour le partage de leurs sources.<\/p>\n\n\n<a href=\"https:\/\/mathsguyon.fr\/wp-content\/uploads\/2024\/11\/Intro.pdf\" class=\"pdfemb-viewer\" style=\"\" data-width=\"max\" data-height=\"max\" data-toolbar=\"bottom\" data-toolbar-fixed=\"off\">Intro<\/a>\n\n<a href=\"https:\/\/mathsguyon.fr\/wp-content\/uploads\/2024\/11\/Matrices_cours_2024.pdf\" class=\"pdfemb-viewer\" style=\"\" data-width=\"max\" data-height=\"max\" data-toolbar=\"bottom\" data-toolbar-fixed=\"off\">Matrices_cours_2024<\/a>\n\n<a href=\"https:\/\/mathsguyon.fr\/wp-content\/uploads\/2024\/11\/PDT_matrices.pdf\" class=\"pdfemb-viewer\" style=\"\" data-width=\"max\" data-height=\"max\" data-toolbar=\"bottom\" data-toolbar-fixed=\"off\">PDT_matrices<\/a>\n\n<h1 style=\"text-align: center;\"><a href=\"http:\/\/mathsguyon.fr\/wp-content\/uploads\/2024\/11\/Matrices_cours_2024.pdf\">Cours<\/a> \u00a0\u00a0\u00a0 <a href=\"http:\/\/mathsguyon.fr\/wp-content\/uploads\/2024\/11\/PDT_matrices.pdf\">Le plan de Travail<\/a><\/h1>\n<h1 style=\"text-align: center;\"><span style=\"color: #800000;\">Les vid\u00e9os de cours :<\/span><\/h1>\n<h2>1. <a href=\"https:\/\/youtube.com\/embed\/NnwURp4sm68\">Qu&rsquo;est ce qu&rsquo;une matrice<\/a><\/h2>\n<h2>2. <a href=\"https:\/\/youtube.com\/embed\/dnBPkeM3H78\">Conna\u00eetre les matrices particuli\u00e8res<\/a><\/h2>\n<h2>3. <a href=\"https:\/\/youtube.com\/embed\/ZeeWPoMR5_E\">Savoir additionner deux matrices<\/a><\/h2>\n<h2>4. <a href=\"https:\/\/youtube.com\/embed\/TN6yJHI6o9o\">Savoir multiplier une matrice ligne par une matrice colonne<\/a><\/h2>\n<h2>5. <a href=\"https:\/\/youtube.com\/embed\/fgl6GYFJns0\">Savoir multiplier une matrice par une matrice colonne<\/a><\/h2>\n<h2>6. <a href=\"https:\/\/youtube.com\/embed\/5acJAAgzLZ4\">Savoir multiplier deux matrices<\/a><\/h2>\n<h2>7. <a href=\"https:\/\/youtube.com\/embed\/pjXRqx1VA28\">Savoir utiliser et calculer les puissances simples de matrices<\/a><\/h2>\n<h2>8. <a href=\"https:\/\/youtube.com\/embed\/LDjpUDjTf0c\">Conna\u00eetre la d\u00e9finition et les propri\u00e9t\u00e9s d&rsquo;une matrice inverse<\/a><\/h2>\n<h2>9. <a href=\"https:\/\/youtube.com\/embed\/2ob5xiLYcpE\">D\u00e9montrer que deux matrices sont inverses l&rsquo;une de l&rsquo;autre.<\/a><\/h2>\n<h2>10. <a href=\"https:\/\/youtube.com\/embed\/FHx-3TwhAEY\">Calculer une matrice inverse dans des cas tr\u00e8s simples<\/a><\/h2>\n<h2>11. <a href=\"https:\/\/youtube.com\/embed\/6sWFSXdPV2E\">R\u00e9soudre une \u00e9quation matricielle du type AX = B<\/a><\/h2>\n<h2>12. <a href=\"https:\/\/youtube.com\/embed\/g9jHcn0QsrQ\">Associer une \u00e9quation matricielle \u00e0 un syst\u00e8me d\u2019\u00e9quations lin\u00e9aires et inversement.<\/a><\/h2>","protected":false},"excerpt":{"rendered":"<p>Le cours Merci \u00e0 Jason Lapeyronie et Pierre Cauchois pour le partage de leurs sources. Cours \u00a0\u00a0\u00a0 Le plan de Travail Les vid\u00e9os de cours : 1. Qu&rsquo;est ce qu&rsquo;une matrice 2. Conna\u00eetre les matrices particuli\u00e8res 3. Savoir additionner deux &hellip; <a href=\"https:\/\/mathsguyon.fr\/?page_id=4524\">Continuer la lecture <span class=\"meta-nav\">&rarr;<\/span><\/a><\/p>\n","protected":false},"author":1,"featured_media":0,"parent":3062,"menu_order":0,"comment_status":"closed","ping_status":"closed","template":"","meta":{"footnotes":""},"class_list":["post-4524","page","type-page","status-publish","hentry"],"_links":{"self":[{"href":"https:\/\/mathsguyon.fr\/index.php?rest_route=\/wp\/v2\/pages\/4524","targetHints":{"allow":["GET"]}}],"collection":[{"href":"https:\/\/mathsguyon.fr\/index.php?rest_route=\/wp\/v2\/pages"}],"about":[{"href":"https:\/\/mathsguyon.fr\/index.php?rest_route=\/wp\/v2\/types\/page"}],"author":[{"embeddable":true,"href":"https:\/\/mathsguyon.fr\/index.php?rest_route=\/wp\/v2\/users\/1"}],"replies":[{"embeddable":true,"href":"https:\/\/mathsguyon.fr\/index.php?rest_route=%2Fwp%2Fv2%2Fcomments&post=4524"}],"version-history":[{"count":40,"href":"https:\/\/mathsguyon.fr\/index.php?rest_route=\/wp\/v2\/pages\/4524\/revisions"}],"predecessor-version":[{"id":10144,"href":"https:\/\/mathsguyon.fr\/index.php?rest_route=\/wp\/v2\/pages\/4524\/revisions\/10144"}],"up":[{"embeddable":true,"href":"https:\/\/mathsguyon.fr\/index.php?rest_route=\/wp\/v2\/pages\/3062"}],"wp:attachment":[{"href":"https:\/\/mathsguyon.fr\/index.php?rest_route=%2Fwp%2Fv2%2Fmedia&parent=4524"}],"curies":[{"name":"wp","href":"https:\/\/api.w.org\/{rel}","templated":true}]}}