{"id":4521,"date":"2018-08-24T10:52:29","date_gmt":"2018-08-24T09:52:29","guid":{"rendered":"http:\/\/mathsguyon.fr\/?page_id=4521"},"modified":"2019-09-03T22:02:35","modified_gmt":"2019-09-03T21:02:35","slug":"terminale-esl","status":"publish","type":"page","link":"https:\/\/mathsguyon.fr\/?page_id=4521","title":{"rendered":"Terminale ESL"},"content":{"rendered":"<h2><a href=\"http:\/\/mathsguyon.fr\/?page_id=3179\">1. Loi Binomiale<\/a><\/h2>\n<h2><a href=\"http:\/\/mathsguyon.fr\/?page_id=4573\">2. Continuit\u00e9 et d\u00e9rivabilit\u00e9<\/a><\/h2>\n<h2>3. <a href=\"http:\/\/mathsguyon.fr\/?page_id=4652\">Suites arithm\u00e9tico-g\u00e9om\u00e9triques<\/a><\/h2>\n<h2>4. <a href=\"http:\/\/mathsguyon.fr\/?page_id=4684\">Fonctions convexes<\/a><\/h2>\n<h2><a href=\"http:\/\/mathsguyon.fr\/?page_id=4328\">5. Probabilit\u00e9s conditionnelles<\/a><\/h2>\n<h2><a href=\"http:\/\/mathsguyon.fr\/?page_id=4836\">6. Exponentielle<\/a><\/h2>\n<h2><a href=\"http:\/\/mathsguyon.fr\/?page_id=4838\">7. Logarithme<\/a><\/h2>\n","protected":false},"excerpt":{"rendered":"<p>1. Loi Binomiale 2. Continuit\u00e9 et d\u00e9rivabilit\u00e9 3. Suites arithm\u00e9tico-g\u00e9om\u00e9triques 4. Fonctions convexes 5. Probabilit\u00e9s conditionnelles 6. Exponentielle 7. Logarithme<\/p>\n","protected":false},"author":1,"featured_media":0,"parent":3059,"menu_order":0,"comment_status":"closed","ping_status":"closed","template":"","meta":{"footnotes":""},"class_list":["post-4521","page","type-page","status-publish","hentry"],"_links":{"self":[{"href":"https:\/\/mathsguyon.fr\/index.php?rest_route=\/wp\/v2\/pages\/4521","targetHints":{"allow":["GET"]}}],"collection":[{"href":"https:\/\/mathsguyon.fr\/index.php?rest_route=\/wp\/v2\/pages"}],"about":[{"href":"https:\/\/mathsguyon.fr\/index.php?rest_route=\/wp\/v2\/types\/page"}],"author":[{"embeddable":true,"href":"https:\/\/mathsguyon.fr\/index.php?rest_route=\/wp\/v2\/users\/1"}],"replies":[{"embeddable":true,"href":"https:\/\/mathsguyon.fr\/index.php?rest_route=%2Fwp%2Fv2%2Fcomments&post=4521"}],"version-history":[{"count":9,"href":"https:\/\/mathsguyon.fr\/index.php?rest_route=\/wp\/v2\/pages\/4521\/revisions"}],"predecessor-version":[{"id":6031,"href":"https:\/\/mathsguyon.fr\/index.php?rest_route=\/wp\/v2\/pages\/4521\/revisions\/6031"}],"up":[{"embeddable":true,"href":"https:\/\/mathsguyon.fr\/index.php?rest_route=\/wp\/v2\/pages\/3059"}],"wp:attachment":[{"href":"https:\/\/mathsguyon.fr\/index.php?rest_route=%2Fwp%2Fv2%2Fmedia&parent=4521"}],"curies":[{"name":"wp","href":"https:\/\/api.w.org\/{rel}","templated":true}]}}