{"id":4322,"date":"2018-03-23T11:28:22","date_gmt":"2018-03-23T10:28:22","guid":{"rendered":"http:\/\/mathsguyon.fr\/?page_id=4322"},"modified":"2018-03-26T10:09:00","modified_gmt":"2018-03-26T09:09:00","slug":"loi-normale","status":"publish","type":"page","link":"https:\/\/mathsguyon.fr\/?page_id=4322","title":{"rendered":"Loi Normale"},"content":{"rendered":"<h2><a href=\"http:\/\/mathsguyon.fr\/wp-content\/uploads\/2018\/03\/cours_loi_normale_trou.pdf\">Le cours \u00e0 trou<\/a>\u00a0\u00a0\u00a0\u00a0\u00a0\u00a0<a href=\"http:\/\/mathsguyon.fr\/wp-content\/uploads\/2018\/03\/pdt_loi_normale.pdf\">Le plan de travail <\/a><\/h2>\n<p>&nbsp;<\/p>\n<h2><a href=\"https:\/\/youtube.com\/embed\/qYLNDihczr4\">Vid\u00e9o 1<\/a> : rappels sur la loi binomiale<\/h2>\n<p>Rappels si besoin :<\/p>\n<h3 style=\"padding-left: 30px;\" align=\"left\"><a href=\"https:\/\/youtube.com\/embed\/l9OoHVRpM8U\">Vid\u00e9o 1\u00e8re STMG<\/a> : Calculer une loi Binomiale avec une calculatrice<\/h3>\n<p style=\"padding-left: 30px;\"><a href=\"http:\/\/mathsguyon.fr\/?page_id=2926\">L&rsquo;ensemble du cours de 1\u00e8re sur la loi Binomiale<\/a><\/p>\n<h2><a href=\"https:\/\/youtube.com\/embed\/UI3wnIFBtIE\">Vid\u00e9o 2<\/a> : Approximation de la loi binomiale par la loi binomiale<\/h2>\n<h1 style=\"text-align: center;\"><a href=\"https:\/\/test.quiziniere.com\/#\/Exercice\/VRAYGP\">QCM n\u00b01<\/a><\/h1>\n<h2><a href=\"https:\/\/youtube.com\/embed\/UI3wnIFBtIE\">Vid\u00e9o 3<\/a> : Propri\u00e9t\u00e9s de la courbe de la loi normale<\/h2>\n<h2>Vid\u00e9o 4 : Calculer une probabilit\u00e9 avec la loi normale (Tutoriel avec calculatrice Casio)<\/h2>\n<h2>Vid\u00e9o 5 :<\/h2>\n","protected":false},"excerpt":{"rendered":"<p>Le cours \u00e0 trou\u00a0\u00a0\u00a0\u00a0\u00a0\u00a0Le plan de travail &nbsp; Vid\u00e9o 1 : rappels sur la loi binomiale Rappels si besoin : Vid\u00e9o 1\u00e8re STMG : Calculer une loi Binomiale avec une calculatrice L&rsquo;ensemble du cours de 1\u00e8re sur la loi Binomiale &hellip; <a href=\"https:\/\/mathsguyon.fr\/?page_id=4322\">Continuer la lecture <span class=\"meta-nav\">&rarr;<\/span><\/a><\/p>\n","protected":false},"author":1,"featured_media":0,"parent":0,"menu_order":0,"comment_status":"closed","ping_status":"closed","template":"","meta":{"footnotes":""},"class_list":["post-4322","page","type-page","status-publish","hentry"],"_links":{"self":[{"href":"https:\/\/mathsguyon.fr\/index.php?rest_route=\/wp\/v2\/pages\/4322","targetHints":{"allow":["GET"]}}],"collection":[{"href":"https:\/\/mathsguyon.fr\/index.php?rest_route=\/wp\/v2\/pages"}],"about":[{"href":"https:\/\/mathsguyon.fr\/index.php?rest_route=\/wp\/v2\/types\/page"}],"author":[{"embeddable":true,"href":"https:\/\/mathsguyon.fr\/index.php?rest_route=\/wp\/v2\/users\/1"}],"replies":[{"embeddable":true,"href":"https:\/\/mathsguyon.fr\/index.php?rest_route=%2Fwp%2Fv2%2Fcomments&post=4322"}],"version-history":[{"count":6,"href":"https:\/\/mathsguyon.fr\/index.php?rest_route=\/wp\/v2\/pages\/4322\/revisions"}],"predecessor-version":[{"id":4350,"href":"https:\/\/mathsguyon.fr\/index.php?rest_route=\/wp\/v2\/pages\/4322\/revisions\/4350"}],"wp:attachment":[{"href":"https:\/\/mathsguyon.fr\/index.php?rest_route=%2Fwp%2Fv2%2Fmedia&parent=4322"}],"curies":[{"name":"wp","href":"https:\/\/api.w.org\/{rel}","templated":true}]}}