{"id":422,"date":"2016-04-28T21:12:20","date_gmt":"2016-04-28T20:12:20","guid":{"rendered":"http:\/\/mathsguyon.fr\/?page_id=422"},"modified":"2018-03-04T21:46:44","modified_gmt":"2018-03-04T20:46:44","slug":"exercice-3-aide-2","status":"publish","type":"page","link":"https:\/\/mathsguyon.fr\/?page_id=422","title":{"rendered":"Exercice 3b : aide"},"content":{"rendered":"<p>Rappel : Pour d\u00e9terminer une fr\u00e9quence, on divise <span style=\"color: #ff0000;\">l&rsquo;effectif \u00e9tudi\u00e9<\/span> par <span style=\"color: #ff0000;\">l&rsquo;effectif total<\/span>.<\/p>\n","protected":false},"excerpt":{"rendered":"<p>Rappel : Pour d\u00e9terminer une fr\u00e9quence, on divise l&rsquo;effectif \u00e9tudi\u00e9 par l&rsquo;effectif total.<\/p>\n","protected":false},"author":1,"featured_media":0,"parent":395,"menu_order":0,"comment_status":"closed","ping_status":"closed","template":"","meta":{"footnotes":""},"class_list":["post-422","page","type-page","status-publish","hentry"],"_links":{"self":[{"href":"https:\/\/mathsguyon.fr\/index.php?rest_route=\/wp\/v2\/pages\/422","targetHints":{"allow":["GET"]}}],"collection":[{"href":"https:\/\/mathsguyon.fr\/index.php?rest_route=\/wp\/v2\/pages"}],"about":[{"href":"https:\/\/mathsguyon.fr\/index.php?rest_route=\/wp\/v2\/types\/page"}],"author":[{"embeddable":true,"href":"https:\/\/mathsguyon.fr\/index.php?rest_route=\/wp\/v2\/users\/1"}],"replies":[{"embeddable":true,"href":"https:\/\/mathsguyon.fr\/index.php?rest_route=%2Fwp%2Fv2%2Fcomments&post=422"}],"version-history":[{"count":2,"href":"https:\/\/mathsguyon.fr\/index.php?rest_route=\/wp\/v2\/pages\/422\/revisions"}],"predecessor-version":[{"id":456,"href":"https:\/\/mathsguyon.fr\/index.php?rest_route=\/wp\/v2\/pages\/422\/revisions\/456"}],"up":[{"embeddable":true,"href":"https:\/\/mathsguyon.fr\/index.php?rest_route=\/wp\/v2\/pages\/395"}],"wp:attachment":[{"href":"https:\/\/mathsguyon.fr\/index.php?rest_route=%2Fwp%2Fv2%2Fmedia&parent=422"}],"curies":[{"name":"wp","href":"https:\/\/api.w.org\/{rel}","templated":true}]}}