{"id":4142,"date":"2018-01-30T22:40:08","date_gmt":"2018-01-30T21:40:08","guid":{"rendered":"http:\/\/mathsguyon.fr\/?page_id=4142"},"modified":"2019-04-10T14:12:24","modified_gmt":"2019-04-10T13:12:24","slug":"exercices-supplementaires-derivation","status":"publish","type":"page","link":"https:\/\/mathsguyon.fr\/?page_id=4142","title":{"rendered":"Les exercices fondamentaux : les d\u00e9riv\u00e9es"},"content":{"rendered":"<h3 style=\"text-align: center;\"><span style=\"color: #000000;\"><em>Travaillez vous-m\u00eame ces exercices <\/em><\/span><\/h3>\n<h3 style=\"text-align: center;\"><span style=\"color: #000000;\"><em>avant de voir la correction en vid\u00e9o ci-dessous.<\/em><\/span><\/h3>\n<h3 style=\"text-align: center;\"><span style=\"color: #000000;\"><em>Bon courage.<\/em><\/span><\/h3>\n<h2><span style=\"color: #800000;\"><strong>Exercice 1 :<\/strong><\/span><\/h2>\n<p><span style=\"color: #000000;\">Calculer la d\u00e9riv\u00e9e de la fonction $$f$$ d\u00e9finie sur $$\\mathbb{R}$$ par :<\/span><\/p>\n<p><span style=\"color: #000000;\"> $$f(x) = 3x^{3}-4x^{2}+5x-1$$<\/span> \u00a0 \u00a0 \u00a0 \u00a0 \u00a0<strong>\u00a0 <a href=\"https:\/\/youtube.com\/embed\/uFHqtGqWIN8\">Correction vid\u00e9o<\/a><\/strong><\/p>\n<h2><span style=\"color: #800000;\"><strong>Exercice 2 :<\/strong><\/span><\/h2>\n<p><span style=\"color: #000000;\">Calculer la d\u00e9riv\u00e9e de la fonction $$f$$ d\u00e9finie sur $$]3;+\\infty[$$ par :<\/span><\/p>\n<p><span style=\"color: #000000;\"> $$f(x)=\\dfrac{x^{2}-1}{3-x}$$\u00a0\u00a0\u00a0\u00a0\u00a0\u00a0\u00a0\u00a0\u00a0\u00a0\u00a0 <\/span><strong><span style=\"color: #800000;\"><a style=\"color: #800000;\" href=\"https:\/\/youtube.com\/embed\/Y9iLc_UdL0g\">Correction vid\u00e9o<\/a><\/span><\/strong><\/p>\n<h2><span style=\"color: #800000;\"><strong>Exercice 3 :<\/strong><\/span><\/h2>\n<p><span style=\"color: #000000;\">Calculer la d\u00e9riv\u00e9e de la fonction<\/span> <span style=\"color: #000000;\"> $$f$$ d\u00e9finie <\/span>sur $$]0;+\\infty[$$ <span style=\"color: #000000;\">par : <\/span><\/p>\n<p><span style=\"color: #000000;\">$$f(x) = \\dfrac{x^{3}}{4} &#8211; \\dfrac{1}{x}$$\u00a0\u00a0\u00a0\u00a0\u00a0\u00a0\u00a0\u00a0\u00a0\u00a0\u00a0\u00a0\u00a0<strong> <a href=\"https:\/\/youtube.com\/embed\/zFEy8oGdZAQ\">Correction vid\u00e9o<\/a><\/strong><br \/>\n<\/span><\/p>\n<h2><strong><span style=\"color: #800000;\">Exercice 4 :<\/span><\/strong><\/h2>\n<p><span style=\"color: #000000;\">\u00c9tudier les variations de la fonction $$f$$ d\u00e9finie sur $$\\mathbb{R}$$ par :<\/span><\/p>\n<p><span style=\"color: #000000;\">$$f(x) = x^{3}-x^{2}+x-1$$ \u00a0 \u00a0<\/span> \u00a0 \u00a0 \u00a0 \u00a0 \u00a0 \u00a0 \u00a0 \u00a0 \u00a0 <strong>\u00a0 <a href=\"https:\/\/youtube.com\/embed\/X9Njv9-v4Yw\">Correction vid\u00e9o<\/a><span style=\"color: #000000;\">\u00a0<\/span><\/strong><\/p>\n<h2><span style=\"color: #800000;\"><strong>Exercice 5 :<\/strong><\/span><\/h2>\n<p>On a repr\u00e9sent\u00e9 ci-dessous, la courbe $$\\mathcal{C}_f$$ repr\u00e9sentative d&rsquo;une fonction $$f$$ d\u00e9finie et d\u00e9rivable sur $$\\mathbb{R}$$ ainsi que les tangentes \u00e0 la courbe $$\\mathcal{C}_f$$ aux points $$A$$ et $$B$$ d&rsquo;abscisses respectives $$-3$$ et 1.<\/p>\n<p><img loading=\"lazy\" decoding=\"async\" class=\"alignnone size-full wp-image-5639\" src=\"http:\/\/mathsguyon.fr\/wp-content\/uploads\/2019\/04\/derivee.png\" alt=\"\" width=\"482\" height=\"190\" srcset=\"https:\/\/mathsguyon.fr\/wp-content\/uploads\/2019\/04\/derivee.png 482w, https:\/\/mathsguyon.fr\/wp-content\/uploads\/2019\/04\/derivee-300x118.png 300w\" sizes=\"auto, (max-width: 482px) 100vw, 482px\" \/><\/p>\n<h2><strong>\u00a0<\/strong><\/h2>\n<p><strong>1.<\/strong> On note <em>$$f$$<\/em> la fonction d\u00e9riv\u00e9e de la fonction $$f$$.<\/p>\n<p>D\u00e9terminer graphiquement $$f'(1)$$ et $$f'(-3)$$.<\/p>\n<p><strong>2<\/strong>. On sait que $$f'(0)=1$$ et que le point $$C$$ de coordonn\u00e9es $$C\\left(0;\\dfrac{3}{2}\\right)$$ appartient \u00e0 $$\\mathcal{C}_f$$.<\/p>\n<p>Le point $$D$$ de coordonn\u00e9es $$D\\left(-1 ; \\dfrac{1}{2}\\right)$$ appartient-il \u00e0 la tangente au point d&rsquo;abscisse 0 de $$\\mathcal{C}_f$$ ?<\/p>\n<p><strong>3<\/strong>. La proposition $$f'(-2) \\leqslant f'(3)$$ est-elle vraie ? Justifier graphiquement.<\/p>\n<h2 style=\"text-align: center;\"><a href=\"https:\/\/youtube.com\/embed\/5mNKerVfbSs\"><strong>Correction en vid\u00e9o<\/strong><\/a><\/h2>\n<h2><strong>Exercice 6 :<\/strong><\/h2>\n<p>&nbsp;<\/p>\n<p>Soit $$f$$ la fonction d\u00e9finie sur $$\\mathbb{R}$$ par $$f(x)=\\dfrac{5x-3}{x^2+x+1}$$.<\/p>\n<p>On note $$\\mathcal{C}_f$$ sa courbe repr\u00e9sentative dans le plan muni d&rsquo;un rep\u00e8re.<\/p>\n<p>&nbsp;<\/p>\n<ol>\n<li>On note $$f&rsquo;$$ la d\u00e9riv\u00e9e de la fonction $$f$$, montrer que $$f'(x)=\\dfrac{-5x^{2}+6x+8}{\\left( x^2+x+1\\right)^{2}}$$.\u00a0 <strong><span style=\"color: #800000;\"><a style=\"color: #800000;\" href=\"https:\/\/youtube.com\/embed\/AdxBZ56cVuM\">Correction vid\u00e9o<\/a><\/span><\/strong><\/li>\n<li>\u00c9tudier les variations de la fonction $$f$$. <strong><span style=\"color: #800000;\"><a style=\"color: #800000;\" href=\"https:\/\/youtube.com\/embed\/yrAG6IPFvO8\">Correction vid\u00e9o<\/a><\/span><\/strong><\/li>\n<li>Donner une \u00e9quation de la tangente $$T$$ \u00e0 la courbe $$C_f$$ au point $$A$$ d&rsquo;abscisse $$-\\dfrac{3}{2}$$. <strong><span style=\"color: #800000;\"><a style=\"color: #800000;\" href=\"https:\/\/youtube.com\/embed\/GS5v_G2qAp0\">Correction vid\u00e9o<\/a><\/span><\/strong><\/li>\n<\/ol>\n<hr \/>\n<ul>\n<li>\n<h2><span style=\"color: #000000;\"><a style=\"color: #000000;\" href=\"http:\/\/mathsguyon.fr\/wp-content\/uploads\/2018\/01\/prem_es_chap3_exos.pdf\">Exercices corrig\u00e9s pdf calculs d\u00e9riv\u00e9es\u00a0 (source Olivier Brachet)<\/a><\/span><\/h2>\n<\/li>\n<li>\n<h2><span style=\"color: #000000;\">\u00c9tudier les variations de $$f(x) = x^2 &#8211; 6 x + 1$$\u00a0<span style=\"color: #800000;\">\u00a0\u00a0\u00a0\u00a0 <a style=\"color: #800000;\" href=\"http:\/\/mathsguyon.fr\/?page_id=4160\">Corrig\u00e9 en pdf<\/a><\/span><br \/>\n<\/span><\/h2>\n<\/li>\n<li>\n<h2><span style=\"color: #000000;\">\u00c9tudier les variations de $$f(x) = -x^3-x^2+x+1$$\u00a0 \u00a0 \u00a0\u00a0 <a style=\"color: #000000;\" href=\"http:\/\/mathsguyon.fr\/?page_id=4162\"><span style=\"color: #800000;\">Corrig\u00e9 en pdf<\/span><\/a><\/span><\/h2>\n<\/li>\n<li>\n<h2><span style=\"color: #000000;\">\u00c9tudier les variations de $$f(x) = \\frac{x}{x^2+1}$$ \u00a0 \u00a0 \u00a0 <a style=\"color: #000000;\" href=\"http:\/\/mathsguyon.fr\/?page_id=4164\"><span style=\"color: #800000;\">Corrig\u00e9 en pdf<\/span><\/a><\/span><\/h2>\n<\/li>\n<\/ul>\n<div>\n<div id=\"container\" class=\"style-scope ytd-playlist-panel-video-renderer\"><\/div>\n<div id=\"content\" class=\"style-scope ytd-playlist-video-renderer\">\n<div id=\"mouseover-overlay\" class=\"style-scope ytd-thumbnail\"><\/div>\n<div id=\"overlays\" class=\"style-scope ytd-thumbnail\">\n<div id=\"progress\" class=\"style-scope ytd-thumbnail-overlay-resume-playback-renderer\"><\/div>\n<\/div>\n<\/div>\n<div id=\"content\" class=\"style-scope ytd-playlist-video-renderer\">\n<div id=\"offer-button\" class=\"style-scope ytd-playlist-video-renderer\"><\/div>\n<\/div>\n<div id=\"content\" class=\"style-scope ytd-playlist-video-renderer\">\n<div id=\"mouseover-overlay\" class=\"style-scope ytd-thumbnail\"><\/div>\n<div id=\"overlays\" class=\"style-scope ytd-thumbnail\">\n<div id=\"progress\" class=\"style-scope ytd-thumbnail-overlay-resume-playback-renderer\"><\/div>\n<\/div>\n<\/div>\n<\/div>\n","protected":false},"excerpt":{"rendered":"<p>Travaillez vous-m\u00eame ces exercices avant de voir la correction en vid\u00e9o ci-dessous. Bon courage. Exercice 1 : Calculer la d\u00e9riv\u00e9e de la fonction $$f$$ d\u00e9finie sur $$\\mathbb{R}$$ par : $$f(x) = 3x^{3}-4x^{2}+5x-1$$ \u00a0 \u00a0 \u00a0 \u00a0 \u00a0\u00a0 Correction vid\u00e9o Exercice &hellip; <a href=\"https:\/\/mathsguyon.fr\/?page_id=4142\">Continuer la lecture <span class=\"meta-nav\">&rarr;<\/span><\/a><\/p>\n","protected":false},"author":1,"featured_media":0,"parent":2139,"menu_order":0,"comment_status":"closed","ping_status":"closed","template":"","meta":{"footnotes":""},"class_list":["post-4142","page","type-page","status-publish","hentry"],"_links":{"self":[{"href":"https:\/\/mathsguyon.fr\/index.php?rest_route=\/wp\/v2\/pages\/4142","targetHints":{"allow":["GET"]}}],"collection":[{"href":"https:\/\/mathsguyon.fr\/index.php?rest_route=\/wp\/v2\/pages"}],"about":[{"href":"https:\/\/mathsguyon.fr\/index.php?rest_route=\/wp\/v2\/types\/page"}],"author":[{"embeddable":true,"href":"https:\/\/mathsguyon.fr\/index.php?rest_route=\/wp\/v2\/users\/1"}],"replies":[{"embeddable":true,"href":"https:\/\/mathsguyon.fr\/index.php?rest_route=%2Fwp%2Fv2%2Fcomments&post=4142"}],"version-history":[{"count":57,"href":"https:\/\/mathsguyon.fr\/index.php?rest_route=\/wp\/v2\/pages\/4142\/revisions"}],"predecessor-version":[{"id":5661,"href":"https:\/\/mathsguyon.fr\/index.php?rest_route=\/wp\/v2\/pages\/4142\/revisions\/5661"}],"up":[{"embeddable":true,"href":"https:\/\/mathsguyon.fr\/index.php?rest_route=\/wp\/v2\/pages\/2139"}],"wp:attachment":[{"href":"https:\/\/mathsguyon.fr\/index.php?rest_route=%2Fwp%2Fv2%2Fmedia&parent=4142"}],"curies":[{"name":"wp","href":"https:\/\/api.w.org\/{rel}","templated":true}]}}