{"id":3904,"date":"2017-12-13T22:11:25","date_gmt":"2017-12-13T21:11:25","guid":{"rendered":"http:\/\/mathsguyon.fr\/?page_id=3904"},"modified":"2023-02-20T00:07:05","modified_gmt":"2023-02-19T23:07:05","slug":"coordonnees-dans-le-plan","status":"publish","type":"page","link":"https:\/\/mathsguyon.fr\/?page_id=3904","title":{"rendered":"G\u00e9om\u00e9trie"},"content":{"rendered":"<h1 style=\"text-align: center;\"><a href=\"http:\/\/mathsguyon.fr\/wp-content\/uploads\/2023\/02\/Cours_rappels_geom.pdf\">Cours en pdf<\/a> \u00a0\u00a0\u00a0\u00a0\u00a0 &#8211; \u00a0\u00a0\u00a0\u00a0 <a href=\"https:\/\/www.dropbox.com\/s\/v650puvavt11j6i\/PDT2023_geoplane.pdf?dl=0\">Plan de Travail en pdf avec correction<\/a><\/h1>\n<h1 style=\"text-align: left;\"><span style=\"color: #800000;\"><strong>Les droites remarquables<\/strong><\/span><\/h1>\n<ul style=\"text-align: left;\">\n<li>\n<h2><a href=\"https:\/\/youtube.com\/embed\/9YaQJRzc3ns\">Vid\u00e9o 1<\/a> : D\u00e9finitions<\/h2>\n<\/li>\n<li style=\"text-align: left;\">\n<h2><a href=\"https:\/\/youtube.com\/embed\/WR9khXmSSEE\">Vid\u00e9o 2<\/a> : Propri\u00e9t\u00e9s<\/h2>\n<\/li>\n<li style=\"text-align: left;\">\n<h2>QCM 1 : <a href=\"https:\/\/link.dgpad.net\/wdy7\">Identifi\u00e9\u00a0<\/a> &#8212;\u00a0 <a href=\"https:\/\/link.dgpad.net\/UNGM\">Anonyme<\/a><\/h2>\n<\/li>\n<\/ul>\n<h1 style=\"text-align: left;\"><span style=\"color: #800000;\"><strong>Le projet\u00e9 orthogonal :<\/strong><\/span><\/h1>\n<ul style=\"text-align: left;\">\n<li>\n<h2><a href=\"https:\/\/youtube.com\/embed\/yeex5ey6Bwg?rel=0\">Vid\u00e9o 3 :<\/a> D\u00e9monstration fondamentale<\/h2>\n<\/li>\n<li>\n<h2>QCM 2 : <a href=\"https:\/\/link.dgpad.net\/A6ES\">Identifi\u00e9<\/a> &#8211; <a href=\"https:\/\/link.dgpad.net\/M6y1\">Anonyme<\/a><\/h2>\n<\/li>\n<\/ul>\n<h1 style=\"text-align: left;\"><span style=\"color: #800000;\"><strong>Les Quadrilat\u00e8res :<\/strong><\/span><\/h1>\n<ul style=\"text-align: left;\">\n<li>\n<h2><a href=\"https:\/\/youtube.com\/embed\/neAbjXJFlCI\">Vid\u00e9o <\/a>4 : D\u00e9finitions et propri\u00e9t\u00e9s<\/h2>\n<\/li>\n<li>\n<h2>QCM 3 : <a href=\"https:\/\/link.dgpad.net\/HE9c\">Identifi\u00e9\u00a0<\/a> &#8212;\u00a0 <a href=\"https:\/\/link.dgpad.net\/RqsC\">Anonyme<\/a><\/h2>\n<\/li>\n<\/ul>\n<h1 style=\"text-align: left;\"><strong><span style=\"color: #800000;\">Trigonom\u00e9trie :<\/span><\/strong><\/h1>\n<ul style=\"text-align: left;\">\n<li>\n<h2><a href=\"https:\/\/youtube.com\/embed\/Ybja4Cn_E1g?rel=0\">Vid\u00e9o 5<\/a> : Propri\u00e9t\u00e9 fondamentale<\/h2>\n<\/li>\n<\/ul>\n<h1 style=\"text-align: left;\"><strong><span style=\"color: #800000;\">G\u00e9om\u00e9trie dans le plan rep\u00e9r\u00e9 :<br \/>\n<\/span><\/strong><\/h1>\n<ul>\n<li style=\"text-align: left;\">\n<h2><a href=\"https:\/\/youtube.com\/embed\/BzVd2toawFg\">Vid\u00e9o 6 <\/a>: Rep\u00e8res et coordonn\u00e9es<\/h2>\n<\/li>\n<li style=\"text-align: left;\">\n<h2>QCM 4 : <a href=\"https:\/\/link.dgpad.net\/c36Z\">Identifi\u00e9\u00a0<\/a> &#8211; <a href=\"https:\/\/link.dgpad.net\/sFti\">Anonyme<\/a><\/h2>\n<\/li>\n<li style=\"text-align: left;\">\n<h2><a href=\"https:\/\/youtube.com\/embed\/vPzKH4Zlw4o\">Vid\u00e9o 7<\/a> : Milieu d&rsquo;un segment<\/h2>\n<\/li>\n<li style=\"text-align: left;\">\n<h2>QCM 5 : <a href=\"https:\/\/link.dgpad.net\/hn8z\">Identifi\u00e9\u00a0<\/a> &#8211; <a href=\"https:\/\/link.dgpad.net\/erBE\">Anonyme<\/a><\/h2>\n<\/li>\n<li style=\"text-align: left;\">\n<h2><a href=\"https:\/\/youtube.com\/embed\/TmnbsxZQxzc\">Vid\u00e9o 8 :<\/a> Distance entre deux points<\/h2>\n<\/li>\n<li>\n<h2 style=\"text-align: left;\">QCM 6 : <a href=\"https:\/\/link.dgpad.net\/74gj\">Identifi\u00e9\u00a0<\/a> &#8211; <a href=\"https:\/\/link.dgpad.net\/c1HY\">Anonyme<\/a><\/h2>\n<\/li>\n<\/ul>\n<h2 style=\"text-align: center;\"><\/h2>\n","protected":false},"excerpt":{"rendered":"<p>Cours en pdf \u00a0\u00a0\u00a0\u00a0\u00a0 &#8211; \u00a0\u00a0\u00a0\u00a0 Plan de Travail en pdf avec correction Les droites remarquables Vid\u00e9o 1 : D\u00e9finitions Vid\u00e9o 2 : Propri\u00e9t\u00e9s QCM 1 : Identifi\u00e9\u00a0 &#8212;\u00a0 Anonyme Le projet\u00e9 orthogonal : Vid\u00e9o 3 : D\u00e9monstration fondamentale QCM &hellip; <a href=\"https:\/\/mathsguyon.fr\/?page_id=3904\">Continuer la lecture <span class=\"meta-nav\">&rarr;<\/span><\/a><\/p>\n","protected":false},"author":1,"featured_media":0,"parent":0,"menu_order":0,"comment_status":"closed","ping_status":"closed","template":"","meta":{"footnotes":""},"class_list":["post-3904","page","type-page","status-publish","hentry"],"_links":{"self":[{"href":"https:\/\/mathsguyon.fr\/index.php?rest_route=\/wp\/v2\/pages\/3904","targetHints":{"allow":["GET"]}}],"collection":[{"href":"https:\/\/mathsguyon.fr\/index.php?rest_route=\/wp\/v2\/pages"}],"about":[{"href":"https:\/\/mathsguyon.fr\/index.php?rest_route=\/wp\/v2\/types\/page"}],"author":[{"embeddable":true,"href":"https:\/\/mathsguyon.fr\/index.php?rest_route=\/wp\/v2\/users\/1"}],"replies":[{"embeddable":true,"href":"https:\/\/mathsguyon.fr\/index.php?rest_route=%2Fwp%2Fv2%2Fcomments&post=3904"}],"version-history":[{"count":27,"href":"https:\/\/mathsguyon.fr\/index.php?rest_route=\/wp\/v2\/pages\/3904\/revisions"}],"predecessor-version":[{"id":9054,"href":"https:\/\/mathsguyon.fr\/index.php?rest_route=\/wp\/v2\/pages\/3904\/revisions\/9054"}],"wp:attachment":[{"href":"https:\/\/mathsguyon.fr\/index.php?rest_route=%2Fwp%2Fv2%2Fmedia&parent=3904"}],"curies":[{"name":"wp","href":"https:\/\/api.w.org\/{rel}","templated":true}]}}