{"id":3800,"date":"2017-11-28T11:01:40","date_gmt":"2017-11-28T10:01:40","guid":{"rendered":"http:\/\/mathsguyon.fr\/?page_id=3800"},"modified":"2017-12-18T11:05:22","modified_gmt":"2017-12-18T10:05:22","slug":"fonctions-polynomes","status":"publish","type":"page","link":"https:\/\/mathsguyon.fr\/?page_id=3800","title":{"rendered":"\u00c9tude de fonctions"},"content":{"rendered":"<h1 style=\"text-align: center;\"><span style=\"color: #800000;\">Cours :<\/span><\/h1>\n<h3 style=\"text-align: center;\">Ce chapitre reprend les notions abord\u00e9es en 1\u00e8re STMG. On pourra reprendre <a href=\"http:\/\/mathsguyon.fr\/?page_id=2391\">le cours<\/a> pour se remettre \u00e0 niveau.<\/h3>\n<h1><a href=\"http:\/\/mathsguyon.fr\/wp-content\/uploads\/2017\/12\/Cours2_trou.pdf\">Cours de terminale \u00e0 trou<\/a><\/h1>\n<hr \/>\n<h1 style=\"text-align: center;\"><span style=\"color: #800000;\">Plan de Travail : rappels<\/span><\/h1>\n<ul>\n<li>\n<h2>Rappels second degr\u00e9 :<a href=\"http:\/\/mathsguyon.fr\/wp-content\/uploads\/2017\/12\/polynomes_rappels_pdt.pdf\">\u00e9nonc\u00e9<\/a><\/h2>\n<\/li>\n<li>\n<h2>Rappels d\u00e9rivations fonctions polyn\u00f4mes : <a href=\"http:\/\/mathsguyon.fr\/wp-content\/uploads\/2017\/12\/Derivation_Tstmg.pdf\">\u00e9nonc\u00e9<\/a><\/h2>\n<\/li>\n<li>\n<h2>Mod\u00e9lisation de fonctions polyn\u00f4mes : <a href=\"http:\/\/mathsguyon.fr\/wp-content\/uploads\/2017\/12\/PDT_modelisation.pdf\">\u00e9nonc\u00e9<\/a><\/h2>\n<\/li>\n<\/ul>\n<hr \/>\n<h1 style=\"text-align: center;\"><span style=\"color: #800000;\">Vid\u00e9os de cours :<\/span><\/h1>\n<p>Vid\u00e9o 1 : D\u00e9riv\u00e9e d&rsquo;un polyn\u00f4me de degr\u00e9 $$n$$<\/p>\n<p><a href=\"https:\/\/youtu.be\/1fOGueiO_zk\">Vid\u00e9o 2<\/a> : \u00c9tude d&rsquo;un polyn\u00f4me de degr\u00e9 3 (exercice corrig\u00e9- vid\u00e9o d&rsquo;Yvan Monka)<\/p>\n<p>Vid\u00e9o 3 : \u00c9tude d&rsquo;un polyn\u00f4me de degr\u00e9 4 (exercice corrig\u00e9)<\/p>\n<p>Vid\u00e9o 4 : Appliquer les \u00e9tudes de fonctions : probl\u00e8me de mod\u00e9lisation (exercice corrig\u00e9)<\/p>\n","protected":false},"excerpt":{"rendered":"<p>Cours : Ce chapitre reprend les notions abord\u00e9es en 1\u00e8re STMG. On pourra reprendre le cours pour se remettre \u00e0 niveau. Cours de terminale \u00e0 trou Plan de Travail : rappels Rappels second degr\u00e9 :\u00e9nonc\u00e9 Rappels d\u00e9rivations fonctions polyn\u00f4mes : &hellip; <a href=\"https:\/\/mathsguyon.fr\/?page_id=3800\">Continuer la lecture <span class=\"meta-nav\">&rarr;<\/span><\/a><\/p>\n","protected":false},"author":1,"featured_media":0,"parent":3064,"menu_order":0,"comment_status":"closed","ping_status":"closed","template":"","meta":{"footnotes":""},"class_list":["post-3800","page","type-page","status-publish","hentry"],"_links":{"self":[{"href":"https:\/\/mathsguyon.fr\/index.php?rest_route=\/wp\/v2\/pages\/3800","targetHints":{"allow":["GET"]}}],"collection":[{"href":"https:\/\/mathsguyon.fr\/index.php?rest_route=\/wp\/v2\/pages"}],"about":[{"href":"https:\/\/mathsguyon.fr\/index.php?rest_route=\/wp\/v2\/types\/page"}],"author":[{"embeddable":true,"href":"https:\/\/mathsguyon.fr\/index.php?rest_route=\/wp\/v2\/users\/1"}],"replies":[{"embeddable":true,"href":"https:\/\/mathsguyon.fr\/index.php?rest_route=%2Fwp%2Fv2%2Fcomments&post=3800"}],"version-history":[{"count":10,"href":"https:\/\/mathsguyon.fr\/index.php?rest_route=\/wp\/v2\/pages\/3800\/revisions"}],"predecessor-version":[{"id":3938,"href":"https:\/\/mathsguyon.fr\/index.php?rest_route=\/wp\/v2\/pages\/3800\/revisions\/3938"}],"up":[{"embeddable":true,"href":"https:\/\/mathsguyon.fr\/index.php?rest_route=\/wp\/v2\/pages\/3064"}],"wp:attachment":[{"href":"https:\/\/mathsguyon.fr\/index.php?rest_route=%2Fwp%2Fv2%2Fmedia&parent=3800"}],"curies":[{"name":"wp","href":"https:\/\/api.w.org\/{rel}","templated":true}]}}