{"id":3665,"date":"2017-11-07T10:55:43","date_gmt":"2017-11-07T09:55:43","guid":{"rendered":"http:\/\/mathsguyon.fr\/?page_id=3665"},"modified":"2022-02-02T00:15:43","modified_gmt":"2022-02-01T23:15:43","slug":"statistiques-a-deux-variables","status":"publish","type":"page","link":"https:\/\/mathsguyon.fr\/?page_id=3665","title":{"rendered":"Statistiques \u00e0 deux variables"},"content":{"rendered":"<h2 style=\"text-align: center;\"><a href=\"http:\/\/mathsguyon.fr\/wp-content\/uploads\/2022\/01\/Stats-2-vav-2022.pdf\">Cours en pdf<\/a><\/h2>\n<h2 style=\"text-align: center;\"><a href=\"http:\/\/mathsguyon.fr\/wp-content\/uploads\/2022\/02\/PDT2.pdf\">Plan De Travail <\/a>\u00a0 \u00a0 \u00a0 <a href=\"https:\/\/www.dropbox.com\/sh\/ht7k11n6fv6rdv3\/AAAAN6QgIlTKoIj6xpJ43M_ka?dl=0\">Correction Plan de travail<\/a><\/h2>\n<h1 style=\"text-align: center;\"><span style=\"color: #800000;\">Vid\u00e9os de cours :<\/span><\/h1>\n<ul>\n<li>\n<h2>Vid\u00e9o 1 : <a href=\"https:\/\/youtube.com\/embed\/w2DSoKl_zRQ\">Introduction<\/a><\/h2>\n<\/li>\n<li>\n<h2>Vid\u00e9o 2 : <a href=\"https:\/\/youtube.com\/embed\/vNpBIxdrelg\">Nuage de points<\/a><\/h2>\n<\/li>\n<li>\n<h2>Vid\u00e9o 3 : <a href=\"https:\/\/youtube.com\/embed\/esXxmD4HKwc\">Principe de la m\u00e9thode des moindre carr\u00e9s<\/a><\/h2>\n<\/li>\n<li>\n<h2>Vid\u00e9o 4 : Ajustement affine \u00e0 la calculatrice Casio<\/h2>\n<\/li>\n<li>\n<h2>Vid\u00e9o 5 : R\u00e9solution d&rsquo;un probl\u00e8me type bac<\/h2>\n<\/li>\n<\/ul>\n","protected":false},"excerpt":{"rendered":"<p>Cours en pdf Plan De Travail \u00a0 \u00a0 \u00a0 Correction Plan de travail Vid\u00e9os de cours : Vid\u00e9o 1 : Introduction Vid\u00e9o 2 : Nuage de points Vid\u00e9o 3 : Principe de la m\u00e9thode des moindre carr\u00e9s Vid\u00e9o 4 : &hellip; <a href=\"https:\/\/mathsguyon.fr\/?page_id=3665\">Continuer la lecture <span class=\"meta-nav\">&rarr;<\/span><\/a><\/p>\n","protected":false},"author":1,"featured_media":0,"parent":3064,"menu_order":0,"comment_status":"closed","ping_status":"closed","template":"","meta":{"footnotes":""},"class_list":["post-3665","page","type-page","status-publish","hentry"],"_links":{"self":[{"href":"https:\/\/mathsguyon.fr\/index.php?rest_route=\/wp\/v2\/pages\/3665","targetHints":{"allow":["GET"]}}],"collection":[{"href":"https:\/\/mathsguyon.fr\/index.php?rest_route=\/wp\/v2\/pages"}],"about":[{"href":"https:\/\/mathsguyon.fr\/index.php?rest_route=\/wp\/v2\/types\/page"}],"author":[{"embeddable":true,"href":"https:\/\/mathsguyon.fr\/index.php?rest_route=\/wp\/v2\/users\/1"}],"replies":[{"embeddable":true,"href":"https:\/\/mathsguyon.fr\/index.php?rest_route=%2Fwp%2Fv2%2Fcomments&post=3665"}],"version-history":[{"count":9,"href":"https:\/\/mathsguyon.fr\/index.php?rest_route=\/wp\/v2\/pages\/3665\/revisions"}],"predecessor-version":[{"id":8724,"href":"https:\/\/mathsguyon.fr\/index.php?rest_route=\/wp\/v2\/pages\/3665\/revisions\/8724"}],"up":[{"embeddable":true,"href":"https:\/\/mathsguyon.fr\/index.php?rest_route=\/wp\/v2\/pages\/3064"}],"wp:attachment":[{"href":"https:\/\/mathsguyon.fr\/index.php?rest_route=%2Fwp%2Fv2%2Fmedia&parent=3665"}],"curies":[{"name":"wp","href":"https:\/\/api.w.org\/{rel}","templated":true}]}}