{"id":3341,"date":"2017-06-20T22:10:20","date_gmt":"2017-06-20T21:10:20","guid":{"rendered":"http:\/\/mathsguyon.fr\/?page_id=3341"},"modified":"2017-06-21T11:28:04","modified_gmt":"2017-06-21T10:28:04","slug":"classe-inversee","status":"publish","type":"page","link":"https:\/\/mathsguyon.fr\/?page_id=3341","title":{"rendered":"Classe invers\u00e9e"},"content":{"rendered":"<h1>Pr\u00e9sentation du principe de la classe invers\u00e9e :<\/h1>\n<h1><a href=\"http:\/\/mathsguyon.fr\/wp-content\/uploads\/2017\/06\/lemoine0001.pdf\">Article de Nicolas Lemoine paru dans le n\u00b058 de la revue PLOT de l&rsquo;APMEP<\/a><\/h1>\n","protected":false},"excerpt":{"rendered":"<p>Pr\u00e9sentation du principe de la classe invers\u00e9e : Article de Nicolas Lemoine paru dans le n\u00b058 de la revue PLOT de l&rsquo;APMEP<\/p>\n","protected":false},"author":1,"featured_media":0,"parent":0,"menu_order":0,"comment_status":"closed","ping_status":"closed","template":"","meta":{"footnotes":""},"class_list":["post-3341","page","type-page","status-publish","hentry"],"_links":{"self":[{"href":"https:\/\/mathsguyon.fr\/index.php?rest_route=\/wp\/v2\/pages\/3341","targetHints":{"allow":["GET"]}}],"collection":[{"href":"https:\/\/mathsguyon.fr\/index.php?rest_route=\/wp\/v2\/pages"}],"about":[{"href":"https:\/\/mathsguyon.fr\/index.php?rest_route=\/wp\/v2\/types\/page"}],"author":[{"embeddable":true,"href":"https:\/\/mathsguyon.fr\/index.php?rest_route=\/wp\/v2\/users\/1"}],"replies":[{"embeddable":true,"href":"https:\/\/mathsguyon.fr\/index.php?rest_route=%2Fwp%2Fv2%2Fcomments&post=3341"}],"version-history":[{"count":4,"href":"https:\/\/mathsguyon.fr\/index.php?rest_route=\/wp\/v2\/pages\/3341\/revisions"}],"predecessor-version":[{"id":3351,"href":"https:\/\/mathsguyon.fr\/index.php?rest_route=\/wp\/v2\/pages\/3341\/revisions\/3351"}],"wp:attachment":[{"href":"https:\/\/mathsguyon.fr\/index.php?rest_route=%2Fwp%2Fv2%2Fmedia&parent=3341"}],"curies":[{"name":"wp","href":"https:\/\/api.w.org\/{rel}","templated":true}]}}